{"id":2068,"date":"2019-09-02T07:23:45","date_gmt":"2019-09-02T07:23:45","guid":{"rendered":"https:\/\/crocusconsult.com\/?page_id=2068"},"modified":"2023-12-09T13:05:05","modified_gmt":"2023-12-09T13:05:05","slug":"company","status":"publish","type":"page","link":"https:\/\/crocusconsult.com\/?page_id=2068&lang=de","title":{"rendered":"Unternehmen"},"content":{"rendered":"<div>\n<h1>Innovative L\u00f6sungen, die Ihr Unternehmen voranbringen<\/h1>\n<\/div>\n<h2>Ein wenig Geschichte<br \/>Hinter unserem<br \/>Unternehmen<\/h2>\n<div>\n<p>        <img decoding=\"async\" src=\"\/wp-content\/uploads\/2023\/11\/RASIM-1.png\" alt=\"\"><\/p>\n<div>Herr Rasim Alizada<\/div>\n<p>Gr\u00fcnder &#038; CEO<\/p>\n<\/div>\n<div>\n<p>Es war ein langer Weg vom Abschluss der Universit\u00e4t f\u00fcr Bauingenieurwesen und Architektur im Jahr 1992 mit Auszeichnung bis zur Er\u00f6ffnung von Fast-Food-Restaurantketten wie McDonald&#8217;s, KFC, Burger King und Pizza Hut in f\u00fcnf verschiedenen L\u00e4ndern von Null an. Dies war eine enorme Erfahrung f\u00fcr die Gr\u00fcndung von Crocus Consult. Die Entscheidung, ein Partnerunternehmen f\u00fcr Restaurants und Caf\u00e9s zu gr\u00fcnden, wurde in erster Linie durch die Bed\u00fcrfnisse und Anforderungen von Franchisenehmern, Top-Managern und Eigent\u00fcmern sowohl von Fastfood-Restaurantketten als auch von einzelnen Caf\u00e9s und Restaurants bestimmt. Unsere Kunden w\u00e4hlen unsere Dienstleistungen, um Restauranter\u00f6ffnungen zu vereinfachen und finanzielle Ressourcen zu sparen. Wir agieren als Hauptauftragnehmer und beauftragen Subunternehmer, die wir f\u00fcr das Projekt ben\u00f6tigen. Au\u00dferdem wissen wir fast alles \u00fcber die Ausstattung, die Einrichtung und das Mobiliar Ihres k\u00fcnftigen Restaurants. Wir arbeiten mit gro\u00dfen Bau- und Ausr\u00fcstungsfirmen zusammen, bei denen wir erhebliche Rabatte erhalten, die wir Ihnen zus\u00e4tzlich anbieten. Mein Team ist ein gro\u00dfartiges Team, mit dem ich seit \u00fcber zwanzig Jahren zusammenarbeite. Jeder von ihnen wurde von gro\u00dfen Ausr\u00fcstungslieferanten wie Franke, Duke usw. zertifiziert. Au\u00dferdem habe ich in den letzten 20 Jahren zahlreiche Kurse und Schulungen bei McDonald&#8217;s, KFC und Burger King erfolgreich absolviert. Eines unserer Hauptziele ist es, die Kosten f\u00fcr die Er\u00f6ffnung eines neuen Restaurants zu senken, ohne die Qualit\u00e4t der ausgef\u00fchrten Arbeiten zu beeintr\u00e4chtigen, weshalb wir alle Bauphasen und die verwendeten Materialien vollst\u00e4ndig kontrollieren. Wir k\u00fcmmern uns auch um die Bestellung und den Transport von FF&amp;E (Furniture, Fixtures and Equipment) und sp\u00e4ter um die Installation und Inbetriebnahme des neuen Restaurants. Bei Bedarf k\u00fcmmern wir uns j\u00e4hrlich um die Betriebsmittel, um unerwartete Ausf\u00e4lle im Betrieb der Einrichtung zu vermeiden. Wir haben die M\u00f6glichkeit, in allen EU-L\u00e4ndern zu arbeiten, und wir sind als Crocus Consult Team immer bereit, Sie dabei zu unterst\u00fctzen, Ihr Gesch\u00e4ft effizienter und effektiver zu gestalten.<\/p>\n<\/div>\n<ul>\n<li>\n<p>        <img decoding=\"async\" src=\"\/wp-content\/uploads\/2023\/11\/mcd1.png\" alt=\"\"><\/p>\n<\/li>\n<li>\n<p>        <img decoding=\"async\" src=\"\/wp-content\/uploads\/2023\/11\/IMG_2041.jpg\" alt=\"\"><\/p>\n<\/li>\n<li>\n<p>        <img decoding=\"async\" src=\"\/wp-content\/uploads\/2023\/11\/333-1.png\" alt=\"\"><\/p>\n<\/li>\n<li>\n<p>        <img decoding=\"async\" src=\"\/wp-content\/uploads\/2023\/11\/mcdonalds.jpg\" alt=\"\"><\/p>\n<\/li>\n<li>\n<p>        <img decoding=\"async\" src=\"\/wp-content\/uploads\/2023\/11\/IMG_2027.jpg\" alt=\"\"><\/p>\n<\/li>\n<li>\n<p>        <img decoding=\"async\" src=\"\/wp-content\/uploads\/2023\/11\/IMG_2044.jpg\" alt=\"\"><\/p>\n<\/li>\n<li>\n<p>        <img decoding=\"async\" src=\"\/wp-content\/uploads\/2023\/11\/11111.jpg\" alt=\"\"><\/p>\n<\/li>\n<li>\n<p>        <img decoding=\"async\" src=\"\/wp-content\/uploads\/2023\/11\/IMG_2025.jpg\" alt=\"\"><\/p>\n<\/li>\n<li>\n<p>        <img decoding=\"async\" src=\"\/wp-content\/uploads\/2023\/11\/IMG_2038.jpg\" alt=\"\"><\/p>\n<\/li>\n<li>\n<p>        <img decoding=\"async\" src=\"\/wp-content\/uploads\/2023\/11\/2-2.jpg\" alt=\"\"><\/p>\n<\/li>\n<li>\n<p>        <img decoding=\"async\" src=\"\/wp-content\/uploads\/2023\/11\/6-1.jpg\" alt=\"\"><\/p>\n<\/li>\n<li>\n<p>        <img decoding=\"async\" src=\"\/wp-content\/uploads\/2023\/11\/8.jpg\" alt=\"\"><\/p>\n<\/li>\n<li>\n<p>        <img decoding=\"async\" src=\"\/wp-content\/uploads\/2023\/11\/IMG_2043.jpg\" alt=\"\"><\/p>\n<\/li>\n<li>\n<p>        <img decoding=\"async\" src=\"\/wp-content\/uploads\/2023\/11\/5-1.jpg\" alt=\"\"><\/p>\n<\/li>\n<li>\n<p>        <img decoding=\"async\" src=\"\/wp-content\/uploads\/2023\/11\/IMG_2050-scaled.jpg\" alt=\"\"><\/p>\n<\/li>\n<li>\n<p>        <img decoding=\"async\" src=\"\/wp-content\/uploads\/2023\/11\/IMG_2039-scaled.jpg\" alt=\"\"><\/p>\n<\/li>\n<\/ul>\n<div>\n<h2>Sie k\u00f6nnen uns finden auf \u00a0<a href=\"https:\/\/www.linkedin.com\/in\/rasim-alizada-777r\/\"><img loading=\"lazy\" decoding=\"async\" src=\"https:\/\/crocusconsult.com\/wp-content\/uploads\/2023\/12\/LinkedIn_icon.svg-150x150.png\" alt=\"\" width=\"50\" height=\"50\" class=\"alignnone wp-image-2330\" srcset=\"https:\/\/crocusconsult.com\/wp-content\/uploads\/2023\/12\/LinkedIn_icon.svg-150x150.png 150w, https:\/\/crocusconsult.com\/wp-content\/uploads\/2023\/12\/LinkedIn_icon.svg-300x300.png 300w, https:\/\/crocusconsult.com\/wp-content\/uploads\/2023\/12\/LinkedIn_icon.svg-1024x1024.png 1024w, https:\/\/crocusconsult.com\/wp-content\/uploads\/2023\/12\/LinkedIn_icon.svg-768x768.png 768w, https:\/\/crocusconsult.com\/wp-content\/uploads\/2023\/12\/LinkedIn_icon.svg-1536x1536.png 1536w, https:\/\/crocusconsult.com\/wp-content\/uploads\/2023\/12\/LinkedIn_icon.svg.png 2048w\" sizes=\"auto, (max-width: 50px) 100vw, 50px\" \/><\/a><\/h2>\n<\/div>\n<p><!--more--><br \/>\n<!-- {\"name\":\"About\",\"type\":\"layout\",\"children\":[{\"name\":\"Hero\",\"type\":\"section\",\"props\":{\"animation\":\"fade\",\"animation_delay\":\"200\",\"image\":\"wp-content\\\/uploads\\\/2023\\\/11\\\/BK-EXTERNAL.png\",\"image_effect\":\"parallax\",\"image_loading\":true,\"image_parallax_bgy\":\"0,110\",\"image_parallax_breakpoint\":\"l\",\"image_parallax_easing\":\"1\",\"image_position\":\"center-center\",\"image_size\":\"cover\",\"image_width\":\"1560\",\"padding\":\"xlarge\",\"style\":\"default\",\"title_breakpoint\":\"xl\",\"title_position\":\"top-left\",\"title_rotation\":\"left\",\"vertical_align\":\"middle\",\"width\":\"expand\"},\"children\":[{\"type\":\"row\",\"props\":{\"column_gap\":\"small\",\"margin\":\"large\",\"match\":false,\"row_gap\":\"small\"},\"children\":[{\"type\":\"column\",\"props\":{\"image_position\":\"center-center\",\"position_sticky_breakpoint\":\"m\",\"width_medium\":\"1-1\"},\"children\":[{\"type\":\"panel\",\"props\":{\"content_column_breakpoint\":\"m\",\"icon_width\":80,\"image_align\":\"top\",\"image_grid_breakpoint\":\"m\",\"image_grid_width\":\"1-2\",\"image_svg_color\":\"emphasis\",\"link_style\":\"default\",\"link_text\":\"Read more\",\"margin\":\"default\",\"maxwidth\":\"xlarge\",\"meta_align\":\"below-title\",\"meta_element\":\"div\",\"meta_style\":\"text-meta\",\"panel_padding\":\"default\",\"panel_style\":\"tile-secondary\",\"title\":\"Innovative L\\u00f6sungen, die Ihr Unternehmen voranbringen\",\"title_align\":\"top\",\"title_element\":\"h1\",\"title_grid_breakpoint\":\"m\",\"title_grid_width\":\"1-2\",\"title_hover_style\":\"reset\",\"title_style\":\"h2\"}}]}]}]},{\"name\":\"About\",\"type\":\"section\",\"props\":{\"animation_delay\":false,\"image_position\":\"center-center\",\"image_size\":\"cover\",\"padding\":\"large\",\"padding_remove_bottom\":false,\"padding_remove_top\":false,\"style\":\"default\",\"title_breakpoint\":\"xl\",\"title_position\":\"top-left\",\"title_rotation\":\"left\",\"vertical_align\":\"middle\",\"width\":\"default\"},\"children\":[{\"type\":\"row\",\"props\":{\"layout\":\"1-3,2-3\",\"margin\":\"xlarge\",\"width\":\"default\"},\"children\":[{\"type\":\"column\",\"props\":{\"image_position\":\"center-center\",\"position_sticky_breakpoint\":\"m\",\"width_medium\":\"1-3\"},\"children\":[{\"type\":\"headline\",\"props\":{\"content\":\"Ein wenig Geschichte<br \\\/>Hinter unserem<br \\\/>Unternehmen\",\"title_decoration\":\"bullet\",\"title_element\":\"h2\",\"title_style\":\"h3\"}},{\"type\":\"panel\",\"props\":{\"content_column_breakpoint\":\"m\",\"icon_width\":80,\"image\":\"wp-content\\\/uploads\\\/2023\\\/11\\\/RASIM-1.png\",\"image_align\":\"left\",\"image_focal_point\":\"bottom-left\",\"image_grid_breakpoint\":\"\",\"image_grid_column_gap\":\"medium\",\"image_grid_row_gap\":\"medium\",\"image_grid_width\":\"auto\",\"image_height\":\"610\",\"image_link\":true,\"image_loading\":true,\"image_svg_color\":\"emphasis\",\"image_vertical_align\":true,\"image_width\":\"660\",\"link_style\":\"default\",\"link_target\":false,\"link_text\":\"\",\"margin\":\"medium\",\"maxwidth\":\"medium\",\"meta\":\"Gr\\u00fcnder & CEO\",\"meta_align\":\"below-title\",\"meta_element\":\"div\",\"meta_margin\":\"remove\",\"meta_style\":\"text-meta\",\"text_align\":\"left\",\"title\":\"Herr Rasim Alizada\",\"title_align\":\"top\",\"title_element\":\"div\",\"title_grid_breakpoint\":\"m\",\"title_grid_width\":\"1-2\",\"title_hover_style\":\"reset\",\"title_link\":true,\"title_style\":\"h5\"}}]},{\"type\":\"column\",\"props\":{\"image_position\":\"center-center\",\"position_sticky_breakpoint\":\"m\",\"width_medium\":\"2-3\"},\"children\":[{\"type\":\"text\",\"props\":{\"column_breakpoint\":\"m\",\"content\":\"\n\n<p>Es war ein langer Weg vom Abschluss der Universit\\u00e4t f\\u00fcr Bauingenieurwesen und Architektur im Jahr 1992 mit Auszeichnung bis zur Er\\u00f6ffnung von Fast-Food-Restaurantketten wie McDonald's, KFC, Burger King und Pizza Hut in f\\u00fcnf verschiedenen L\\u00e4ndern von Null an. Dies war eine enorme Erfahrung f\\u00fcr die Gr\\u00fcndung von Crocus Consult. Die Entscheidung, ein Partnerunternehmen f\\u00fcr Restaurants und Caf\\u00e9s zu gr\\u00fcnden, wurde in erster Linie durch die Bed\\u00fcrfnisse und Anforderungen von Franchisenehmern, Top-Managern und Eigent\\u00fcmern sowohl von Fastfood-Restaurantketten als auch von einzelnen Caf\\u00e9s und Restaurants bestimmt. Unsere Kunden w\\u00e4hlen unsere Dienstleistungen, um Restauranter\\u00f6ffnungen zu vereinfachen und finanzielle Ressourcen zu sparen. Wir agieren als Hauptauftragnehmer und beauftragen Subunternehmer, die wir f\\u00fcr das Projekt ben\\u00f6tigen. Au\\u00dferdem wissen wir fast alles \\u00fcber die Ausstattung, die Einrichtung und das Mobiliar Ihres k\\u00fcnftigen Restaurants. Wir arbeiten mit gro\\u00dfen Bau- und Ausr\\u00fcstungsfirmen zusammen, bei denen wir erhebliche Rabatte erhalten, die wir Ihnen zus\\u00e4tzlich anbieten. Mein Team ist ein gro\\u00dfartiges Team, mit dem ich seit \\u00fcber zwanzig Jahren zusammenarbeite. Jeder von ihnen wurde von gro\\u00dfen Ausr\\u00fcstungslieferanten wie Franke, Duke usw. zertifiziert. Au\\u00dferdem habe ich in den letzten 20 Jahren zahlreiche Kurse und Schulungen bei McDonald's, KFC und Burger King erfolgreich absolviert. Eines unserer Hauptziele ist es, die Kosten f\\u00fcr die Er\\u00f6ffnung eines neuen Restaurants zu senken, ohne die Qualit\\u00e4t der ausgef\\u00fchrten Arbeiten zu beeintr\\u00e4chtigen, weshalb wir alle Bauphasen und die verwendeten Materialien vollst\\u00e4ndig kontrollieren. Wir k\\u00fcmmern uns auch um die Bestellung und den Transport von FF&amp;E (Furniture, Fixtures and Equipment) und sp\\u00e4ter um die Installation und Inbetriebnahme des neuen Restaurants. Bei Bedarf k\\u00fcmmern wir uns j\\u00e4hrlich um die Betriebsmittel, um unerwartete Ausf\\u00e4lle im Betrieb der Einrichtung zu vermeiden. Wir haben die M\\u00f6glichkeit, in allen EU-L\\u00e4ndern zu arbeiten, und wir sind als Crocus Consult Team immer bereit, Sie dabei zu unterst\\u00fctzen, Ihr Gesch\\u00e4ft effizienter und effektiver zu gestalten.<\\\/p>\",\"dropcap\":false,\"margin\":\"default\"}}]}]},{\"type\":\"row\",\"props\":{\"alignment\":\"center\",\"match\":false,\"vertical_align\":false,\"width\":\"expand\"},\"children\":[{\"type\":\"column\",\"props\":{\"image_position\":\"center-center\",\"position_sticky_breakpoint\":\"m\"},\"children\":[{\"type\":\"slideshow\",\"props\":{\"link_style\":\"default\",\"link_text\":\"Read more\",\"margin\":\"default\",\"meta_align\":\"below-title\",\"meta_element\":\"div\",\"meta_style\":\"text-meta\",\"nav\":\"dotnav\",\"nav_align\":\"center\",\"nav_breakpoint\":\"s\",\"nav_position\":\"bottom-center\",\"nav_position_margin\":\"medium\",\"overlay_animation\":\"parallax\",\"overlay_position\":\"center-left\",\"show_content\":true,\"show_link\":true,\"show_meta\":true,\"show_thumbnail\":true,\"show_title\":true,\"slidenav\":\"default\",\"slidenav_breakpoint\":\"s\",\"slidenav_margin\":\"medium\",\"slidenav_outside_breakpoint\":\"xl\",\"slideshow_autoplay_pause\":true,\"slideshow_min_height\":300,\"thumbnav_height\":\"75\",\"thumbnav_svg_color\":\"emphasis\",\"thumbnav_width\":\"100\",\"title_element\":\"h3\"},\"children\":[{\"type\":\"slideshow_item\",\"props\":{\"image\":\"wp-content\\\/uploads\\\/2023\\\/11\\\/mcd1.png\"}},{\"type\":\"slideshow_item\",\"props\":{\"image\":\"wp-content\\\/uploads\\\/2023\\\/11\\\/IMG_2041.jpg\"}},{\"type\":\"slideshow_item\",\"props\":{\"image\":\"wp-content\\\/uploads\\\/2023\\\/11\\\/333-1.png\"}},{\"type\":\"slideshow_item\",\"props\":{\"image\":\"wp-content\\\/uploads\\\/2023\\\/11\\\/mcdonalds.jpg\"}},{\"type\":\"slideshow_item\",\"props\":{\"image\":\"wp-content\\\/uploads\\\/2023\\\/11\\\/IMG_2027.jpg\"}},{\"type\":\"slideshow_item\",\"props\":{\"image\":\"wp-content\\\/uploads\\\/2023\\\/11\\\/IMG_2044.jpg\"}},{\"type\":\"slideshow_item\",\"props\":{\"image\":\"wp-content\\\/uploads\\\/2023\\\/11\\\/11111.jpg\"}},{\"type\":\"slideshow_item\",\"props\":{\"image\":\"wp-content\\\/uploads\\\/2023\\\/11\\\/IMG_2025.jpg\"}},{\"type\":\"slideshow_item\",\"props\":{\"image\":\"wp-content\\\/uploads\\\/2023\\\/11\\\/IMG_2038.jpg\"}},{\"type\":\"slideshow_item\",\"props\":{\"image\":\"wp-content\\\/uploads\\\/2023\\\/11\\\/2-2.jpg\"}},{\"type\":\"slideshow_item\",\"props\":{\"image\":\"wp-content\\\/uploads\\\/2023\\\/11\\\/6-1.jpg\"}},{\"type\":\"slideshow_item\",\"props\":{\"image\":\"wp-content\\\/uploads\\\/2023\\\/11\\\/8.jpg\"}},{\"type\":\"slideshow_item\",\"props\":{\"image\":\"wp-content\\\/uploads\\\/2023\\\/11\\\/IMG_2043.jpg\"}},{\"type\":\"slideshow_item\",\"props\":{\"image\":\"wp-content\\\/uploads\\\/2023\\\/11\\\/5-1.jpg\"}},{\"type\":\"slideshow_item\",\"props\":{\"image\":\"wp-content\\\/uploads\\\/2023\\\/11\\\/IMG_2050-scaled.jpg\"}},{\"type\":\"slideshow_item\",\"props\":{\"image\":\"wp-content\\\/uploads\\\/2023\\\/11\\\/IMG_2039-scaled.jpg\"}}]}]}]}]},{\"name\":\"Call to action\",\"type\":\"section\",\"props\":{\"image\":\"wp-content\\\/uploads\\\/yootheme\\\/company-cta-bg.jpg\",\"image_position\":\"center-center\",\"image_size\":\"cover\",\"image_width\":\"1560\",\"media_background\":\"rgba(55, 82, 170, 0.9)\",\"media_blend_mode\":\"multiply\",\"media_overlay\":\"rgba(30, 54, 132, 0.89)\",\"padding\":\"large\",\"style\":\"default\",\"text_color\":\"light\",\"title_breakpoint\":\"xl\",\"title_position\":\"top-left\",\"title_rotation\":\"left\",\"vertical_align\":\"middle\",\"width\":\"default\"},\"children\":[{\"type\":\"row\",\"children\":[{\"type\":\"column\",\"props\":{\"image_position\":\"center-center\",\"position_sticky_breakpoint\":\"m\"},\"children\":[{\"type\":\"text\",\"props\":{\"column_breakpoint\":\"m\",\"content\":\"\n\n<h2>Sie k\\u00f6nnen uns finden auf \\u00a0<a href=\\\"https:\\\/\\\/www.linkedin.com\\\/in\\\/rasim-alizada-777r\\\/\\\"><img src=\\\"https:\\\/\\\/crocusconsult.com\\\/wp-content\\\/uploads\\\/2023\\\/12\\\/LinkedIn_icon.svg-150x150.png\\\" alt=\\\"\\\" width=\\\"50\\\" height=\\\"50\\\" class=\\\"alignnone wp-image-2330\\\" \\\/><\\\/a><\\\/h2>\",\"margin\":\"default\"}}]}]}]}],\"version\":\"4.2.0\"} --><\/p>\n","protected":false},"excerpt":{"rendered":"<p>Innovative L\u00f6sungen, die Ihr Unternehmen voranbringen Ein wenig GeschichteHinter unseremUnternehmen Herr Rasim Alizada Gr\u00fcnder &#038; CEO Es war ein langer Weg vom Abschluss der Universit\u00e4t f\u00fcr Bauingenieurwesen und Architektur im Jahr 1992 mit Auszeichnung bis zur Er\u00f6ffnung von Fast-Food-Restaurantketten wie McDonald&#8217;s, KFC, Burger King und Pizza Hut in f\u00fcnf verschiedenen L\u00e4ndern von Null an. Dies [&hellip;]<\/p>\n","protected":false},"author":1,"featured_media":0,"parent":0,"menu_order":10,"comment_status":"open","ping_status":"open","template":"","meta":{"footnotes":""},"class_list":["post-2068","page","type-page","status-publish","hentry"],"acf":[],"yoast_head":"<!-- This site is optimized with the Yoast SEO plugin v21.7 - https:\/\/yoast.com\/wordpress\/plugins\/seo\/ -->\n<title>Unternehmen - Crocus Consult<\/title>\n<meta name=\"robots\" content=\"index, follow, max-snippet:-1, max-image-preview:large, max-video-preview:-1\" \/>\n<link rel=\"canonical\" href=\"https:\/\/crocusconsult.com\/?page_id=2068&lang=de\" \/>\n<meta property=\"og:locale\" content=\"en_US\" \/>\n<meta property=\"og:type\" content=\"article\" \/>\n<meta property=\"og:title\" content=\"Unternehmen - Crocus Consult\" \/>\n<meta property=\"og:description\" content=\"Innovative L\u00f6sungen, die Ihr Unternehmen voranbringen Ein wenig GeschichteHinter unseremUnternehmen Herr Rasim Alizada Gr\u00fcnder &#038; CEO Es war ein langer Weg vom Abschluss der Universit\u00e4t f\u00fcr Bauingenieurwesen und Architektur im Jahr 1992 mit Auszeichnung bis zur Er\u00f6ffnung von Fast-Food-Restaurantketten wie McDonald&#8217;s, KFC, Burger King und Pizza Hut in f\u00fcnf verschiedenen L\u00e4ndern von Null an. Dies [&hellip;]\" \/>\n<meta property=\"og:url\" content=\"https:\/\/crocusconsult.com\/?page_id=2068&amp;lang=de\" \/>\n<meta property=\"og:site_name\" content=\"Crocus Consult\" \/>\n<meta property=\"article:modified_time\" content=\"2023-12-09T13:05:05+00:00\" \/>\n<meta property=\"og:image\" content=\"https:\/\/crocusconsult.com\/wp-content\/uploads\/2023\/12\/LinkedIn_icon.svg-150x150.png\" \/>\n<meta name=\"twitter:card\" content=\"summary_large_image\" \/>\n<meta name=\"twitter:label1\" content=\"Est. reading time\" \/>\n\t<meta name=\"twitter:data1\" content=\"2 minutes\" \/>\n<script type=\"application\/ld+json\" class=\"yoast-schema-graph\">{\"@context\":\"https:\/\/schema.org\",\"@graph\":[{\"@type\":\"WebPage\",\"@id\":\"https:\/\/crocusconsult.com\/?page_id=2068&lang=de\",\"url\":\"https:\/\/crocusconsult.com\/?page_id=2068&lang=de\",\"name\":\"Unternehmen - Crocus Consult\",\"isPartOf\":{\"@id\":\"https:\/\/crocusconsult.com\/#website\"},\"datePublished\":\"2019-09-02T07:23:45+00:00\",\"dateModified\":\"2023-12-09T13:05:05+00:00\",\"breadcrumb\":{\"@id\":\"https:\/\/crocusconsult.com\/?page_id=2068&lang=de#breadcrumb\"},\"inLanguage\":\"en-US\",\"potentialAction\":[{\"@type\":\"ReadAction\",\"target\":[\"https:\/\/crocusconsult.com\/?page_id=2068&lang=de\"]}]},{\"@type\":\"BreadcrumbList\",\"@id\":\"https:\/\/crocusconsult.com\/?page_id=2068&lang=de#breadcrumb\",\"itemListElement\":[{\"@type\":\"ListItem\",\"position\":1,\"name\":\"Home\",\"item\":\"https:\/\/crocusconsult.com\/\"},{\"@type\":\"ListItem\",\"position\":2,\"name\":\"Unternehmen\"}]},{\"@type\":\"WebSite\",\"@id\":\"https:\/\/crocusconsult.com\/#website\",\"url\":\"https:\/\/crocusconsult.com\/\",\"name\":\"Crocus Consult\",\"description\":\"\",\"publisher\":{\"@id\":\"https:\/\/crocusconsult.com\/#organization\"},\"potentialAction\":[{\"@type\":\"SearchAction\",\"target\":{\"@type\":\"EntryPoint\",\"urlTemplate\":\"https:\/\/crocusconsult.com\/?s={search_term_string}\"},\"query-input\":\"required name=search_term_string\"}],\"inLanguage\":\"en-US\"},{\"@type\":\"Organization\",\"@id\":\"https:\/\/crocusconsult.com\/#organization\",\"name\":\"Crocus Consult\",\"url\":\"https:\/\/crocusconsult.com\/\",\"logo\":{\"@type\":\"ImageObject\",\"inLanguage\":\"en-US\",\"@id\":\"https:\/\/crocusconsult.com\/#\/schema\/logo\/image\/\",\"url\":\"https:\/\/crocusconsult.com\/wp-content\/uploads\/2023\/11\/LOGO-BEST-1.png\",\"contentUrl\":\"https:\/\/crocusconsult.com\/wp-content\/uploads\/2023\/11\/LOGO-BEST-1.png\",\"width\":400,\"height\":160,\"caption\":\"Crocus Consult\"},\"image\":{\"@id\":\"https:\/\/crocusconsult.com\/#\/schema\/logo\/image\/\"}}]}<\/script>\n<!-- \/ Yoast SEO plugin. -->","yoast_head_json":{"title":"Unternehmen - Crocus Consult","robots":{"index":"index","follow":"follow","max-snippet":"max-snippet:-1","max-image-preview":"max-image-preview:large","max-video-preview":"max-video-preview:-1"},"canonical":"https:\/\/crocusconsult.com\/?page_id=2068&lang=de","og_locale":"en_US","og_type":"article","og_title":"Unternehmen - Crocus Consult","og_description":"Innovative L\u00f6sungen, die Ihr Unternehmen voranbringen Ein wenig GeschichteHinter unseremUnternehmen Herr Rasim Alizada Gr\u00fcnder &#038; CEO Es war ein langer Weg vom Abschluss der Universit\u00e4t f\u00fcr Bauingenieurwesen und Architektur im Jahr 1992 mit Auszeichnung bis zur Er\u00f6ffnung von Fast-Food-Restaurantketten wie McDonald&#8217;s, KFC, Burger King und Pizza Hut in f\u00fcnf verschiedenen L\u00e4ndern von Null an. Dies [&hellip;]","og_url":"https:\/\/crocusconsult.com\/?page_id=2068&lang=de","og_site_name":"Crocus Consult","article_modified_time":"2023-12-09T13:05:05+00:00","og_image":[{"url":"https:\/\/crocusconsult.com\/wp-content\/uploads\/2023\/12\/LinkedIn_icon.svg-150x150.png"}],"twitter_card":"summary_large_image","twitter_misc":{"Est. reading time":"2 minutes"},"schema":{"@context":"https:\/\/schema.org","@graph":[{"@type":"WebPage","@id":"https:\/\/crocusconsult.com\/?page_id=2068&lang=de","url":"https:\/\/crocusconsult.com\/?page_id=2068&lang=de","name":"Unternehmen - Crocus Consult","isPartOf":{"@id":"https:\/\/crocusconsult.com\/#website"},"datePublished":"2019-09-02T07:23:45+00:00","dateModified":"2023-12-09T13:05:05+00:00","breadcrumb":{"@id":"https:\/\/crocusconsult.com\/?page_id=2068&lang=de#breadcrumb"},"inLanguage":"en-US","potentialAction":[{"@type":"ReadAction","target":["https:\/\/crocusconsult.com\/?page_id=2068&lang=de"]}]},{"@type":"BreadcrumbList","@id":"https:\/\/crocusconsult.com\/?page_id=2068&lang=de#breadcrumb","itemListElement":[{"@type":"ListItem","position":1,"name":"Home","item":"https:\/\/crocusconsult.com\/"},{"@type":"ListItem","position":2,"name":"Unternehmen"}]},{"@type":"WebSite","@id":"https:\/\/crocusconsult.com\/#website","url":"https:\/\/crocusconsult.com\/","name":"Crocus Consult","description":"","publisher":{"@id":"https:\/\/crocusconsult.com\/#organization"},"potentialAction":[{"@type":"SearchAction","target":{"@type":"EntryPoint","urlTemplate":"https:\/\/crocusconsult.com\/?s={search_term_string}"},"query-input":"required name=search_term_string"}],"inLanguage":"en-US"},{"@type":"Organization","@id":"https:\/\/crocusconsult.com\/#organization","name":"Crocus Consult","url":"https:\/\/crocusconsult.com\/","logo":{"@type":"ImageObject","inLanguage":"en-US","@id":"https:\/\/crocusconsult.com\/#\/schema\/logo\/image\/","url":"https:\/\/crocusconsult.com\/wp-content\/uploads\/2023\/11\/LOGO-BEST-1.png","contentUrl":"https:\/\/crocusconsult.com\/wp-content\/uploads\/2023\/11\/LOGO-BEST-1.png","width":400,"height":160,"caption":"Crocus Consult"},"image":{"@id":"https:\/\/crocusconsult.com\/#\/schema\/logo\/image\/"}}]}},"_links":{"self":[{"href":"https:\/\/crocusconsult.com\/index.php?rest_route=\/wp\/v2\/pages\/2068","targetHints":{"allow":["GET"]}}],"collection":[{"href":"https:\/\/crocusconsult.com\/index.php?rest_route=\/wp\/v2\/pages"}],"about":[{"href":"https:\/\/crocusconsult.com\/index.php?rest_route=\/wp\/v2\/types\/page"}],"author":[{"embeddable":true,"href":"https:\/\/crocusconsult.com\/index.php?rest_route=\/wp\/v2\/users\/1"}],"replies":[{"embeddable":true,"href":"https:\/\/crocusconsult.com\/index.php?rest_route=%2Fwp%2Fv2%2Fcomments&post=2068"}],"version-history":[{"count":25,"href":"https:\/\/crocusconsult.com\/index.php?rest_route=\/wp\/v2\/pages\/2068\/revisions"}],"predecessor-version":[{"id":2389,"href":"https:\/\/crocusconsult.com\/index.php?rest_route=\/wp\/v2\/pages\/2068\/revisions\/2389"}],"wp:attachment":[{"href":"https:\/\/crocusconsult.com\/index.php?rest_route=%2Fwp%2Fv2%2Fmedia&parent=2068"}],"curies":[{"name":"wp","href":"https:\/\/api.w.org\/{rel}","templated":true}]}}