{"id":2069,"date":"2019-09-02T07:23:45","date_gmt":"2019-09-02T07:23:45","guid":{"rendered":"https:\/\/crocusconsult.com\/?page_id=2069"},"modified":"2023-12-09T13:06:00","modified_gmt":"2023-12-09T13:06:00","slug":"company","status":"publish","type":"page","link":"https:\/\/crocusconsult.com\/?page_id=2069&lang=sk","title":{"rendered":"Spolo\u010dnos\u0165"},"content":{"rendered":"<div>\n<h1>Inovat\u00edvne rie\u0161enia na posun v\u00e1\u0161ho podnikania vpred<\/h1>\n<\/div>\n<h2>Trochu hist\u00f3rie<br \/>Za na\u0161ou<br \/>Podnik<\/h2>\n<div>\n<p>        <img decoding=\"async\" src=\"\/wp-content\/uploads\/2023\/11\/RASIM-1.png\" alt=\"\"><\/p>\n<div>P\u00e1n Rasim Alizada<\/div>\n<p>Zakladate\u013e a gener\u00e1lny riadite\u013e<\/p>\n<\/div>\n<div>\n<p>Od ukon\u010denia \u0161t\u00fadia na Univerzite stavebn\u00e9ho in\u017einierstva a architekt\u00fary v roku 1992 s vyznamenan\u00edm a\u017e po otvorenie nult\u00e9ho re\u0165azca re\u0161taur\u00e1ci\u00ed r\u00fdchleho ob\u010derstvenia, ako s\u00fa McDonald&#8217;s, KFC, Burger King a Pizza Hut, v piatich r\u00f4znych krajin\u00e1ch pre\u0161iel dlh\u00fa cestu. To poskytlo obrovsk\u00e9 mno\u017estvo sk\u00fasenost\u00ed pre vytvorenie spolo\u010dnosti Crocus Consult. K rozhodnutiu vytvori\u0165 partnersk\u00fa spolo\u010dnos\u0165 pre re\u0161taur\u00e1cie a kaviarne viedli predov\u0161etk\u00fdm potreby a po\u017eiadavky fran\u0161\u00edzantov, topmana\u017e\u00e9rov a majite\u013eov re\u0165azcov re\u0161taur\u00e1ci\u00ed r\u00fdchleho ob\u010derstvenia, ako aj jednotliv\u00fdch kaviarn\u00ed a re\u0161taur\u00e1ci\u00ed. Na\u0161i klienti si vyberaj\u00fa na\u0161e slu\u017eby, aby zjednodu\u0161ili otv\u00e1ranie re\u0161taur\u00e1ci\u00ed a u\u0161etrili finan\u010dn\u00e9 prostriedky. P\u00f4sob\u00edme ako hlavn\u00fd dod\u00e1vate\u013e a naj\u00edmame si subdod\u00e1vate\u013eov pod\u013ea potreby projektu. Vieme tie\u017e takmer v\u0161etko o vybaven\u00ed, zariadeniach a n\u00e1bytku pre va\u0161u bud\u00facu re\u0161taur\u00e1ciu. Spolupracujeme s v\u00fdznamn\u00fdmi stavebn\u00fdmi firmami a firmami zaoberaj\u00facimi sa vybaven\u00edm, kde m\u00e1me v\u00fdrazn\u00e9 z\u013eavy, ktor\u00e9 v\u00e1m \u010falej poskytujeme. M\u00f4j t\u00edm je skvel\u00fd t\u00edm, s ktor\u00fdm pracujem u\u017e viac ako dvadsa\u0165 rokov a ka\u017ed\u00fd z nich m\u00e1 certifik\u00e1ty od hlavn\u00fdch dod\u00e1vate\u013eov zariaden\u00ed, ako s\u00fa Franke, Duke at\u010f. Za posledn\u00fdch 20 rokov som tie\u017e \u00faspe\u0161ne absolvoval mno\u017estvo kurzov a \u0161kolen\u00ed v spolo\u010dnostiach McDonald&#8217;s, KFC a Burger King. Jedn\u00fdm z na\u0161ich hlavn\u00fdch cie\u013eov je u\u0161etri\u0165 n\u00e1klady na otvorenie novej re\u0161taur\u00e1cie bez toho, aby bola ohrozen\u00e1 kvalita vykonanej pr\u00e1ce, a preto plne kontrolujeme v\u0161etky f\u00e1zy v\u00fdstavby a pou\u017eit\u00e9 materi\u00e1ly. Zaober\u00e1me sa aj objedn\u00e1van\u00edm a prepravou FF&amp;E (Furniture, Fixtures and Equipment) a nesk\u00f4r in\u0161tal\u00e1ciou a spusten\u00edm novej re\u0161taur\u00e1cie. V pr\u00edpade potreby sa ka\u017edoro\u010dne star\u00e1me o OS&amp;E (prev\u00e1dzkov\u00e9 potreby a zariadenia), aby sme predi\u0161li neo\u010dak\u00e1van\u00fdm poruch\u00e1m v prev\u00e1dzke zariadenia. M\u00e1me mo\u017enos\u0165 p\u00f4sobi\u0165 vo v\u0161etk\u00fdch krajin\u00e1ch E\u00da a ako t\u00edm Crocus Consult sme v\u017edy pripraven\u00ed podpori\u0165 v\u00e1s, aby ste svoje podnikanie rozv\u00edjali efekt\u00edvnej\u0161ie a \u00fa\u010dinnej\u0161ie.<\/p>\n<\/div>\n<ul>\n<li>\n<p>        <img decoding=\"async\" src=\"\/wp-content\/uploads\/2023\/11\/mcd1.png\" alt=\"\"><\/p>\n<\/li>\n<li>\n<p>        <img decoding=\"async\" src=\"\/wp-content\/uploads\/2023\/11\/IMG_2041.jpg\" alt=\"\"><\/p>\n<\/li>\n<li>\n<p>        <img decoding=\"async\" src=\"\/wp-content\/uploads\/2023\/11\/333-1.png\" alt=\"\"><\/p>\n<\/li>\n<li>\n<p>        <img decoding=\"async\" src=\"\/wp-content\/uploads\/2023\/11\/mcdonalds.jpg\" alt=\"\"><\/p>\n<\/li>\n<li>\n<p>        <img decoding=\"async\" src=\"\/wp-content\/uploads\/2023\/11\/IMG_2027.jpg\" alt=\"\"><\/p>\n<\/li>\n<li>\n<p>        <img decoding=\"async\" src=\"\/wp-content\/uploads\/2023\/11\/IMG_2044.jpg\" alt=\"\"><\/p>\n<\/li>\n<li>\n<p>        <img decoding=\"async\" src=\"\/wp-content\/uploads\/2023\/11\/11111.jpg\" alt=\"\"><\/p>\n<\/li>\n<li>\n<p>        <img decoding=\"async\" src=\"\/wp-content\/uploads\/2023\/11\/IMG_2025.jpg\" alt=\"\"><\/p>\n<\/li>\n<li>\n<p>        <img decoding=\"async\" src=\"\/wp-content\/uploads\/2023\/11\/IMG_2038.jpg\" alt=\"\"><\/p>\n<\/li>\n<li>\n<p>        <img decoding=\"async\" src=\"\/wp-content\/uploads\/2023\/11\/2-2.jpg\" alt=\"\"><\/p>\n<\/li>\n<li>\n<p>        <img decoding=\"async\" src=\"\/wp-content\/uploads\/2023\/11\/6-1.jpg\" alt=\"\"><\/p>\n<\/li>\n<li>\n<p>        <img decoding=\"async\" src=\"\/wp-content\/uploads\/2023\/11\/8.jpg\" alt=\"\"><\/p>\n<\/li>\n<li>\n<p>        <img decoding=\"async\" src=\"\/wp-content\/uploads\/2023\/11\/IMG_2043.jpg\" alt=\"\"><\/p>\n<\/li>\n<li>\n<p>        <img decoding=\"async\" src=\"\/wp-content\/uploads\/2023\/11\/5-1.jpg\" alt=\"\"><\/p>\n<\/li>\n<li>\n<p>        <img decoding=\"async\" src=\"\/wp-content\/uploads\/2023\/11\/IMG_2050-scaled.jpg\" alt=\"\"><\/p>\n<\/li>\n<li>\n<p>        <img decoding=\"async\" src=\"\/wp-content\/uploads\/2023\/11\/IMG_2039-scaled.jpg\" alt=\"\"><\/p>\n<\/li>\n<\/ul>\n<div>\n<h2>N\u00e1jdete n\u00e1s na\u00a0 \u00a0<a href=\"https:\/\/www.linkedin.com\/in\/rasim-alizada-777r\/\"><img loading=\"lazy\" decoding=\"async\" src=\"https:\/\/crocusconsult.com\/wp-content\/uploads\/2023\/12\/LinkedIn_icon.svg-150x150.png\" alt=\"\" width=\"50\" height=\"50\" class=\"alignnone wp-image-2330\" srcset=\"https:\/\/crocusconsult.com\/wp-content\/uploads\/2023\/12\/LinkedIn_icon.svg-150x150.png 150w, https:\/\/crocusconsult.com\/wp-content\/uploads\/2023\/12\/LinkedIn_icon.svg-300x300.png 300w, https:\/\/crocusconsult.com\/wp-content\/uploads\/2023\/12\/LinkedIn_icon.svg-1024x1024.png 1024w, https:\/\/crocusconsult.com\/wp-content\/uploads\/2023\/12\/LinkedIn_icon.svg-768x768.png 768w, https:\/\/crocusconsult.com\/wp-content\/uploads\/2023\/12\/LinkedIn_icon.svg-1536x1536.png 1536w, https:\/\/crocusconsult.com\/wp-content\/uploads\/2023\/12\/LinkedIn_icon.svg.png 2048w\" sizes=\"auto, (max-width: 50px) 100vw, 50px\" \/><\/a><\/h2>\n<\/div>\n<p><!--more--><br \/>\n<!-- {\"name\":\"About\",\"type\":\"layout\",\"children\":[{\"name\":\"Hero\",\"type\":\"section\",\"props\":{\"animation\":\"fade\",\"animation_delay\":\"200\",\"image\":\"wp-content\\\/uploads\\\/2023\\\/11\\\/BK-EXTERNAL.png\",\"image_effect\":\"parallax\",\"image_loading\":true,\"image_parallax_bgy\":\"0,110\",\"image_parallax_breakpoint\":\"l\",\"image_parallax_easing\":\"1\",\"image_position\":\"center-center\",\"image_size\":\"cover\",\"image_width\":\"1560\",\"padding\":\"xlarge\",\"style\":\"default\",\"title_breakpoint\":\"xl\",\"title_position\":\"top-left\",\"title_rotation\":\"left\",\"vertical_align\":\"middle\",\"width\":\"expand\"},\"children\":[{\"type\":\"row\",\"props\":{\"column_gap\":\"small\",\"margin\":\"large\",\"match\":false,\"row_gap\":\"small\"},\"children\":[{\"type\":\"column\",\"props\":{\"image_position\":\"center-center\",\"position_sticky_breakpoint\":\"m\",\"width_medium\":\"1-1\"},\"children\":[{\"type\":\"panel\",\"props\":{\"content_column_breakpoint\":\"m\",\"icon_width\":80,\"image_align\":\"top\",\"image_grid_breakpoint\":\"m\",\"image_grid_width\":\"1-2\",\"image_svg_color\":\"emphasis\",\"link_style\":\"default\",\"link_text\":\"Read more\",\"margin\":\"default\",\"maxwidth\":\"xlarge\",\"meta_align\":\"below-title\",\"meta_element\":\"div\",\"meta_style\":\"text-meta\",\"panel_padding\":\"default\",\"panel_style\":\"tile-secondary\",\"title\":\"Inovat\\u00edvne rie\\u0161enia na posun v\\u00e1\\u0161ho podnikania vpred\",\"title_align\":\"top\",\"title_element\":\"h1\",\"title_grid_breakpoint\":\"m\",\"title_grid_width\":\"1-2\",\"title_hover_style\":\"reset\",\"title_style\":\"h2\"}}]}]}]},{\"name\":\"About\",\"type\":\"section\",\"props\":{\"animation_delay\":false,\"image_position\":\"center-center\",\"image_size\":\"cover\",\"padding\":\"large\",\"padding_remove_bottom\":false,\"padding_remove_top\":false,\"style\":\"default\",\"title_breakpoint\":\"xl\",\"title_position\":\"top-left\",\"title_rotation\":\"left\",\"vertical_align\":\"middle\",\"width\":\"default\"},\"children\":[{\"type\":\"row\",\"props\":{\"layout\":\"1-3,2-3\",\"margin\":\"xlarge\",\"width\":\"default\"},\"children\":[{\"type\":\"column\",\"props\":{\"image_position\":\"center-center\",\"position_sticky_breakpoint\":\"m\",\"width_medium\":\"1-3\"},\"children\":[{\"type\":\"headline\",\"props\":{\"content\":\"Trochu hist\\u00f3rie<br \\\/>Za na\\u0161ou<br \\\/>Podnik\",\"title_decoration\":\"bullet\",\"title_element\":\"h2\",\"title_style\":\"h3\"}},{\"type\":\"panel\",\"props\":{\"content_column_breakpoint\":\"m\",\"icon_width\":80,\"image\":\"wp-content\\\/uploads\\\/2023\\\/11\\\/RASIM-1.png\",\"image_align\":\"left\",\"image_focal_point\":\"bottom-left\",\"image_grid_breakpoint\":\"\",\"image_grid_column_gap\":\"medium\",\"image_grid_row_gap\":\"medium\",\"image_grid_width\":\"auto\",\"image_height\":\"610\",\"image_link\":true,\"image_loading\":true,\"image_svg_color\":\"emphasis\",\"image_vertical_align\":true,\"image_width\":\"660\",\"link_style\":\"default\",\"link_target\":false,\"link_text\":\"\",\"margin\":\"medium\",\"maxwidth\":\"medium\",\"meta\":\"Zakladate\\u013e a gener\\u00e1lny riadite\\u013e\",\"meta_align\":\"below-title\",\"meta_element\":\"div\",\"meta_margin\":\"remove\",\"meta_style\":\"text-meta\",\"text_align\":\"left\",\"title\":\"P\\u00e1n Rasim Alizada\",\"title_align\":\"top\",\"title_element\":\"div\",\"title_grid_breakpoint\":\"m\",\"title_grid_width\":\"1-2\",\"title_hover_style\":\"reset\",\"title_link\":true,\"title_style\":\"h5\"}}]},{\"type\":\"column\",\"props\":{\"image_position\":\"center-center\",\"position_sticky_breakpoint\":\"m\",\"width_medium\":\"2-3\"},\"children\":[{\"type\":\"text\",\"props\":{\"column_breakpoint\":\"m\",\"content\":\"\n\n<p>Od ukon\\u010denia \\u0161t\\u00fadia na Univerzite stavebn\\u00e9ho in\\u017einierstva a architekt\\u00fary v roku 1992 s vyznamenan\\u00edm a\\u017e po otvorenie nult\\u00e9ho re\\u0165azca re\\u0161taur\\u00e1ci\\u00ed r\\u00fdchleho ob\\u010derstvenia, ako s\\u00fa McDonald's, KFC, Burger King a Pizza Hut, v piatich r\\u00f4znych krajin\\u00e1ch pre\\u0161iel dlh\\u00fa cestu. To poskytlo obrovsk\\u00e9 mno\\u017estvo sk\\u00fasenost\\u00ed pre vytvorenie spolo\\u010dnosti Crocus Consult. K rozhodnutiu vytvori\\u0165 partnersk\\u00fa spolo\\u010dnos\\u0165 pre re\\u0161taur\\u00e1cie a kaviarne viedli predov\\u0161etk\\u00fdm potreby a po\\u017eiadavky fran\\u0161\\u00edzantov, topmana\\u017e\\u00e9rov a majite\\u013eov re\\u0165azcov re\\u0161taur\\u00e1ci\\u00ed r\\u00fdchleho ob\\u010derstvenia, ako aj jednotliv\\u00fdch kaviarn\\u00ed a re\\u0161taur\\u00e1ci\\u00ed. Na\\u0161i klienti si vyberaj\\u00fa na\\u0161e slu\\u017eby, aby zjednodu\\u0161ili otv\\u00e1ranie re\\u0161taur\\u00e1ci\\u00ed a u\\u0161etrili finan\\u010dn\\u00e9 prostriedky. P\\u00f4sob\\u00edme ako hlavn\\u00fd dod\\u00e1vate\\u013e a naj\\u00edmame si subdod\\u00e1vate\\u013eov pod\\u013ea potreby projektu. Vieme tie\\u017e takmer v\\u0161etko o vybaven\\u00ed, zariadeniach a n\\u00e1bytku pre va\\u0161u bud\\u00facu re\\u0161taur\\u00e1ciu. Spolupracujeme s v\\u00fdznamn\\u00fdmi stavebn\\u00fdmi firmami a firmami zaoberaj\\u00facimi sa vybaven\\u00edm, kde m\\u00e1me v\\u00fdrazn\\u00e9 z\\u013eavy, ktor\\u00e9 v\\u00e1m \\u010falej poskytujeme. M\\u00f4j t\\u00edm je skvel\\u00fd t\\u00edm, s ktor\\u00fdm pracujem u\\u017e viac ako dvadsa\\u0165 rokov a ka\\u017ed\\u00fd z nich m\\u00e1 certifik\\u00e1ty od hlavn\\u00fdch dod\\u00e1vate\\u013eov zariaden\\u00ed, ako s\\u00fa Franke, Duke at\\u010f. Za posledn\\u00fdch 20 rokov som tie\\u017e \\u00faspe\\u0161ne absolvoval mno\\u017estvo kurzov a \\u0161kolen\\u00ed v spolo\\u010dnostiach McDonald's, KFC a Burger King. Jedn\\u00fdm z na\\u0161ich hlavn\\u00fdch cie\\u013eov je u\\u0161etri\\u0165 n\\u00e1klady na otvorenie novej re\\u0161taur\\u00e1cie bez toho, aby bola ohrozen\\u00e1 kvalita vykonanej pr\\u00e1ce, a preto plne kontrolujeme v\\u0161etky f\\u00e1zy v\\u00fdstavby a pou\\u017eit\\u00e9 materi\\u00e1ly. Zaober\\u00e1me sa aj objedn\\u00e1van\\u00edm a prepravou FF&amp;E (Furniture, Fixtures and Equipment) a nesk\\u00f4r in\\u0161tal\\u00e1ciou a spusten\\u00edm novej re\\u0161taur\\u00e1cie. V pr\\u00edpade potreby sa ka\\u017edoro\\u010dne star\\u00e1me o OS&amp;E (prev\\u00e1dzkov\\u00e9 potreby a zariadenia), aby sme predi\\u0161li neo\\u010dak\\u00e1van\\u00fdm poruch\\u00e1m v prev\\u00e1dzke zariadenia. M\\u00e1me mo\\u017enos\\u0165 p\\u00f4sobi\\u0165 vo v\\u0161etk\\u00fdch krajin\\u00e1ch E\\u00da a ako t\\u00edm Crocus Consult sme v\\u017edy pripraven\\u00ed podpori\\u0165 v\\u00e1s, aby ste svoje podnikanie rozv\\u00edjali efekt\\u00edvnej\\u0161ie a \\u00fa\\u010dinnej\\u0161ie.<\\\/p>\",\"dropcap\":false,\"margin\":\"default\"}}]}]},{\"type\":\"row\",\"props\":{\"alignment\":\"center\",\"match\":false,\"vertical_align\":false,\"width\":\"expand\"},\"children\":[{\"type\":\"column\",\"props\":{\"image_position\":\"center-center\",\"position_sticky_breakpoint\":\"m\"},\"children\":[{\"type\":\"slideshow\",\"props\":{\"link_style\":\"default\",\"link_text\":\"Read more\",\"margin\":\"default\",\"meta_align\":\"below-title\",\"meta_element\":\"div\",\"meta_style\":\"text-meta\",\"nav\":\"dotnav\",\"nav_align\":\"center\",\"nav_breakpoint\":\"s\",\"nav_position\":\"bottom-center\",\"nav_position_margin\":\"medium\",\"overlay_animation\":\"parallax\",\"overlay_position\":\"center-left\",\"show_content\":true,\"show_link\":true,\"show_meta\":true,\"show_thumbnail\":true,\"show_title\":true,\"slidenav\":\"default\",\"slidenav_breakpoint\":\"s\",\"slidenav_margin\":\"medium\",\"slidenav_outside_breakpoint\":\"xl\",\"slideshow_autoplay_pause\":true,\"slideshow_min_height\":300,\"thumbnav_height\":\"75\",\"thumbnav_svg_color\":\"emphasis\",\"thumbnav_width\":\"100\",\"title_element\":\"h3\"},\"children\":[{\"type\":\"slideshow_item\",\"props\":{\"image\":\"wp-content\\\/uploads\\\/2023\\\/11\\\/mcd1.png\"}},{\"type\":\"slideshow_item\",\"props\":{\"image\":\"wp-content\\\/uploads\\\/2023\\\/11\\\/IMG_2041.jpg\"}},{\"type\":\"slideshow_item\",\"props\":{\"image\":\"wp-content\\\/uploads\\\/2023\\\/11\\\/333-1.png\"}},{\"type\":\"slideshow_item\",\"props\":{\"image\":\"wp-content\\\/uploads\\\/2023\\\/11\\\/mcdonalds.jpg\"}},{\"type\":\"slideshow_item\",\"props\":{\"image\":\"wp-content\\\/uploads\\\/2023\\\/11\\\/IMG_2027.jpg\"}},{\"type\":\"slideshow_item\",\"props\":{\"image\":\"wp-content\\\/uploads\\\/2023\\\/11\\\/IMG_2044.jpg\"}},{\"type\":\"slideshow_item\",\"props\":{\"image\":\"wp-content\\\/uploads\\\/2023\\\/11\\\/11111.jpg\"}},{\"type\":\"slideshow_item\",\"props\":{\"image\":\"wp-content\\\/uploads\\\/2023\\\/11\\\/IMG_2025.jpg\"}},{\"type\":\"slideshow_item\",\"props\":{\"image\":\"wp-content\\\/uploads\\\/2023\\\/11\\\/IMG_2038.jpg\"}},{\"type\":\"slideshow_item\",\"props\":{\"image\":\"wp-content\\\/uploads\\\/2023\\\/11\\\/2-2.jpg\"}},{\"type\":\"slideshow_item\",\"props\":{\"image\":\"wp-content\\\/uploads\\\/2023\\\/11\\\/6-1.jpg\"}},{\"type\":\"slideshow_item\",\"props\":{\"image\":\"wp-content\\\/uploads\\\/2023\\\/11\\\/8.jpg\"}},{\"type\":\"slideshow_item\",\"props\":{\"image\":\"wp-content\\\/uploads\\\/2023\\\/11\\\/IMG_2043.jpg\"}},{\"type\":\"slideshow_item\",\"props\":{\"image\":\"wp-content\\\/uploads\\\/2023\\\/11\\\/5-1.jpg\"}},{\"type\":\"slideshow_item\",\"props\":{\"image\":\"wp-content\\\/uploads\\\/2023\\\/11\\\/IMG_2050-scaled.jpg\"}},{\"type\":\"slideshow_item\",\"props\":{\"image\":\"wp-content\\\/uploads\\\/2023\\\/11\\\/IMG_2039-scaled.jpg\"}}]}]}]}]},{\"name\":\"Call to action\",\"type\":\"section\",\"props\":{\"image\":\"wp-content\\\/uploads\\\/yootheme\\\/company-cta-bg.jpg\",\"image_position\":\"center-center\",\"image_size\":\"cover\",\"image_width\":\"1560\",\"media_background\":\"rgba(55, 82, 170, 0.9)\",\"media_blend_mode\":\"multiply\",\"media_overlay\":\"rgba(30, 54, 132, 0.89)\",\"padding\":\"large\",\"style\":\"default\",\"text_color\":\"light\",\"title_breakpoint\":\"xl\",\"title_position\":\"top-left\",\"title_rotation\":\"left\",\"vertical_align\":\"middle\",\"width\":\"default\"},\"children\":[{\"type\":\"row\",\"children\":[{\"type\":\"column\",\"props\":{\"image_position\":\"center-center\",\"position_sticky_breakpoint\":\"m\"},\"children\":[{\"type\":\"text\",\"props\":{\"column_breakpoint\":\"m\",\"content\":\"\n\n<h2>N\\u00e1jdete n\\u00e1s na\\u00a0 \\u00a0<a href=\\\"https:\\\/\\\/www.linkedin.com\\\/in\\\/rasim-alizada-777r\\\/\\\"><img src=\\\"https:\\\/\\\/crocusconsult.com\\\/wp-content\\\/uploads\\\/2023\\\/12\\\/LinkedIn_icon.svg-150x150.png\\\" alt=\\\"\\\" width=\\\"50\\\" height=\\\"50\\\" class=\\\"alignnone wp-image-2330\\\" \\\/><\\\/a><\\\/h2>\",\"margin\":\"default\"}}]}]}]}],\"version\":\"4.2.0\"} --><\/p>\n","protected":false},"excerpt":{"rendered":"<p>Inovat\u00edvne rie\u0161enia na posun v\u00e1\u0161ho podnikania vpred Trochu hist\u00f3rieZa na\u0161ouPodnik P\u00e1n Rasim Alizada Zakladate\u013e a gener\u00e1lny riadite\u013e Od ukon\u010denia \u0161t\u00fadia na Univerzite stavebn\u00e9ho in\u017einierstva a architekt\u00fary v roku 1992 s vyznamenan\u00edm a\u017e po otvorenie nult\u00e9ho re\u0165azca re\u0161taur\u00e1ci\u00ed r\u00fdchleho ob\u010derstvenia, ako s\u00fa McDonald&#8217;s, KFC, Burger King a Pizza Hut, v piatich r\u00f4znych krajin\u00e1ch pre\u0161iel dlh\u00fa cestu. [&hellip;]<\/p>\n","protected":false},"author":1,"featured_media":0,"parent":0,"menu_order":10,"comment_status":"open","ping_status":"open","template":"","meta":{"footnotes":""},"class_list":["post-2069","page","type-page","status-publish","hentry"],"acf":[],"yoast_head":"<!-- This site is optimized with the Yoast SEO plugin v21.7 - https:\/\/yoast.com\/wordpress\/plugins\/seo\/ -->\n<title>Spolo\u010dnos\u0165 - Crocus Consult<\/title>\n<meta name=\"robots\" content=\"index, follow, max-snippet:-1, max-image-preview:large, max-video-preview:-1\" \/>\n<link rel=\"canonical\" href=\"https:\/\/crocusconsult.com\/?page_id=2069&lang=sk\" \/>\n<meta property=\"og:locale\" content=\"en_US\" \/>\n<meta property=\"og:type\" content=\"article\" \/>\n<meta property=\"og:title\" content=\"Spolo\u010dnos\u0165 - Crocus Consult\" \/>\n<meta property=\"og:description\" content=\"Inovat\u00edvne rie\u0161enia na posun v\u00e1\u0161ho podnikania vpred Trochu hist\u00f3rieZa na\u0161ouPodnik P\u00e1n Rasim Alizada Zakladate\u013e a gener\u00e1lny riadite\u013e Od ukon\u010denia \u0161t\u00fadia na Univerzite stavebn\u00e9ho in\u017einierstva a architekt\u00fary v roku 1992 s vyznamenan\u00edm a\u017e po otvorenie nult\u00e9ho re\u0165azca re\u0161taur\u00e1ci\u00ed r\u00fdchleho ob\u010derstvenia, ako s\u00fa McDonald&#8217;s, KFC, Burger King a Pizza Hut, v piatich r\u00f4znych krajin\u00e1ch pre\u0161iel dlh\u00fa cestu. [&hellip;]\" \/>\n<meta property=\"og:url\" content=\"https:\/\/crocusconsult.com\/?page_id=2069&amp;lang=sk\" \/>\n<meta property=\"og:site_name\" content=\"Crocus Consult\" \/>\n<meta property=\"article:modified_time\" content=\"2023-12-09T13:06:00+00:00\" \/>\n<meta property=\"og:image\" content=\"https:\/\/crocusconsult.com\/wp-content\/uploads\/2023\/12\/LinkedIn_icon.svg-150x150.png\" \/>\n<meta name=\"twitter:card\" content=\"summary_large_image\" \/>\n<meta name=\"twitter:label1\" content=\"Est. reading time\" \/>\n\t<meta name=\"twitter:data1\" content=\"2 minutes\" \/>\n<script type=\"application\/ld+json\" class=\"yoast-schema-graph\">{\"@context\":\"https:\/\/schema.org\",\"@graph\":[{\"@type\":\"WebPage\",\"@id\":\"https:\/\/crocusconsult.com\/?page_id=2069&lang=sk\",\"url\":\"https:\/\/crocusconsult.com\/?page_id=2069&lang=sk\",\"name\":\"Spolo\u010dnos\u0165 - Crocus Consult\",\"isPartOf\":{\"@id\":\"https:\/\/crocusconsult.com\/#website\"},\"datePublished\":\"2019-09-02T07:23:45+00:00\",\"dateModified\":\"2023-12-09T13:06:00+00:00\",\"breadcrumb\":{\"@id\":\"https:\/\/crocusconsult.com\/?page_id=2069&lang=sk#breadcrumb\"},\"inLanguage\":\"en-US\",\"potentialAction\":[{\"@type\":\"ReadAction\",\"target\":[\"https:\/\/crocusconsult.com\/?page_id=2069&lang=sk\"]}]},{\"@type\":\"BreadcrumbList\",\"@id\":\"https:\/\/crocusconsult.com\/?page_id=2069&lang=sk#breadcrumb\",\"itemListElement\":[{\"@type\":\"ListItem\",\"position\":1,\"name\":\"Home\",\"item\":\"https:\/\/crocusconsult.com\/\"},{\"@type\":\"ListItem\",\"position\":2,\"name\":\"Spolo\u010dnos\u0165\"}]},{\"@type\":\"WebSite\",\"@id\":\"https:\/\/crocusconsult.com\/#website\",\"url\":\"https:\/\/crocusconsult.com\/\",\"name\":\"Crocus Consult\",\"description\":\"\",\"publisher\":{\"@id\":\"https:\/\/crocusconsult.com\/#organization\"},\"potentialAction\":[{\"@type\":\"SearchAction\",\"target\":{\"@type\":\"EntryPoint\",\"urlTemplate\":\"https:\/\/crocusconsult.com\/?s={search_term_string}\"},\"query-input\":\"required name=search_term_string\"}],\"inLanguage\":\"en-US\"},{\"@type\":\"Organization\",\"@id\":\"https:\/\/crocusconsult.com\/#organization\",\"name\":\"Crocus Consult\",\"url\":\"https:\/\/crocusconsult.com\/\",\"logo\":{\"@type\":\"ImageObject\",\"inLanguage\":\"en-US\",\"@id\":\"https:\/\/crocusconsult.com\/#\/schema\/logo\/image\/\",\"url\":\"https:\/\/crocusconsult.com\/wp-content\/uploads\/2023\/11\/LOGO-BEST-1.png\",\"contentUrl\":\"https:\/\/crocusconsult.com\/wp-content\/uploads\/2023\/11\/LOGO-BEST-1.png\",\"width\":400,\"height\":160,\"caption\":\"Crocus Consult\"},\"image\":{\"@id\":\"https:\/\/crocusconsult.com\/#\/schema\/logo\/image\/\"}}]}<\/script>\n<!-- \/ Yoast SEO plugin. -->","yoast_head_json":{"title":"Spolo\u010dnos\u0165 - Crocus Consult","robots":{"index":"index","follow":"follow","max-snippet":"max-snippet:-1","max-image-preview":"max-image-preview:large","max-video-preview":"max-video-preview:-1"},"canonical":"https:\/\/crocusconsult.com\/?page_id=2069&lang=sk","og_locale":"en_US","og_type":"article","og_title":"Spolo\u010dnos\u0165 - Crocus Consult","og_description":"Inovat\u00edvne rie\u0161enia na posun v\u00e1\u0161ho podnikania vpred Trochu hist\u00f3rieZa na\u0161ouPodnik P\u00e1n Rasim Alizada Zakladate\u013e a gener\u00e1lny riadite\u013e Od ukon\u010denia \u0161t\u00fadia na Univerzite stavebn\u00e9ho in\u017einierstva a architekt\u00fary v roku 1992 s vyznamenan\u00edm a\u017e po otvorenie nult\u00e9ho re\u0165azca re\u0161taur\u00e1ci\u00ed r\u00fdchleho ob\u010derstvenia, ako s\u00fa McDonald&#8217;s, KFC, Burger King a Pizza Hut, v piatich r\u00f4znych krajin\u00e1ch pre\u0161iel dlh\u00fa cestu. [&hellip;]","og_url":"https:\/\/crocusconsult.com\/?page_id=2069&lang=sk","og_site_name":"Crocus Consult","article_modified_time":"2023-12-09T13:06:00+00:00","og_image":[{"url":"https:\/\/crocusconsult.com\/wp-content\/uploads\/2023\/12\/LinkedIn_icon.svg-150x150.png"}],"twitter_card":"summary_large_image","twitter_misc":{"Est. reading time":"2 minutes"},"schema":{"@context":"https:\/\/schema.org","@graph":[{"@type":"WebPage","@id":"https:\/\/crocusconsult.com\/?page_id=2069&lang=sk","url":"https:\/\/crocusconsult.com\/?page_id=2069&lang=sk","name":"Spolo\u010dnos\u0165 - Crocus Consult","isPartOf":{"@id":"https:\/\/crocusconsult.com\/#website"},"datePublished":"2019-09-02T07:23:45+00:00","dateModified":"2023-12-09T13:06:00+00:00","breadcrumb":{"@id":"https:\/\/crocusconsult.com\/?page_id=2069&lang=sk#breadcrumb"},"inLanguage":"en-US","potentialAction":[{"@type":"ReadAction","target":["https:\/\/crocusconsult.com\/?page_id=2069&lang=sk"]}]},{"@type":"BreadcrumbList","@id":"https:\/\/crocusconsult.com\/?page_id=2069&lang=sk#breadcrumb","itemListElement":[{"@type":"ListItem","position":1,"name":"Home","item":"https:\/\/crocusconsult.com\/"},{"@type":"ListItem","position":2,"name":"Spolo\u010dnos\u0165"}]},{"@type":"WebSite","@id":"https:\/\/crocusconsult.com\/#website","url":"https:\/\/crocusconsult.com\/","name":"Crocus Consult","description":"","publisher":{"@id":"https:\/\/crocusconsult.com\/#organization"},"potentialAction":[{"@type":"SearchAction","target":{"@type":"EntryPoint","urlTemplate":"https:\/\/crocusconsult.com\/?s={search_term_string}"},"query-input":"required name=search_term_string"}],"inLanguage":"en-US"},{"@type":"Organization","@id":"https:\/\/crocusconsult.com\/#organization","name":"Crocus Consult","url":"https:\/\/crocusconsult.com\/","logo":{"@type":"ImageObject","inLanguage":"en-US","@id":"https:\/\/crocusconsult.com\/#\/schema\/logo\/image\/","url":"https:\/\/crocusconsult.com\/wp-content\/uploads\/2023\/11\/LOGO-BEST-1.png","contentUrl":"https:\/\/crocusconsult.com\/wp-content\/uploads\/2023\/11\/LOGO-BEST-1.png","width":400,"height":160,"caption":"Crocus Consult"},"image":{"@id":"https:\/\/crocusconsult.com\/#\/schema\/logo\/image\/"}}]}},"_links":{"self":[{"href":"https:\/\/crocusconsult.com\/index.php?rest_route=\/wp\/v2\/pages\/2069","targetHints":{"allow":["GET"]}}],"collection":[{"href":"https:\/\/crocusconsult.com\/index.php?rest_route=\/wp\/v2\/pages"}],"about":[{"href":"https:\/\/crocusconsult.com\/index.php?rest_route=\/wp\/v2\/types\/page"}],"author":[{"embeddable":true,"href":"https:\/\/crocusconsult.com\/index.php?rest_route=\/wp\/v2\/users\/1"}],"replies":[{"embeddable":true,"href":"https:\/\/crocusconsult.com\/index.php?rest_route=%2Fwp%2Fv2%2Fcomments&post=2069"}],"version-history":[{"count":25,"href":"https:\/\/crocusconsult.com\/index.php?rest_route=\/wp\/v2\/pages\/2069\/revisions"}],"predecessor-version":[{"id":2390,"href":"https:\/\/crocusconsult.com\/index.php?rest_route=\/wp\/v2\/pages\/2069\/revisions\/2390"}],"wp:attachment":[{"href":"https:\/\/crocusconsult.com\/index.php?rest_route=%2Fwp%2Fv2%2Fmedia&parent=2069"}],"curies":[{"name":"wp","href":"https:\/\/api.w.org\/{rel}","templated":true}]}}