{"id":2223,"date":"2019-09-02T07:23:46","date_gmt":"2019-09-02T07:23:46","guid":{"rendered":"https:\/\/crocusconsult.com\/?page_id=2223"},"modified":"2019-09-02T07:23:46","modified_gmt":"2019-09-02T07:23:46","slug":"services","status":"publish","type":"page","link":"https:\/\/crocusconsult.com\/?page_id=2223&lang=sq","title":{"rendered":"Leistungen"},"content":{"rendered":"<h2>Holen Sie sich hochwertige Beratungsdienste f\u00fcr Ihr zuk\u00fcnftiges Restaurant<\/h2>\n<ul>\n<li>\n<p>        <img decoding=\"async\" src=\"\/wp-content\/uploads\/2023\/11\/manager-3.png\" alt=\"\"><\/p>\n<h2>Projektleitung<\/h2>\n<div>\n<p>Unser Hauptziel ist es, Restaurants p\u00fcnktlich und zu optimalen Kosten zu er\u00f6ffnen, ohne dabei Kompromisse bei der Qualit\u00e4t der Arbeiten und Materialien einzugehen. Daher bieten wir folgendes an: komplettes Projektmanagement vom ersten Entwurf bis zur erfolgreichen Fertigstellung, Crocus Consult fungiert als Hauptauftragnehmer, um die Kosten des Projekts zu optimieren, Erstellung der Ausschreibungsunterlagen (Bauprojekt, K\u00fcchenplanung und Inneneinrichtung) und nach der Ausschreibung der Subunternehmer f\u00fcr das Projekt, um die Arbeit des Architekten\/Planungsteams, der Betriebsleitung, der Ingenieure und der Subunternehmer effektiv zu koordinieren, Fristen und Budgets einzuhalten und w\u00e4hrend des Projekts w\u00f6chentliche Fortschrittsberichte f\u00fcr den Kunden zu erstellen.<\/p>\n<\/div>\n<\/li>\n<li>\n<p>        <img decoding=\"async\" src=\"\/wp-content\/uploads\/2023\/11\/kitchen1.png\" alt=\"\"><\/p>\n<h2>FF&#038;E- und OS&#038;E-Management<\/h2>\n<div>\n<p>Auf der Grundlage des Restaurantdesigns und des K\u00fcchenplans (die wir zusammen mit den Architekten erstellen) schreiben wir die M\u00f6bel, Einrichtungsgegenst\u00e4nde und Ger\u00e4te bei zugelassenen Unternehmen aus, legen dem Kunden das Ergebnis und die Analyse der Ausschreibung vor und erteilen nach der Zustimmung des Kunden dem Gewinner den Auftrag. Koordinierung aller Phasen \u2013 von der Produktion\/Lieferung bis zur Installation der Ger\u00e4te und schlie\u00dflich Inbetriebnahme der K\u00fcche und \u00dcbergabe an die Betriebsleitung. Wir unterst\u00fctzen das Restaurant durch kostenlose technische Beratung w\u00e4hrend eines Jahres nach der Er\u00f6ffnung. Bei der j\u00e4hrlichen Bestellung von OS&amp;E auf Anfrage recherchieren wir gr\u00fcndlich, welche Ersatzteile f\u00fcr jedes Restaurant wirklich ben\u00f6tigt werden.<\/p>\n<\/div>\n<\/li>\n<li>\n<p>        <img decoding=\"async\" src=\"\/wp-content\/uploads\/2023\/11\/calculation.png\" alt=\"\"><\/p>\n<h2>Planung und Budgetierung<\/h2>\n<div>\n<p>F\u00fcr jedes Projekt z\u00e4hlen wir die CAPEX-Budgetierung und erstellen ein Gantt-Diagramm mit allen am Projekt beteiligten Akteuren. Wir stimmen auch den Zahlungsplan f\u00fcr alle Zahlungen im Zusammenhang mit dem Projekt mit Ihrem Buchhalter ab und legen ihn zur endg\u00fcltigen Genehmigung vor. Wir \u00fcberwachen die Materialpreise und Arbeitskosten und besprechen die Kosten regelm\u00e4\u00dfig mit den Subunternehmern und Lieferanten. Wir wissen, dass eine schnelle Reaktion von entscheidender Bedeutung ist und die Projektfristen knapp bemessen sind, und nutzen unsere Erfahrung im Projektmanagement, um sicherzustellen, dass alle Arbeiten rechtzeitig abgeschlossen werden.<\/p>\n<\/div>\n<\/li>\n<\/ul>\n<hr>\n<h2>Rufen Sie uns an<\/h2>\n<div><a href=\"tel:+ 421 919 175 020\">+ 421 919 175 020<\/a><\/div>\n<div>Handynummer<\/div>\n<div><a href=\"mailto:info@miamart.eu\">info@crocusconsult.com<\/a><\/div>\n<div>Email<\/div>\n<p><!--more--><br \/>\n<!-- {\"name\":\"Portfolio\",\"type\":\"layout\",\"children\":[{\"name\":\"Hero\",\"type\":\"section\",\"props\":{\"animation\":\"fade\",\"animation_delay\":\"200\",\"image\":\"wp-content\\\/uploads\\\/2023\\\/11\\\/2-2.jpg\",\"image_position\":\"center-center\",\"image_size\":\"cover\",\"media_background\":\"rgba(255, 255, 255, 0)\",\"media_blend_mode\":\"multiply\",\"media_overlay\":\"rgba(255, 255, 255, 0)\",\"overlap\":false,\"padding\":\"xlarge\",\"padding_remove_bottom\":false,\"style\":\"default\",\"text_color\":\"light\",\"title_breakpoint\":\"xl\",\"title_position\":\"top-left\",\"title_rotation\":\"left\",\"vertical_align\":\"middle\",\"width\":\"small\"},\"children\":[{\"type\":\"row\",\"props\":{\"column_gap\":\"small\",\"layout\":\"large,expand\",\"row_gap\":\"small\"},\"children\":[{\"type\":\"column\",\"props\":{\"image_position\":\"center-center\",\"padding\":\"xsmall\",\"position_sticky_breakpoint\":\"m\",\"style\":\"tile-primary\",\"text_color\":\"light\",\"width_medium\":\"large\"},\"children\":[{\"type\":\"headline\",\"props\":{\"content\":\"Holen Sie sich hochwertige Beratungsdienste f\\u00fcr Ihr zuk\\u00fcnftiges Restaurant\",\"maxwidth\":\"large\",\"position_left\":\"-10\",\"text_align\":\"left\",\"text_align_breakpoint\":\"s\",\"text_align_fallback\":\"center\",\"title_element\":\"h2\"}},{\"type\":\"text\",\"props\":{\"column_breakpoint\":\"m\",\"content\":\"\",\"margin\":\"default\",\"maxwidth\":\"large\",\"text_align\":\"left\",\"text_align_breakpoint\":\"s\",\"text_align_fallback\":\"center\",\"text_style\":\"large\"}}]},{\"type\":\"column\",\"props\":{\"image_position\":\"center-center\",\"position_sticky_breakpoint\":\"m\",\"width_medium\":\"expand\"}}]}]},{\"name\":\"Services\",\"type\":\"section\",\"props\":{\"animation\":\"fade\",\"animation_delay\":false,\"image_position\":\"center-center\",\"padding\":\"large\",\"style\":\"default\",\"title_breakpoint\":\"xl\",\"title_position\":\"top-left\",\"title_rotation\":\"left\",\"vertical_align\":\"middle\",\"width\":\"large\"},\"children\":[{\"type\":\"row\",\"children\":[{\"type\":\"column\",\"props\":{\"image_position\":\"center-center\",\"position_sticky_breakpoint\":\"m\",\"width_medium\":\"1-1\"},\"children\":[{\"type\":\"grid\",\"props\":{\"content_column_breakpoint\":\"m\",\"filter_align\":\"left\",\"filter_all\":true,\"filter_grid_breakpoint\":\"m\",\"filter_grid_width\":\"auto\",\"filter_position\":\"top\",\"filter_style\":\"tab\",\"grid_column_gap\":\"large\",\"grid_default\":\"1\",\"grid_medium\":\"3\",\"grid_row_gap\":\"large\",\"grid_small\":\"2\",\"icon_width\":80,\"image_align\":\"top\",\"image_grid_breakpoint\":\"m\",\"image_grid_width\":\"1-2\",\"image_loading\":true,\"image_svg_animate\":true,\"image_svg_color\":\"primary\",\"image_svg_inline\":true,\"item_animation\":true,\"link_style\":\"text\",\"link_text\":\"Read more\",\"margin\":\"default\",\"meta_align\":\"below-title\",\"meta_element\":\"div\",\"meta_style\":\"text-meta\",\"parallax_easing\":\"1\",\"show_content\":true,\"show_image\":true,\"show_link\":true,\"show_meta\":true,\"show_title\":true,\"text_align\":\"left\",\"text_align_breakpoint\":\"s\",\"text_align_fallback\":\"center\",\"title_align\":\"top\",\"title_element\":\"h2\",\"title_grid_breakpoint\":\"m\",\"title_grid_width\":\"1-2\",\"title_hover_style\":\"reset\",\"title_style\":\"h3\"},\"children\":[{\"type\":\"grid_item\",\"props\":{\"content\":\"\n\n<p>Unser Hauptziel ist es, Restaurants p\\u00fcnktlich und zu optimalen Kosten zu er\\u00f6ffnen, ohne dabei Kompromisse bei der Qualit\\u00e4t der Arbeiten und Materialien einzugehen. Daher bieten wir folgendes an: komplettes Projektmanagement vom ersten Entwurf bis zur erfolgreichen Fertigstellung, Crocus Consult fungiert als Hauptauftragnehmer, um die Kosten des Projekts zu optimieren, Erstellung der Ausschreibungsunterlagen (Bauprojekt, K\\u00fcchenplanung und Inneneinrichtung) und nach der Ausschreibung der Subunternehmer f\\u00fcr das Projekt, um die Arbeit des Architekten\\\/Planungsteams, der Betriebsleitung, der Ingenieure und der Subunternehmer effektiv zu koordinieren, Fristen und Budgets einzuhalten und w\\u00e4hrend des Projekts w\\u00f6chentliche Fortschrittsberichte f\\u00fcr den Kunden zu erstellen.<\\\/p>\",\"icon\":\"\",\"image\":\"wp-content\\\/uploads\\\/2023\\\/11\\\/manager-3.png\",\"title\":\"Projektleitung\"}},{\"type\":\"grid_item\",\"props\":{\"content\":\"\n\n<p>Auf der Grundlage des Restaurantdesigns und des K\\u00fcchenplans (die wir zusammen mit den Architekten erstellen) schreiben wir die M\\u00f6bel, Einrichtungsgegenst\\u00e4nde und Ger\\u00e4te bei zugelassenen Unternehmen aus, legen dem Kunden das Ergebnis und die Analyse der Ausschreibung vor und erteilen nach der Zustimmung des Kunden dem Gewinner den Auftrag. Koordinierung aller Phasen \\u2013 von der Produktion\\\/Lieferung bis zur Installation der Ger\\u00e4te und schlie\\u00dflich Inbetriebnahme der K\\u00fcche und \\u00dcbergabe an die Betriebsleitung. Wir unterst\\u00fctzen das Restaurant durch kostenlose technische Beratung w\\u00e4hrend eines Jahres nach der Er\\u00f6ffnung. Bei der j\\u00e4hrlichen Bestellung von OS&amp;E auf Anfrage recherchieren wir gr\\u00fcndlich, welche Ersatzteile f\\u00fcr jedes Restaurant wirklich ben\\u00f6tigt werden.<\\\/p>\",\"icon\":\"\",\"image\":\"wp-content\\\/uploads\\\/2023\\\/11\\\/kitchen1.png\",\"title\":\"FF&E- und OS&E-Management\"}},{\"type\":\"grid_item\",\"props\":{\"content\":\"\n\n<p>F\\u00fcr jedes Projekt z\\u00e4hlen wir die CAPEX-Budgetierung und erstellen ein Gantt-Diagramm mit allen am Projekt beteiligten Akteuren. Wir stimmen auch den Zahlungsplan f\\u00fcr alle Zahlungen im Zusammenhang mit dem Projekt mit Ihrem Buchhalter ab und legen ihn zur endg\\u00fcltigen Genehmigung vor. Wir \\u00fcberwachen die Materialpreise und Arbeitskosten und besprechen die Kosten regelm\\u00e4\\u00dfig mit den Subunternehmern und Lieferanten. Wir wissen, dass eine schnelle Reaktion von entscheidender Bedeutung ist und die Projektfristen knapp bemessen sind, und nutzen unsere Erfahrung im Projektmanagement, um sicherzustellen, dass alle Arbeiten rechtzeitig abgeschlossen werden.<\\\/p>\",\"icon\":\"\",\"image\":\"wp-content\\\/uploads\\\/2023\\\/11\\\/calculation.png\",\"title\":\"Planung und Budgetierung\"}}]}]}]}]},{\"name\":\"Contact\",\"type\":\"section\",\"props\":{\"image_position\":\"center-center\",\"padding_remove_top\":false,\"style\":\"default\",\"title_breakpoint\":\"xl\",\"title_position\":\"top-left\",\"title_rotation\":\"left\",\"vertical_align\":\"middle\",\"width\":\"small\"},\"children\":[{\"type\":\"row\",\"props\":{\"margin\":\"large\"},\"children\":[{\"type\":\"column\",\"props\":{\"image_position\":\"center-center\",\"position_sticky_breakpoint\":\"m\",\"width_medium\":\"1-1\"},\"children\":[{\"type\":\"divider\",\"props\":{\"divider_element\":\"hr\"}}]}]},{\"type\":\"row\",\"props\":{\"layout\":\"1-3,1-3,1-3\",\"margin\":\"large\",\"width\":\"default\"},\"children\":[{\"type\":\"column\",\"props\":{\"image_position\":\"center-center\",\"position_sticky_breakpoint\":\"m\",\"width_small\":\"1-3\"},\"children\":[{\"type\":\"headline\",\"props\":{\"content\":\"Rufen Sie uns an\",\"margin\":\"medium\",\"text_align\":\"left\",\"title_decoration\":\"bullet\",\"title_element\":\"h2\",\"title_style\":\"h5\"}}]},{\"type\":\"column\",\"props\":{\"image_position\":\"center-center\",\"position_sticky_breakpoint\":\"m\",\"width_small\":\"1-3\"},\"children\":[{\"type\":\"headline\",\"props\":{\"content\":\"+ 421 919 175 020\",\"link\":\"tel:+ 421 919 175 020\",\"margin\":\"small\",\"title_element\":\"div\",\"title_style\":\"h6\"}},{\"type\":\"text\",\"props\":{\"column_breakpoint\":\"m\",\"content\":\"Handynummer\",\"margin\":\"remove-vertical\",\"text_style\":\"meta\"}}]},{\"type\":\"column\",\"props\":{\"image_position\":\"center-center\",\"position_sticky_breakpoint\":\"m\",\"width_small\":\"1-3\"},\"children\":[{\"type\":\"headline\",\"props\":{\"content\":\"info@crocusconsult.com\",\"link\":\"mailto:info@miamart.eu\",\"margin\":\"small\",\"title_element\":\"div\",\"title_style\":\"h6\"}},{\"type\":\"text\",\"props\":{\"column_breakpoint\":\"m\",\"content\":\"Email\",\"margin\":\"remove-vertical\",\"text_style\":\"meta\"}}]}]}]}],\"version\":\"4.2.0\"} --><\/p>\n","protected":false},"excerpt":{"rendered":"<p>Holen Sie sich hochwertige Beratungsdienste f\u00fcr Ihr zuk\u00fcnftiges Restaurant Projektleitung Unser Hauptziel ist es, Restaurants p\u00fcnktlich und zu optimalen Kosten zu er\u00f6ffnen, ohne dabei Kompromisse bei der Qualit\u00e4t der Arbeiten und Materialien einzugehen. Daher bieten wir folgendes an: komplettes Projektmanagement vom ersten Entwurf bis zur erfolgreichen Fertigstellung, Crocus Consult fungiert als Hauptauftragnehmer, um die Kosten [&hellip;]<\/p>\n","protected":false},"author":1,"featured_media":0,"parent":0,"menu_order":9,"comment_status":"open","ping_status":"open","template":"","meta":{"footnotes":""},"class_list":["post-2223","page","type-page","status-publish","hentry"],"acf":[],"yoast_head":"<!-- This site is optimized with the Yoast SEO plugin v21.7 - https:\/\/yoast.com\/wordpress\/plugins\/seo\/ -->\n<title>Leistungen - Crocus Consult<\/title>\n<meta name=\"robots\" content=\"index, follow, max-snippet:-1, max-image-preview:large, max-video-preview:-1\" \/>\n<link rel=\"canonical\" href=\"https:\/\/crocusconsult.com\/?page_id=2223&lang=sq\" \/>\n<meta property=\"og:locale\" content=\"en_US\" \/>\n<meta property=\"og:type\" content=\"article\" \/>\n<meta property=\"og:title\" content=\"Leistungen - Crocus Consult\" \/>\n<meta property=\"og:description\" content=\"Holen Sie sich hochwertige Beratungsdienste f\u00fcr Ihr zuk\u00fcnftiges Restaurant Projektleitung Unser Hauptziel ist es, Restaurants p\u00fcnktlich und zu optimalen Kosten zu er\u00f6ffnen, ohne dabei Kompromisse bei der Qualit\u00e4t der Arbeiten und Materialien einzugehen. Daher bieten wir folgendes an: komplettes Projektmanagement vom ersten Entwurf bis zur erfolgreichen Fertigstellung, Crocus Consult fungiert als Hauptauftragnehmer, um die Kosten [&hellip;]\" \/>\n<meta property=\"og:url\" content=\"https:\/\/crocusconsult.com\/?page_id=2223&amp;lang=sq\" \/>\n<meta property=\"og:site_name\" content=\"Crocus Consult\" \/>\n<meta name=\"twitter:card\" content=\"summary_large_image\" \/>\n<meta name=\"twitter:label1\" content=\"Est. reading time\" \/>\n\t<meta name=\"twitter:data1\" content=\"2 minutes\" \/>\n<script type=\"application\/ld+json\" class=\"yoast-schema-graph\">{\"@context\":\"https:\/\/schema.org\",\"@graph\":[{\"@type\":\"WebPage\",\"@id\":\"https:\/\/crocusconsult.com\/?page_id=2223&lang=sq\",\"url\":\"https:\/\/crocusconsult.com\/?page_id=2223&lang=sq\",\"name\":\"Leistungen - Crocus Consult\",\"isPartOf\":{\"@id\":\"https:\/\/crocusconsult.com\/#website\"},\"datePublished\":\"2019-09-02T07:23:46+00:00\",\"dateModified\":\"2019-09-02T07:23:46+00:00\",\"breadcrumb\":{\"@id\":\"https:\/\/crocusconsult.com\/?page_id=2223&lang=sq#breadcrumb\"},\"inLanguage\":\"en-US\",\"potentialAction\":[{\"@type\":\"ReadAction\",\"target\":[\"https:\/\/crocusconsult.com\/?page_id=2223&lang=sq\"]}]},{\"@type\":\"BreadcrumbList\",\"@id\":\"https:\/\/crocusconsult.com\/?page_id=2223&lang=sq#breadcrumb\",\"itemListElement\":[{\"@type\":\"ListItem\",\"position\":1,\"name\":\"Home\",\"item\":\"https:\/\/crocusconsult.com\/\"},{\"@type\":\"ListItem\",\"position\":2,\"name\":\"Leistungen\"}]},{\"@type\":\"WebSite\",\"@id\":\"https:\/\/crocusconsult.com\/#website\",\"url\":\"https:\/\/crocusconsult.com\/\",\"name\":\"Crocus Consult\",\"description\":\"\",\"publisher\":{\"@id\":\"https:\/\/crocusconsult.com\/#organization\"},\"potentialAction\":[{\"@type\":\"SearchAction\",\"target\":{\"@type\":\"EntryPoint\",\"urlTemplate\":\"https:\/\/crocusconsult.com\/?s={search_term_string}\"},\"query-input\":\"required name=search_term_string\"}],\"inLanguage\":\"en-US\"},{\"@type\":\"Organization\",\"@id\":\"https:\/\/crocusconsult.com\/#organization\",\"name\":\"Crocus Consult\",\"url\":\"https:\/\/crocusconsult.com\/\",\"logo\":{\"@type\":\"ImageObject\",\"inLanguage\":\"en-US\",\"@id\":\"https:\/\/crocusconsult.com\/#\/schema\/logo\/image\/\",\"url\":\"https:\/\/crocusconsult.com\/wp-content\/uploads\/2023\/11\/LOGO-BEST-1.png\",\"contentUrl\":\"https:\/\/crocusconsult.com\/wp-content\/uploads\/2023\/11\/LOGO-BEST-1.png\",\"width\":400,\"height\":160,\"caption\":\"Crocus Consult\"},\"image\":{\"@id\":\"https:\/\/crocusconsult.com\/#\/schema\/logo\/image\/\"}}]}<\/script>\n<!-- \/ Yoast SEO plugin. -->","yoast_head_json":{"title":"Leistungen - Crocus Consult","robots":{"index":"index","follow":"follow","max-snippet":"max-snippet:-1","max-image-preview":"max-image-preview:large","max-video-preview":"max-video-preview:-1"},"canonical":"https:\/\/crocusconsult.com\/?page_id=2223&lang=sq","og_locale":"en_US","og_type":"article","og_title":"Leistungen - Crocus Consult","og_description":"Holen Sie sich hochwertige Beratungsdienste f\u00fcr Ihr zuk\u00fcnftiges Restaurant Projektleitung Unser Hauptziel ist es, Restaurants p\u00fcnktlich und zu optimalen Kosten zu er\u00f6ffnen, ohne dabei Kompromisse bei der Qualit\u00e4t der Arbeiten und Materialien einzugehen. Daher bieten wir folgendes an: komplettes Projektmanagement vom ersten Entwurf bis zur erfolgreichen Fertigstellung, Crocus Consult fungiert als Hauptauftragnehmer, um die Kosten [&hellip;]","og_url":"https:\/\/crocusconsult.com\/?page_id=2223&lang=sq","og_site_name":"Crocus Consult","twitter_card":"summary_large_image","twitter_misc":{"Est. reading time":"2 minutes"},"schema":{"@context":"https:\/\/schema.org","@graph":[{"@type":"WebPage","@id":"https:\/\/crocusconsult.com\/?page_id=2223&lang=sq","url":"https:\/\/crocusconsult.com\/?page_id=2223&lang=sq","name":"Leistungen - Crocus Consult","isPartOf":{"@id":"https:\/\/crocusconsult.com\/#website"},"datePublished":"2019-09-02T07:23:46+00:00","dateModified":"2019-09-02T07:23:46+00:00","breadcrumb":{"@id":"https:\/\/crocusconsult.com\/?page_id=2223&lang=sq#breadcrumb"},"inLanguage":"en-US","potentialAction":[{"@type":"ReadAction","target":["https:\/\/crocusconsult.com\/?page_id=2223&lang=sq"]}]},{"@type":"BreadcrumbList","@id":"https:\/\/crocusconsult.com\/?page_id=2223&lang=sq#breadcrumb","itemListElement":[{"@type":"ListItem","position":1,"name":"Home","item":"https:\/\/crocusconsult.com\/"},{"@type":"ListItem","position":2,"name":"Leistungen"}]},{"@type":"WebSite","@id":"https:\/\/crocusconsult.com\/#website","url":"https:\/\/crocusconsult.com\/","name":"Crocus Consult","description":"","publisher":{"@id":"https:\/\/crocusconsult.com\/#organization"},"potentialAction":[{"@type":"SearchAction","target":{"@type":"EntryPoint","urlTemplate":"https:\/\/crocusconsult.com\/?s={search_term_string}"},"query-input":"required name=search_term_string"}],"inLanguage":"en-US"},{"@type":"Organization","@id":"https:\/\/crocusconsult.com\/#organization","name":"Crocus Consult","url":"https:\/\/crocusconsult.com\/","logo":{"@type":"ImageObject","inLanguage":"en-US","@id":"https:\/\/crocusconsult.com\/#\/schema\/logo\/image\/","url":"https:\/\/crocusconsult.com\/wp-content\/uploads\/2023\/11\/LOGO-BEST-1.png","contentUrl":"https:\/\/crocusconsult.com\/wp-content\/uploads\/2023\/11\/LOGO-BEST-1.png","width":400,"height":160,"caption":"Crocus Consult"},"image":{"@id":"https:\/\/crocusconsult.com\/#\/schema\/logo\/image\/"}}]}},"_links":{"self":[{"href":"https:\/\/crocusconsult.com\/index.php?rest_route=\/wp\/v2\/pages\/2223","targetHints":{"allow":["GET"]}}],"collection":[{"href":"https:\/\/crocusconsult.com\/index.php?rest_route=\/wp\/v2\/pages"}],"about":[{"href":"https:\/\/crocusconsult.com\/index.php?rest_route=\/wp\/v2\/types\/page"}],"author":[{"embeddable":true,"href":"https:\/\/crocusconsult.com\/index.php?rest_route=\/wp\/v2\/users\/1"}],"replies":[{"embeddable":true,"href":"https:\/\/crocusconsult.com\/index.php?rest_route=%2Fwp%2Fv2%2Fcomments&post=2223"}],"version-history":[{"count":0,"href":"https:\/\/crocusconsult.com\/index.php?rest_route=\/wp\/v2\/pages\/2223\/revisions"}],"wp:attachment":[{"href":"https:\/\/crocusconsult.com\/index.php?rest_route=%2Fwp%2Fv2%2Fmedia&parent=2223"}],"curies":[{"name":"wp","href":"https:\/\/api.w.org\/{rel}","templated":true}]}}