{"id":2237,"date":"2019-09-02T07:23:46","date_gmt":"2019-09-02T07:23:46","guid":{"rendered":"https:\/\/crocusconsult.com\/?page_id=2237"},"modified":"2023-12-04T10:34:51","modified_gmt":"2023-12-04T10:34:51","slug":"services","status":"publish","type":"page","link":"https:\/\/crocusconsult.com\/?page_id=2237&lang=cs","title":{"rendered":"Slu\u017eby"},"content":{"rendered":"<h2>Z\u00edskejte kvalitn\u00ed poradensk\u00e9 slu\u017eby pro svou budouc\u00ed restauraci<\/h2>\n<ul>\n<li>\n<p>        <img decoding=\"async\" src=\"\/wp-content\/uploads\/2023\/11\/manager-3.png\" alt=\"\"><\/p>\n<h2>\u0158\u00edzen\u00ed projekt\u016f<\/h2>\n<div>\n<p>Na\u0161\u00edm hlavn\u00edm c\u00edlem je otev\u0159\u00edt restaurace v\u010das a s optim\u00e1ln\u00edmi n\u00e1klady, ani\u017e by byla ohro\u017eena kvalita prac\u00ed a materi\u00e1l\u016f, proto nab\u00edz\u00edme: kompletn\u00ed \u0159\u00edzen\u00ed projektu od prvn\u00edho n\u00e1vrhu a\u017e po \u00fasp\u011b\u0161n\u00e9 dokon\u010den\u00ed, Crocus Consult p\u016fsob\u00ed jako hlavn\u00ed dodavatel pro optimalizaci n\u00e1klad\u016f projektu, p\u0159\u00edpravu zad\u00e1vac\u00ed dokumentace (stavebn\u00ed projekt, n\u00e1vrh dispozice kuchyn\u011b a interi\u00e9ru) a po v\u00fdb\u011brov\u00e9m \u0159\u00edzen\u00ed subdodavatel\u016f pro projekt pro dal\u0161\u00ed efektivn\u00ed koordinaci pr\u00e1ce architekta\/projektov\u00e9ho t\u00fdmu, veden\u00ed provozu, in\u017een\u00fdr\u016f a subdodavatel\u016f, dodr\u017eov\u00e1n\u00ed term\u00edn\u016f a rozpo\u010dt\u016f, p\u0159\u00edpravu t\u00fddenn\u00edch zpr\u00e1v o pr\u016fb\u011bhu projektu pro klienta.<\/p>\n<\/div>\n<\/li>\n<li>\n<p>        <img decoding=\"async\" src=\"\/wp-content\/uploads\/2023\/11\/kitchen1.png\" alt=\"\"><\/p>\n<h2>Spr\u00e1va FF&#038;E a OS&#038;E<\/h2>\n<div>\n<p>Na z\u00e1klad\u011b n\u00e1vrhu restaurace a pl\u00e1nu kuchyn\u011b (vytv\u00e1\u0159\u00edme je spole\u010dn\u011b s architekty) vypisujeme v\u00fdb\u011brov\u00e1 \u0159\u00edzen\u00ed na n\u00e1bytek, za\u0159\u00edzen\u00ed a vybaven\u00ed, p\u0159edkl\u00e1d\u00e1me klientovi v\u00fdsledek a anal\u00fdzu v\u00fdb\u011brov\u00e9ho \u0159\u00edzen\u00ed a po jeho schv\u00e1len\u00ed zad\u00e1v\u00e1me objedn\u00e1vku v\u00edt\u011bzi. Koordinace v\u0161ech f\u00e1z\u00ed &#8211; od v\u00fdroby\/dod\u00e1vky a\u017e po instalaci vybaven\u00ed a nakonec uveden\u00ed kuchyn\u011b do provozu a p\u0159ed\u00e1n\u00ed veden\u00ed provozu. Podporu restaurace formou technick\u00fdch konzultac\u00ed zdarma po dobu jednoho roku od otev\u0159en\u00ed. Objedn\u00e1v\u00e1n\u00ed OS&amp;E na ro\u010dn\u00ed b\u00e1zi na vy\u017e\u00e1d\u00e1n\u00ed, d\u016fkladn\u011b prozkoum\u00e1me, jak\u00e9 n\u00e1hradn\u00ed d\u00edly jsou pro ka\u017edou restauraci skute\u010dn\u011b pot\u0159eba.<\/p>\n<\/div>\n<\/li>\n<li>\n<p>        <img decoding=\"async\" src=\"\/wp-content\/uploads\/2023\/11\/calculation.png\" alt=\"\"><\/p>\n<h2>Pl\u00e1nov\u00e1n\u00ed a sestavov\u00e1n\u00ed rozpo\u010dtu<\/h2>\n<div>Pro ka\u017ed\u00fd projekt po\u010d\u00edt\u00e1me rozpo\u010det CAPEX a sestavujeme Gantt\u016fv diagram se v\u0161emi \u00fa\u010dastn\u00edky projektu. S va\u0161\u00edm \u00fa\u010detn\u00edm tak\u00e9 zkoordinujeme Harmonogram plateb pro v\u0161echny platby souvisej\u00edc\u00ed s projektem a p\u0159edlo\u017e\u00edme jej ke kone\u010dn\u00e9mu schv\u00e1len\u00ed. Sledujeme ceny materi\u00e1lu a mzdov\u00e9 n\u00e1klady, pravideln\u011b projedn\u00e1v\u00e1me n\u00e1klady se subdodavateli a dodavateli. Jsme si v\u011bdomi, \u017ee rychl\u00e1 reakce je rozhoduj\u00edc\u00ed a term\u00edny projekt\u016f jsou napjat\u00e9, a vyu\u017e\u00edv\u00e1me na\u0161ich zku\u0161enost\u00ed s \u0159\u00edzen\u00edm projekt\u016f, abychom zajistili, \u017ee v\u0161echny pr\u00e1ce budou dokon\u010deny v\u010das.<\/div>\n<\/li>\n<\/ul>\n<hr>\n<h2>Spojte se s n\u00e1mi<\/h2>\n<div><a href=\"tel:+ 421 919 175 020\">+ 421 919 175 020<\/a><\/div>\n<div>Telefon<\/div>\n<div><a href=\"mailto:info@miamart.eu\">info@crocusconsult.com<\/a><\/div>\n<div>Email<\/div>\n<p><!--more--><br \/>\n<!-- {\"name\":\"Portfolio\",\"type\":\"layout\",\"children\":[{\"name\":\"Hero\",\"type\":\"section\",\"props\":{\"animation\":\"fade\",\"animation_delay\":\"200\",\"image\":\"wp-content\\\/uploads\\\/2023\\\/11\\\/2-2.jpg\",\"image_position\":\"center-center\",\"image_size\":\"cover\",\"media_background\":\"rgba(255, 255, 255, 0)\",\"media_blend_mode\":\"multiply\",\"media_overlay\":\"rgba(255, 255, 255, 0)\",\"overlap\":false,\"padding\":\"xlarge\",\"padding_remove_bottom\":false,\"style\":\"default\",\"text_color\":\"light\",\"title_breakpoint\":\"xl\",\"title_position\":\"top-left\",\"title_rotation\":\"left\",\"vertical_align\":\"middle\",\"width\":\"small\"},\"children\":[{\"type\":\"row\",\"props\":{\"column_gap\":\"small\",\"layout\":\"large,expand\",\"row_gap\":\"small\"},\"children\":[{\"type\":\"column\",\"props\":{\"image_position\":\"center-center\",\"padding\":\"xsmall\",\"position_sticky_breakpoint\":\"m\",\"style\":\"tile-primary\",\"text_color\":\"light\",\"width_medium\":\"large\"},\"children\":[{\"type\":\"headline\",\"props\":{\"content\":\"Z\\u00edskejte kvalitn\\u00ed poradensk\\u00e9 slu\\u017eby pro svou budouc\\u00ed restauraci\",\"maxwidth\":\"large\",\"position_left\":\"-10\",\"text_align\":\"left\",\"text_align_breakpoint\":\"s\",\"text_align_fallback\":\"center\",\"title_element\":\"h2\"}},{\"type\":\"text\",\"props\":{\"column_breakpoint\":\"m\",\"content\":\"\",\"margin\":\"default\",\"maxwidth\":\"large\",\"text_align\":\"left\",\"text_align_breakpoint\":\"s\",\"text_align_fallback\":\"center\",\"text_style\":\"large\"}}]},{\"type\":\"column\",\"props\":{\"image_position\":\"center-center\",\"position_sticky_breakpoint\":\"m\",\"width_medium\":\"expand\"}}]}]},{\"name\":\"Services\",\"type\":\"section\",\"props\":{\"animation\":\"fade\",\"animation_delay\":false,\"image_position\":\"center-center\",\"padding\":\"large\",\"style\":\"default\",\"title_breakpoint\":\"xl\",\"title_position\":\"top-left\",\"title_rotation\":\"left\",\"vertical_align\":\"middle\",\"width\":\"large\"},\"children\":[{\"type\":\"row\",\"children\":[{\"type\":\"column\",\"props\":{\"image_position\":\"center-center\",\"position_sticky_breakpoint\":\"m\",\"width_medium\":\"1-1\"},\"children\":[{\"type\":\"grid\",\"props\":{\"content_column_breakpoint\":\"m\",\"filter_align\":\"left\",\"filter_all\":true,\"filter_grid_breakpoint\":\"m\",\"filter_grid_width\":\"auto\",\"filter_position\":\"top\",\"filter_style\":\"tab\",\"grid_column_gap\":\"large\",\"grid_default\":\"1\",\"grid_medium\":\"3\",\"grid_row_gap\":\"large\",\"grid_small\":\"2\",\"icon_width\":80,\"image_align\":\"top\",\"image_grid_breakpoint\":\"m\",\"image_grid_width\":\"1-2\",\"image_loading\":true,\"image_svg_animate\":true,\"image_svg_color\":\"primary\",\"image_svg_inline\":true,\"item_animation\":true,\"link_style\":\"text\",\"link_text\":\"Read more\",\"margin\":\"default\",\"meta_align\":\"below-title\",\"meta_element\":\"div\",\"meta_style\":\"text-meta\",\"parallax_easing\":\"1\",\"show_content\":true,\"show_image\":true,\"show_link\":true,\"show_meta\":true,\"show_title\":true,\"text_align\":\"left\",\"text_align_breakpoint\":\"s\",\"text_align_fallback\":\"center\",\"title_align\":\"top\",\"title_element\":\"h2\",\"title_grid_breakpoint\":\"m\",\"title_grid_width\":\"1-2\",\"title_hover_style\":\"reset\",\"title_style\":\"h3\"},\"children\":[{\"type\":\"grid_item\",\"props\":{\"content\":\"\n\n<p>Na\\u0161\\u00edm hlavn\\u00edm c\\u00edlem je otev\\u0159\\u00edt restaurace v\\u010das a s optim\\u00e1ln\\u00edmi n\\u00e1klady, ani\\u017e by byla ohro\\u017eena kvalita prac\\u00ed a materi\\u00e1l\\u016f, proto nab\\u00edz\\u00edme: kompletn\\u00ed \\u0159\\u00edzen\\u00ed projektu od prvn\\u00edho n\\u00e1vrhu a\\u017e po \\u00fasp\\u011b\\u0161n\\u00e9 dokon\\u010den\\u00ed, Crocus Consult p\\u016fsob\\u00ed jako hlavn\\u00ed dodavatel pro optimalizaci n\\u00e1klad\\u016f projektu, p\\u0159\\u00edpravu zad\\u00e1vac\\u00ed dokumentace (stavebn\\u00ed projekt, n\\u00e1vrh dispozice kuchyn\\u011b a interi\\u00e9ru) a po v\\u00fdb\\u011brov\\u00e9m \\u0159\\u00edzen\\u00ed subdodavatel\\u016f pro projekt pro dal\\u0161\\u00ed efektivn\\u00ed koordinaci pr\\u00e1ce architekta\\\/projektov\\u00e9ho t\\u00fdmu, veden\\u00ed provozu, in\\u017een\\u00fdr\\u016f a subdodavatel\\u016f, dodr\\u017eov\\u00e1n\\u00ed term\\u00edn\\u016f a rozpo\\u010dt\\u016f, p\\u0159\\u00edpravu t\\u00fddenn\\u00edch zpr\\u00e1v o pr\\u016fb\\u011bhu projektu pro klienta.<\\\/p>\",\"icon\":\"\",\"image\":\"wp-content\\\/uploads\\\/2023\\\/11\\\/manager-3.png\",\"title\":\"\\u0158\\u00edzen\\u00ed projekt\\u016f\"}},{\"type\":\"grid_item\",\"props\":{\"content\":\"\n\n<p>Na z\\u00e1klad\\u011b n\\u00e1vrhu restaurace a pl\\u00e1nu kuchyn\\u011b (vytv\\u00e1\\u0159\\u00edme je spole\\u010dn\\u011b s architekty) vypisujeme v\\u00fdb\\u011brov\\u00e1 \\u0159\\u00edzen\\u00ed na n\\u00e1bytek, za\\u0159\\u00edzen\\u00ed a vybaven\\u00ed, p\\u0159edkl\\u00e1d\\u00e1me klientovi v\\u00fdsledek a anal\\u00fdzu v\\u00fdb\\u011brov\\u00e9ho \\u0159\\u00edzen\\u00ed a po jeho schv\\u00e1len\\u00ed zad\\u00e1v\\u00e1me objedn\\u00e1vku v\\u00edt\\u011bzi. Koordinace v\\u0161ech f\\u00e1z\\u00ed - od v\\u00fdroby\\\/dod\\u00e1vky a\\u017e po instalaci vybaven\\u00ed a nakonec uveden\\u00ed kuchyn\\u011b do provozu a p\\u0159ed\\u00e1n\\u00ed veden\\u00ed provozu. Podporu restaurace formou technick\\u00fdch konzultac\\u00ed zdarma po dobu jednoho roku od otev\\u0159en\\u00ed. Objedn\\u00e1v\\u00e1n\\u00ed OS&amp;E na ro\\u010dn\\u00ed b\\u00e1zi na vy\\u017e\\u00e1d\\u00e1n\\u00ed, d\\u016fkladn\\u011b prozkoum\\u00e1me, jak\\u00e9 n\\u00e1hradn\\u00ed d\\u00edly jsou pro ka\\u017edou restauraci skute\\u010dn\\u011b pot\\u0159eba.<\\\/p>\",\"icon\":\"\",\"image\":\"wp-content\\\/uploads\\\/2023\\\/11\\\/kitchen1.png\",\"title\":\"Spr\\u00e1va FF&E a OS&E\"}},{\"type\":\"grid_item\",\"props\":{\"content\":\"Pro ka\\u017ed\\u00fd projekt po\\u010d\\u00edt\\u00e1me rozpo\\u010det CAPEX a sestavujeme Gantt\\u016fv diagram se v\\u0161emi \\u00fa\\u010dastn\\u00edky projektu. S va\\u0161\\u00edm \\u00fa\\u010detn\\u00edm tak\\u00e9 zkoordinujeme Harmonogram plateb pro v\\u0161echny platby souvisej\\u00edc\\u00ed s projektem a p\\u0159edlo\\u017e\\u00edme jej ke kone\\u010dn\\u00e9mu schv\\u00e1len\\u00ed. Sledujeme ceny materi\\u00e1lu a mzdov\\u00e9 n\\u00e1klady, pravideln\\u011b projedn\\u00e1v\\u00e1me n\\u00e1klady se subdodavateli a dodavateli. Jsme si v\\u011bdomi, \\u017ee rychl\\u00e1 reakce je rozhoduj\\u00edc\\u00ed a term\\u00edny projekt\\u016f jsou napjat\\u00e9, a vyu\\u017e\\u00edv\\u00e1me na\\u0161ich zku\\u0161enost\\u00ed s \\u0159\\u00edzen\\u00edm projekt\\u016f, abychom zajistili, \\u017ee v\\u0161echny pr\\u00e1ce budou dokon\\u010deny v\\u010das.\",\"icon\":\"\",\"image\":\"wp-content\\\/uploads\\\/2023\\\/11\\\/calculation.png\",\"title\":\"Pl\\u00e1nov\\u00e1n\\u00ed a sestavov\\u00e1n\\u00ed rozpo\\u010dtu\"}}]}]}]}]},{\"name\":\"Contact\",\"type\":\"section\",\"props\":{\"image_position\":\"center-center\",\"padding_remove_top\":false,\"style\":\"default\",\"title_breakpoint\":\"xl\",\"title_position\":\"top-left\",\"title_rotation\":\"left\",\"vertical_align\":\"middle\",\"width\":\"small\"},\"children\":[{\"type\":\"row\",\"props\":{\"margin\":\"large\"},\"children\":[{\"type\":\"column\",\"props\":{\"image_position\":\"center-center\",\"position_sticky_breakpoint\":\"m\",\"width_medium\":\"1-1\"},\"children\":[{\"type\":\"divider\",\"props\":{\"divider_element\":\"hr\"}}]}]},{\"type\":\"row\",\"props\":{\"layout\":\"1-3,1-3,1-3\",\"margin\":\"large\",\"width\":\"default\"},\"children\":[{\"type\":\"column\",\"props\":{\"image_position\":\"center-center\",\"position_sticky_breakpoint\":\"m\",\"width_small\":\"1-3\"},\"children\":[{\"type\":\"headline\",\"props\":{\"content\":\"Spojte se s n\\u00e1mi\",\"margin\":\"medium\",\"text_align\":\"left\",\"title_decoration\":\"bullet\",\"title_element\":\"h2\",\"title_style\":\"h5\"}}]},{\"type\":\"column\",\"props\":{\"image_position\":\"center-center\",\"position_sticky_breakpoint\":\"m\",\"width_small\":\"1-3\"},\"children\":[{\"type\":\"headline\",\"props\":{\"content\":\"+ 421 919 175 020\",\"link\":\"tel:+ 421 919 175 020\",\"margin\":\"small\",\"title_element\":\"div\",\"title_style\":\"h6\"}},{\"type\":\"text\",\"props\":{\"column_breakpoint\":\"m\",\"content\":\"Telefon\",\"margin\":\"remove-vertical\",\"text_style\":\"meta\"}}]},{\"type\":\"column\",\"props\":{\"image_position\":\"center-center\",\"position_sticky_breakpoint\":\"m\",\"width_small\":\"1-3\"},\"children\":[{\"type\":\"headline\",\"props\":{\"content\":\"info@crocusconsult.com\",\"link\":\"mailto:info@miamart.eu\",\"margin\":\"small\",\"title_element\":\"div\",\"title_style\":\"h6\"}},{\"type\":\"text\",\"props\":{\"column_breakpoint\":\"m\",\"content\":\"Email\",\"margin\":\"remove-vertical\",\"text_style\":\"meta\"}}]}]}]}],\"version\":\"4.2.0\"} --><\/p>\n","protected":false},"excerpt":{"rendered":"<p>Z\u00edskejte kvalitn\u00ed poradensk\u00e9 slu\u017eby pro svou budouc\u00ed restauraci \u0158\u00edzen\u00ed projekt\u016f Na\u0161\u00edm hlavn\u00edm c\u00edlem je otev\u0159\u00edt restaurace v\u010das a s optim\u00e1ln\u00edmi n\u00e1klady, ani\u017e by byla ohro\u017eena kvalita prac\u00ed a materi\u00e1l\u016f, proto nab\u00edz\u00edme: kompletn\u00ed \u0159\u00edzen\u00ed projektu od prvn\u00edho n\u00e1vrhu a\u017e po \u00fasp\u011b\u0161n\u00e9 dokon\u010den\u00ed, Crocus Consult p\u016fsob\u00ed jako hlavn\u00ed dodavatel pro optimalizaci n\u00e1klad\u016f projektu, p\u0159\u00edpravu zad\u00e1vac\u00ed dokumentace (stavebn\u00ed [&hellip;]<\/p>\n","protected":false},"author":1,"featured_media":0,"parent":0,"menu_order":9,"comment_status":"open","ping_status":"open","template":"","meta":{"footnotes":""},"class_list":["post-2237","page","type-page","status-publish","hentry"],"acf":[],"yoast_head":"<!-- This site is optimized with the Yoast SEO plugin v21.7 - https:\/\/yoast.com\/wordpress\/plugins\/seo\/ -->\n<title>Slu\u017eby - Crocus Consult<\/title>\n<meta name=\"robots\" content=\"index, follow, max-snippet:-1, max-image-preview:large, max-video-preview:-1\" \/>\n<link rel=\"canonical\" href=\"https:\/\/crocusconsult.com\/?page_id=2237&lang=cs\" \/>\n<meta property=\"og:locale\" content=\"en_US\" \/>\n<meta property=\"og:type\" content=\"article\" \/>\n<meta property=\"og:title\" content=\"Slu\u017eby - Crocus Consult\" \/>\n<meta property=\"og:description\" content=\"Z\u00edskejte kvalitn\u00ed poradensk\u00e9 slu\u017eby pro svou budouc\u00ed restauraci \u0158\u00edzen\u00ed projekt\u016f Na\u0161\u00edm hlavn\u00edm c\u00edlem je otev\u0159\u00edt restaurace v\u010das a s optim\u00e1ln\u00edmi n\u00e1klady, ani\u017e by byla ohro\u017eena kvalita prac\u00ed a materi\u00e1l\u016f, proto nab\u00edz\u00edme: kompletn\u00ed \u0159\u00edzen\u00ed projektu od prvn\u00edho n\u00e1vrhu a\u017e po \u00fasp\u011b\u0161n\u00e9 dokon\u010den\u00ed, Crocus Consult p\u016fsob\u00ed jako hlavn\u00ed dodavatel pro optimalizaci n\u00e1klad\u016f projektu, p\u0159\u00edpravu zad\u00e1vac\u00ed dokumentace (stavebn\u00ed [&hellip;]\" \/>\n<meta property=\"og:url\" content=\"https:\/\/crocusconsult.com\/?page_id=2237&amp;lang=cs\" \/>\n<meta property=\"og:site_name\" content=\"Crocus Consult\" \/>\n<meta property=\"article:modified_time\" content=\"2023-12-04T10:34:51+00:00\" \/>\n<meta name=\"twitter:card\" content=\"summary_large_image\" \/>\n<meta name=\"twitter:label1\" content=\"Est. reading time\" \/>\n\t<meta name=\"twitter:data1\" content=\"2 minutes\" \/>\n<script type=\"application\/ld+json\" class=\"yoast-schema-graph\">{\"@context\":\"https:\/\/schema.org\",\"@graph\":[{\"@type\":\"WebPage\",\"@id\":\"https:\/\/crocusconsult.com\/?page_id=2237&lang=cs\",\"url\":\"https:\/\/crocusconsult.com\/?page_id=2237&lang=cs\",\"name\":\"Slu\u017eby - Crocus Consult\",\"isPartOf\":{\"@id\":\"https:\/\/crocusconsult.com\/#website\"},\"datePublished\":\"2019-09-02T07:23:46+00:00\",\"dateModified\":\"2023-12-04T10:34:51+00:00\",\"breadcrumb\":{\"@id\":\"https:\/\/crocusconsult.com\/?page_id=2237&lang=cs#breadcrumb\"},\"inLanguage\":\"en-US\",\"potentialAction\":[{\"@type\":\"ReadAction\",\"target\":[\"https:\/\/crocusconsult.com\/?page_id=2237&lang=cs\"]}]},{\"@type\":\"BreadcrumbList\",\"@id\":\"https:\/\/crocusconsult.com\/?page_id=2237&lang=cs#breadcrumb\",\"itemListElement\":[{\"@type\":\"ListItem\",\"position\":1,\"name\":\"Home\",\"item\":\"https:\/\/crocusconsult.com\/\"},{\"@type\":\"ListItem\",\"position\":2,\"name\":\"Slu\u017eby\"}]},{\"@type\":\"WebSite\",\"@id\":\"https:\/\/crocusconsult.com\/#website\",\"url\":\"https:\/\/crocusconsult.com\/\",\"name\":\"Crocus Consult\",\"description\":\"\",\"publisher\":{\"@id\":\"https:\/\/crocusconsult.com\/#organization\"},\"potentialAction\":[{\"@type\":\"SearchAction\",\"target\":{\"@type\":\"EntryPoint\",\"urlTemplate\":\"https:\/\/crocusconsult.com\/?s={search_term_string}\"},\"query-input\":\"required name=search_term_string\"}],\"inLanguage\":\"en-US\"},{\"@type\":\"Organization\",\"@id\":\"https:\/\/crocusconsult.com\/#organization\",\"name\":\"Crocus Consult\",\"url\":\"https:\/\/crocusconsult.com\/\",\"logo\":{\"@type\":\"ImageObject\",\"inLanguage\":\"en-US\",\"@id\":\"https:\/\/crocusconsult.com\/#\/schema\/logo\/image\/\",\"url\":\"https:\/\/crocusconsult.com\/wp-content\/uploads\/2023\/11\/LOGO-BEST-1.png\",\"contentUrl\":\"https:\/\/crocusconsult.com\/wp-content\/uploads\/2023\/11\/LOGO-BEST-1.png\",\"width\":400,\"height\":160,\"caption\":\"Crocus Consult\"},\"image\":{\"@id\":\"https:\/\/crocusconsult.com\/#\/schema\/logo\/image\/\"}}]}<\/script>\n<!-- \/ Yoast SEO plugin. -->","yoast_head_json":{"title":"Slu\u017eby - Crocus Consult","robots":{"index":"index","follow":"follow","max-snippet":"max-snippet:-1","max-image-preview":"max-image-preview:large","max-video-preview":"max-video-preview:-1"},"canonical":"https:\/\/crocusconsult.com\/?page_id=2237&lang=cs","og_locale":"en_US","og_type":"article","og_title":"Slu\u017eby - Crocus Consult","og_description":"Z\u00edskejte kvalitn\u00ed poradensk\u00e9 slu\u017eby pro svou budouc\u00ed restauraci \u0158\u00edzen\u00ed projekt\u016f Na\u0161\u00edm hlavn\u00edm c\u00edlem je otev\u0159\u00edt restaurace v\u010das a s optim\u00e1ln\u00edmi n\u00e1klady, ani\u017e by byla ohro\u017eena kvalita prac\u00ed a materi\u00e1l\u016f, proto nab\u00edz\u00edme: kompletn\u00ed \u0159\u00edzen\u00ed projektu od prvn\u00edho n\u00e1vrhu a\u017e po \u00fasp\u011b\u0161n\u00e9 dokon\u010den\u00ed, Crocus Consult p\u016fsob\u00ed jako hlavn\u00ed dodavatel pro optimalizaci n\u00e1klad\u016f projektu, p\u0159\u00edpravu zad\u00e1vac\u00ed dokumentace (stavebn\u00ed [&hellip;]","og_url":"https:\/\/crocusconsult.com\/?page_id=2237&lang=cs","og_site_name":"Crocus Consult","article_modified_time":"2023-12-04T10:34:51+00:00","twitter_card":"summary_large_image","twitter_misc":{"Est. reading time":"2 minutes"},"schema":{"@context":"https:\/\/schema.org","@graph":[{"@type":"WebPage","@id":"https:\/\/crocusconsult.com\/?page_id=2237&lang=cs","url":"https:\/\/crocusconsult.com\/?page_id=2237&lang=cs","name":"Slu\u017eby - Crocus Consult","isPartOf":{"@id":"https:\/\/crocusconsult.com\/#website"},"datePublished":"2019-09-02T07:23:46+00:00","dateModified":"2023-12-04T10:34:51+00:00","breadcrumb":{"@id":"https:\/\/crocusconsult.com\/?page_id=2237&lang=cs#breadcrumb"},"inLanguage":"en-US","potentialAction":[{"@type":"ReadAction","target":["https:\/\/crocusconsult.com\/?page_id=2237&lang=cs"]}]},{"@type":"BreadcrumbList","@id":"https:\/\/crocusconsult.com\/?page_id=2237&lang=cs#breadcrumb","itemListElement":[{"@type":"ListItem","position":1,"name":"Home","item":"https:\/\/crocusconsult.com\/"},{"@type":"ListItem","position":2,"name":"Slu\u017eby"}]},{"@type":"WebSite","@id":"https:\/\/crocusconsult.com\/#website","url":"https:\/\/crocusconsult.com\/","name":"Crocus Consult","description":"","publisher":{"@id":"https:\/\/crocusconsult.com\/#organization"},"potentialAction":[{"@type":"SearchAction","target":{"@type":"EntryPoint","urlTemplate":"https:\/\/crocusconsult.com\/?s={search_term_string}"},"query-input":"required name=search_term_string"}],"inLanguage":"en-US"},{"@type":"Organization","@id":"https:\/\/crocusconsult.com\/#organization","name":"Crocus Consult","url":"https:\/\/crocusconsult.com\/","logo":{"@type":"ImageObject","inLanguage":"en-US","@id":"https:\/\/crocusconsult.com\/#\/schema\/logo\/image\/","url":"https:\/\/crocusconsult.com\/wp-content\/uploads\/2023\/11\/LOGO-BEST-1.png","contentUrl":"https:\/\/crocusconsult.com\/wp-content\/uploads\/2023\/11\/LOGO-BEST-1.png","width":400,"height":160,"caption":"Crocus Consult"},"image":{"@id":"https:\/\/crocusconsult.com\/#\/schema\/logo\/image\/"}}]}},"_links":{"self":[{"href":"https:\/\/crocusconsult.com\/index.php?rest_route=\/wp\/v2\/pages\/2237","targetHints":{"allow":["GET"]}}],"collection":[{"href":"https:\/\/crocusconsult.com\/index.php?rest_route=\/wp\/v2\/pages"}],"about":[{"href":"https:\/\/crocusconsult.com\/index.php?rest_route=\/wp\/v2\/types\/page"}],"author":[{"embeddable":true,"href":"https:\/\/crocusconsult.com\/index.php?rest_route=\/wp\/v2\/users\/1"}],"replies":[{"embeddable":true,"href":"https:\/\/crocusconsult.com\/index.php?rest_route=%2Fwp%2Fv2%2Fcomments&post=2237"}],"version-history":[{"count":3,"href":"https:\/\/crocusconsult.com\/index.php?rest_route=\/wp\/v2\/pages\/2237\/revisions"}],"predecessor-version":[{"id":2284,"href":"https:\/\/crocusconsult.com\/index.php?rest_route=\/wp\/v2\/pages\/2237\/revisions\/2284"}],"wp:attachment":[{"href":"https:\/\/crocusconsult.com\/index.php?rest_route=%2Fwp%2Fv2%2Fmedia&parent=2237"}],"curies":[{"name":"wp","href":"https:\/\/api.w.org\/{rel}","templated":true}]}}