{"id":2239,"date":"2019-09-02T07:23:46","date_gmt":"2019-09-02T07:23:46","guid":{"rendered":"https:\/\/crocusconsult.com\/?page_id=2239"},"modified":"2023-12-04T10:44:57","modified_gmt":"2023-12-04T10:44:57","slug":"services","status":"publish","type":"page","link":"https:\/\/crocusconsult.com\/?page_id=2239&lang=pl","title":{"rendered":"Us\u0142ugi"},"content":{"rendered":"<h2>Uzyskaj wysokiej jako\u015bci us\u0142ugi konsultingowe dla swojej przysz\u0142ej restauracji<\/h2>\n<ul>\n<li>\n<p>        <img decoding=\"async\" src=\"\/wp-content\/uploads\/2023\/11\/manager-3.png\" alt=\"\"><\/p>\n<h2>Zarz\u0105dzanie projektami<\/h2>\n<div>\n<p>Naszym g\u0142\u00f3wnym celem jest otwieranie restauracji na czas przy optymalnych kosztach bez uszczerbku dla jako\u015bci prac i materia\u0142\u00f3w, dlatego oferujemy: pe\u0142ne zarz\u0105dzanie projektem od pierwszego uk\u0142adu do pomy\u015blnego zako\u0144czenia, Crocus Consult dzia\u0142a jako g\u0142\u00f3wny wykonawca w celu optymalizacji koszt\u00f3w projektu, przygotowanie dokumentacji przetargowej (projekt budowlany, uk\u0142ad kuchni i aran\u017cacja wn\u0119trz), a po przetargu podwykonawc\u00f3w do projektu w celu dalszej skutecznej koordynacji pracy architekta \/ zespo\u0142u projektowego, zarz\u0105dzania operacjami, in\u017cynier\u00f3w i podwykonawc\u00f3w, dotrzymywania termin\u00f3w i bud\u017cet\u00f3w, przygotowywania cotygodniowych raport\u00f3w z post\u0119p\u00f3w dla klienta w trakcie trwania projektu.<\/p><\/div>\n<\/li>\n<li>\n<p>        <img decoding=\"async\" src=\"\/wp-content\/uploads\/2023\/11\/kitchen1.png\" alt=\"\"><\/p>\n<h2>Zarz\u0105dzanie FF&#038;E i OS&#038;E<\/h2>\n<div>\n<p>Na podstawie projektu restauracji i planu kuchni (tworzymy je wsp\u00f3lnie z architektami) przeprowadzamy przetargi z zatwierdzonymi firmami na meble, wyposa\u017cenie i sprz\u0119t, przedstawiamy klientowi wynik i analiz\u0119 przetargu, a po zatwierdzeniu przez klienta sk\u0142adamy zam\u00f3wienie u zwyci\u0119zcy. Koordynacja wszystkich etap\u00f3w &#8211; od produkcji\/dostawy po instalacj\u0119 sprz\u0119tu, a na koniec uruchomienie kuchni i przekazanie jej do zarz\u0105dzania operacyjnego. Wspieramy restauracj\u0119 poprzez bezp\u0142atne konsultacje techniczne przez rok po otwarciu. Coroczne zamawianie sprz\u0119tu OS&amp;E na \u017cyczenie, dok\u0142adnie badamy, jakie cz\u0119\u015bci zamienne s\u0105 naprawd\u0119 potrzebne dla ka\u017cdej restauracji.<\/p><\/div>\n<\/li>\n<li>\n<p>        <img decoding=\"async\" src=\"\/wp-content\/uploads\/2023\/11\/calculation.png\" alt=\"\"><\/p>\n<h2>Planowanie i bud\u017cetowanie<\/h2>\n<div>\n<p>Dla ka\u017cdego projektu obliczamy bud\u017cet CAPEX i tworzymy wykres Gantta ze wszystkimi podmiotami zaanga\u017cowanymi w projekt. Koordynujemy r\u00f3wnie\u017c harmonogram p\u0142atno\u015bci dla wszystkich p\u0142atno\u015bci zwi\u0105zanych z projektem z ksi\u0119gowym i przedk\u0142adamy go do ostatecznego zatwierdzenia. Monitorujemy ceny materia\u0142\u00f3w i koszty pracy, regularnie omawiamy koszty z podwykonawcami i dostawcami. Zdajemy sobie spraw\u0119, \u017ce szybka reakcja ma kluczowe znaczenie, a terminy realizacji projekt\u00f3w s\u0105 napi\u0119te i wykorzystujemy nasze do\u015bwiadczenie w zarz\u0105dzaniu projektami, aby zapewni\u0107, \u017ce wszystkie prace zostan\u0105 zako\u0144czone na czas.<\/p><\/div>\n<\/li>\n<\/ul>\n<hr>\n<h2>Skontaktuj si\u0119 z nami<\/h2>\n<div><a href=\"tel:+ 421 919 175 020\">+ 421 919 175 020<\/a><\/div>\n<div>Telefon<\/div>\n<div><a href=\"mailto:info@miamart.eu\">info@crocusconsult.com<\/a><\/div>\n<div>Email<\/div>\n<p><!--more--><br \/>\n<!-- {\"name\":\"Portfolio\",\"type\":\"layout\",\"children\":[{\"name\":\"Hero\",\"type\":\"section\",\"props\":{\"animation\":\"fade\",\"animation_delay\":\"200\",\"image\":\"wp-content\\\/uploads\\\/2023\\\/11\\\/2-2.jpg\",\"image_position\":\"center-center\",\"image_size\":\"cover\",\"media_background\":\"rgba(255, 255, 255, 0)\",\"media_blend_mode\":\"multiply\",\"media_overlay\":\"rgba(255, 255, 255, 0)\",\"overlap\":false,\"padding\":\"xlarge\",\"padding_remove_bottom\":false,\"style\":\"default\",\"text_color\":\"light\",\"title_breakpoint\":\"xl\",\"title_position\":\"top-left\",\"title_rotation\":\"left\",\"vertical_align\":\"middle\",\"width\":\"small\"},\"children\":[{\"type\":\"row\",\"props\":{\"column_gap\":\"small\",\"layout\":\"large,expand\",\"row_gap\":\"small\"},\"children\":[{\"type\":\"column\",\"props\":{\"image_position\":\"center-center\",\"padding\":\"xsmall\",\"position_sticky_breakpoint\":\"m\",\"style\":\"tile-primary\",\"text_color\":\"light\",\"width_medium\":\"large\"},\"children\":[{\"type\":\"headline\",\"props\":{\"content\":\"Uzyskaj wysokiej jako\\u015bci us\\u0142ugi konsultingowe dla swojej przysz\\u0142ej restauracji\",\"maxwidth\":\"large\",\"position_left\":\"-10\",\"text_align\":\"left\",\"text_align_breakpoint\":\"s\",\"text_align_fallback\":\"center\",\"title_element\":\"h2\"}},{\"type\":\"text\",\"props\":{\"column_breakpoint\":\"m\",\"content\":\"\",\"margin\":\"default\",\"maxwidth\":\"large\",\"text_align\":\"left\",\"text_align_breakpoint\":\"s\",\"text_align_fallback\":\"center\",\"text_style\":\"large\"}}]},{\"type\":\"column\",\"props\":{\"image_position\":\"center-center\",\"position_sticky_breakpoint\":\"m\",\"width_medium\":\"expand\"}}]}]},{\"name\":\"Services\",\"type\":\"section\",\"props\":{\"animation\":\"fade\",\"animation_delay\":false,\"image_position\":\"center-center\",\"padding\":\"large\",\"style\":\"default\",\"title_breakpoint\":\"xl\",\"title_position\":\"top-left\",\"title_rotation\":\"left\",\"vertical_align\":\"middle\",\"width\":\"large\"},\"children\":[{\"type\":\"row\",\"children\":[{\"type\":\"column\",\"props\":{\"image_position\":\"center-center\",\"position_sticky_breakpoint\":\"m\",\"width_medium\":\"1-1\"},\"children\":[{\"type\":\"grid\",\"props\":{\"content_column_breakpoint\":\"m\",\"filter_align\":\"left\",\"filter_all\":true,\"filter_grid_breakpoint\":\"m\",\"filter_grid_width\":\"auto\",\"filter_position\":\"top\",\"filter_style\":\"tab\",\"grid_column_gap\":\"large\",\"grid_default\":\"1\",\"grid_medium\":\"3\",\"grid_row_gap\":\"large\",\"grid_small\":\"2\",\"icon_width\":80,\"image_align\":\"top\",\"image_grid_breakpoint\":\"m\",\"image_grid_width\":\"1-2\",\"image_loading\":true,\"image_svg_animate\":true,\"image_svg_color\":\"primary\",\"image_svg_inline\":true,\"item_animation\":true,\"link_style\":\"text\",\"link_text\":\"Read more\",\"margin\":\"default\",\"meta_align\":\"below-title\",\"meta_element\":\"div\",\"meta_style\":\"text-meta\",\"parallax_easing\":\"1\",\"show_content\":true,\"show_image\":true,\"show_link\":true,\"show_meta\":true,\"show_title\":true,\"text_align\":\"left\",\"text_align_breakpoint\":\"s\",\"text_align_fallback\":\"center\",\"title_align\":\"top\",\"title_element\":\"h2\",\"title_grid_breakpoint\":\"m\",\"title_grid_width\":\"1-2\",\"title_hover_style\":\"reset\",\"title_style\":\"h3\"},\"children\":[{\"type\":\"grid_item\",\"props\":{\"content\":\"\n\n<p>Naszym g\\u0142\\u00f3wnym celem jest otwieranie restauracji na czas przy optymalnych kosztach bez uszczerbku dla jako\\u015bci prac i materia\\u0142\\u00f3w, dlatego oferujemy: pe\\u0142ne zarz\\u0105dzanie projektem od pierwszego uk\\u0142adu do pomy\\u015blnego zako\\u0144czenia, Crocus Consult dzia\\u0142a jako g\\u0142\\u00f3wny wykonawca w celu optymalizacji koszt\\u00f3w projektu, przygotowanie dokumentacji przetargowej (projekt budowlany, uk\\u0142ad kuchni i aran\\u017cacja wn\\u0119trz), a po przetargu podwykonawc\\u00f3w do projektu w celu dalszej skutecznej koordynacji pracy architekta \\\/ zespo\\u0142u projektowego, zarz\\u0105dzania operacjami, in\\u017cynier\\u00f3w i podwykonawc\\u00f3w, dotrzymywania termin\\u00f3w i bud\\u017cet\\u00f3w, przygotowywania cotygodniowych raport\\u00f3w z post\\u0119p\\u00f3w dla klienta w trakcie trwania projektu.\",\"icon\":\"\",\"image\":\"wp-content\\\/uploads\\\/2023\\\/11\\\/manager-3.png\",\"title\":\"Zarz\\u0105dzanie projektami\"}},{\"type\":\"grid_item\",\"props\":{\"content\":\"\n\n<p>Na podstawie projektu restauracji i planu kuchni (tworzymy je wsp\\u00f3lnie z architektami) przeprowadzamy przetargi z zatwierdzonymi firmami na meble, wyposa\\u017cenie i sprz\\u0119t, przedstawiamy klientowi wynik i analiz\\u0119 przetargu, a po zatwierdzeniu przez klienta sk\\u0142adamy zam\\u00f3wienie u zwyci\\u0119zcy. Koordynacja wszystkich etap\\u00f3w - od produkcji\\\/dostawy po instalacj\\u0119 sprz\\u0119tu, a na koniec uruchomienie kuchni i przekazanie jej do zarz\\u0105dzania operacyjnego. Wspieramy restauracj\\u0119 poprzez bezp\\u0142atne konsultacje techniczne przez rok po otwarciu. Coroczne zamawianie sprz\\u0119tu OS&amp;E na \\u017cyczenie, dok\\u0142adnie badamy, jakie cz\\u0119\\u015bci zamienne s\\u0105 naprawd\\u0119 potrzebne dla ka\\u017cdej restauracji.\",\"icon\":\"\",\"image\":\"wp-content\\\/uploads\\\/2023\\\/11\\\/kitchen1.png\",\"title\":\"Zarz\\u0105dzanie FF&E i OS&E\"}},{\"type\":\"grid_item\",\"props\":{\"content\":\"\n\n<p>Dla ka\\u017cdego projektu obliczamy bud\\u017cet CAPEX i tworzymy wykres Gantta ze wszystkimi podmiotami zaanga\\u017cowanymi w projekt. Koordynujemy r\\u00f3wnie\\u017c harmonogram p\\u0142atno\\u015bci dla wszystkich p\\u0142atno\\u015bci zwi\\u0105zanych z projektem z ksi\\u0119gowym i przedk\\u0142adamy go do ostatecznego zatwierdzenia. Monitorujemy ceny materia\\u0142\\u00f3w i koszty pracy, regularnie omawiamy koszty z podwykonawcami i dostawcami. Zdajemy sobie spraw\\u0119, \\u017ce szybka reakcja ma kluczowe znaczenie, a terminy realizacji projekt\\u00f3w s\\u0105 napi\\u0119te i wykorzystujemy nasze do\\u015bwiadczenie w zarz\\u0105dzaniu projektami, aby zapewni\\u0107, \\u017ce wszystkie prace zostan\\u0105 zako\\u0144czone na czas.\",\"icon\":\"\",\"image\":\"wp-content\\\/uploads\\\/2023\\\/11\\\/calculation.png\",\"title\":\"Planowanie i bud\\u017cetowanie\"}}]}]}]}]},{\"name\":\"Contact\",\"type\":\"section\",\"props\":{\"image_position\":\"center-center\",\"padding_remove_top\":false,\"style\":\"default\",\"title_breakpoint\":\"xl\",\"title_position\":\"top-left\",\"title_rotation\":\"left\",\"vertical_align\":\"middle\",\"width\":\"small\"},\"children\":[{\"type\":\"row\",\"props\":{\"margin\":\"large\"},\"children\":[{\"type\":\"column\",\"props\":{\"image_position\":\"center-center\",\"position_sticky_breakpoint\":\"m\",\"width_medium\":\"1-1\"},\"children\":[{\"type\":\"divider\",\"props\":{\"divider_element\":\"hr\"}}]}]},{\"type\":\"row\",\"props\":{\"layout\":\"1-3,1-3,1-3\",\"margin\":\"large\",\"width\":\"default\"},\"children\":[{\"type\":\"column\",\"props\":{\"image_position\":\"center-center\",\"position_sticky_breakpoint\":\"m\",\"width_small\":\"1-3\"},\"children\":[{\"type\":\"headline\",\"props\":{\"content\":\"Skontaktuj si\\u0119 z nami\",\"margin\":\"medium\",\"text_align\":\"left\",\"title_decoration\":\"bullet\",\"title_element\":\"h2\",\"title_style\":\"h5\"}}]},{\"type\":\"column\",\"props\":{\"image_position\":\"center-center\",\"position_sticky_breakpoint\":\"m\",\"width_small\":\"1-3\"},\"children\":[{\"type\":\"headline\",\"props\":{\"content\":\"+ 421 919 175 020\",\"link\":\"tel:+ 421 919 175 020\",\"margin\":\"small\",\"title_element\":\"div\",\"title_style\":\"h6\"}},{\"type\":\"text\",\"props\":{\"column_breakpoint\":\"m\",\"content\":\"Telefon\",\"margin\":\"remove-vertical\",\"text_style\":\"meta\"}}]},{\"type\":\"column\",\"props\":{\"image_position\":\"center-center\",\"position_sticky_breakpoint\":\"m\",\"width_small\":\"1-3\"},\"children\":[{\"type\":\"headline\",\"props\":{\"content\":\"info@crocusconsult.com\",\"link\":\"mailto:info@miamart.eu\",\"margin\":\"small\",\"title_element\":\"div\",\"title_style\":\"h6\"}},{\"type\":\"text\",\"props\":{\"column_breakpoint\":\"m\",\"content\":\"Email\",\"margin\":\"remove-vertical\",\"text_style\":\"meta\"}}]}]}]}],\"version\":\"4.2.0\"} --><\/p>\n","protected":false},"excerpt":{"rendered":"<p>Uzyskaj wysokiej jako\u015bci us\u0142ugi konsultingowe dla swojej przysz\u0142ej restauracji Zarz\u0105dzanie projektami Naszym g\u0142\u00f3wnym celem jest otwieranie restauracji na czas przy optymalnych kosztach bez uszczerbku dla jako\u015bci prac i materia\u0142\u00f3w, dlatego oferujemy: pe\u0142ne zarz\u0105dzanie projektem od pierwszego uk\u0142adu do pomy\u015blnego zako\u0144czenia, Crocus Consult dzia\u0142a jako g\u0142\u00f3wny wykonawca w celu optymalizacji koszt\u00f3w projektu, przygotowanie dokumentacji przetargowej (projekt [&hellip;]<\/p>\n","protected":false},"author":1,"featured_media":0,"parent":0,"menu_order":9,"comment_status":"open","ping_status":"open","template":"","meta":{"footnotes":""},"class_list":["post-2239","page","type-page","status-publish","hentry"],"acf":[],"yoast_head":"<!-- This site is optimized with the Yoast SEO plugin v21.7 - https:\/\/yoast.com\/wordpress\/plugins\/seo\/ -->\n<title>Us\u0142ugi - Crocus Consult<\/title>\n<meta name=\"robots\" content=\"index, follow, max-snippet:-1, max-image-preview:large, max-video-preview:-1\" \/>\n<link rel=\"canonical\" href=\"https:\/\/crocusconsult.com\/?page_id=2239&lang=pl\" \/>\n<meta property=\"og:locale\" content=\"en_US\" \/>\n<meta property=\"og:type\" content=\"article\" \/>\n<meta property=\"og:title\" content=\"Us\u0142ugi - Crocus Consult\" \/>\n<meta property=\"og:description\" content=\"Uzyskaj wysokiej jako\u015bci us\u0142ugi konsultingowe dla swojej przysz\u0142ej restauracji Zarz\u0105dzanie projektami Naszym g\u0142\u00f3wnym celem jest otwieranie restauracji na czas przy optymalnych kosztach bez uszczerbku dla jako\u015bci prac i materia\u0142\u00f3w, dlatego oferujemy: pe\u0142ne zarz\u0105dzanie projektem od pierwszego uk\u0142adu do pomy\u015blnego zako\u0144czenia, Crocus Consult dzia\u0142a jako g\u0142\u00f3wny wykonawca w celu optymalizacji koszt\u00f3w projektu, przygotowanie dokumentacji przetargowej (projekt [&hellip;]\" \/>\n<meta property=\"og:url\" content=\"https:\/\/crocusconsult.com\/?page_id=2239&amp;lang=pl\" \/>\n<meta property=\"og:site_name\" content=\"Crocus Consult\" \/>\n<meta property=\"article:modified_time\" content=\"2023-12-04T10:44:57+00:00\" \/>\n<meta name=\"twitter:card\" content=\"summary_large_image\" \/>\n<meta name=\"twitter:label1\" content=\"Est. reading time\" \/>\n\t<meta name=\"twitter:data1\" content=\"2 minutes\" \/>\n<script type=\"application\/ld+json\" class=\"yoast-schema-graph\">{\"@context\":\"https:\/\/schema.org\",\"@graph\":[{\"@type\":\"WebPage\",\"@id\":\"https:\/\/crocusconsult.com\/?page_id=2239&lang=pl\",\"url\":\"https:\/\/crocusconsult.com\/?page_id=2239&lang=pl\",\"name\":\"Us\u0142ugi - Crocus Consult\",\"isPartOf\":{\"@id\":\"https:\/\/crocusconsult.com\/#website\"},\"datePublished\":\"2019-09-02T07:23:46+00:00\",\"dateModified\":\"2023-12-04T10:44:57+00:00\",\"breadcrumb\":{\"@id\":\"https:\/\/crocusconsult.com\/?page_id=2239&lang=pl#breadcrumb\"},\"inLanguage\":\"en-US\",\"potentialAction\":[{\"@type\":\"ReadAction\",\"target\":[\"https:\/\/crocusconsult.com\/?page_id=2239&lang=pl\"]}]},{\"@type\":\"BreadcrumbList\",\"@id\":\"https:\/\/crocusconsult.com\/?page_id=2239&lang=pl#breadcrumb\",\"itemListElement\":[{\"@type\":\"ListItem\",\"position\":1,\"name\":\"Home\",\"item\":\"https:\/\/crocusconsult.com\/\"},{\"@type\":\"ListItem\",\"position\":2,\"name\":\"Us\u0142ugi\"}]},{\"@type\":\"WebSite\",\"@id\":\"https:\/\/crocusconsult.com\/#website\",\"url\":\"https:\/\/crocusconsult.com\/\",\"name\":\"Crocus Consult\",\"description\":\"\",\"publisher\":{\"@id\":\"https:\/\/crocusconsult.com\/#organization\"},\"potentialAction\":[{\"@type\":\"SearchAction\",\"target\":{\"@type\":\"EntryPoint\",\"urlTemplate\":\"https:\/\/crocusconsult.com\/?s={search_term_string}\"},\"query-input\":\"required name=search_term_string\"}],\"inLanguage\":\"en-US\"},{\"@type\":\"Organization\",\"@id\":\"https:\/\/crocusconsult.com\/#organization\",\"name\":\"Crocus Consult\",\"url\":\"https:\/\/crocusconsult.com\/\",\"logo\":{\"@type\":\"ImageObject\",\"inLanguage\":\"en-US\",\"@id\":\"https:\/\/crocusconsult.com\/#\/schema\/logo\/image\/\",\"url\":\"https:\/\/crocusconsult.com\/wp-content\/uploads\/2023\/11\/LOGO-BEST-1.png\",\"contentUrl\":\"https:\/\/crocusconsult.com\/wp-content\/uploads\/2023\/11\/LOGO-BEST-1.png\",\"width\":400,\"height\":160,\"caption\":\"Crocus Consult\"},\"image\":{\"@id\":\"https:\/\/crocusconsult.com\/#\/schema\/logo\/image\/\"}}]}<\/script>\n<!-- \/ Yoast SEO plugin. -->","yoast_head_json":{"title":"Us\u0142ugi - Crocus Consult","robots":{"index":"index","follow":"follow","max-snippet":"max-snippet:-1","max-image-preview":"max-image-preview:large","max-video-preview":"max-video-preview:-1"},"canonical":"https:\/\/crocusconsult.com\/?page_id=2239&lang=pl","og_locale":"en_US","og_type":"article","og_title":"Us\u0142ugi - Crocus Consult","og_description":"Uzyskaj wysokiej jako\u015bci us\u0142ugi konsultingowe dla swojej przysz\u0142ej restauracji Zarz\u0105dzanie projektami Naszym g\u0142\u00f3wnym celem jest otwieranie restauracji na czas przy optymalnych kosztach bez uszczerbku dla jako\u015bci prac i materia\u0142\u00f3w, dlatego oferujemy: pe\u0142ne zarz\u0105dzanie projektem od pierwszego uk\u0142adu do pomy\u015blnego zako\u0144czenia, Crocus Consult dzia\u0142a jako g\u0142\u00f3wny wykonawca w celu optymalizacji koszt\u00f3w projektu, przygotowanie dokumentacji przetargowej (projekt [&hellip;]","og_url":"https:\/\/crocusconsult.com\/?page_id=2239&lang=pl","og_site_name":"Crocus Consult","article_modified_time":"2023-12-04T10:44:57+00:00","twitter_card":"summary_large_image","twitter_misc":{"Est. reading time":"2 minutes"},"schema":{"@context":"https:\/\/schema.org","@graph":[{"@type":"WebPage","@id":"https:\/\/crocusconsult.com\/?page_id=2239&lang=pl","url":"https:\/\/crocusconsult.com\/?page_id=2239&lang=pl","name":"Us\u0142ugi - Crocus Consult","isPartOf":{"@id":"https:\/\/crocusconsult.com\/#website"},"datePublished":"2019-09-02T07:23:46+00:00","dateModified":"2023-12-04T10:44:57+00:00","breadcrumb":{"@id":"https:\/\/crocusconsult.com\/?page_id=2239&lang=pl#breadcrumb"},"inLanguage":"en-US","potentialAction":[{"@type":"ReadAction","target":["https:\/\/crocusconsult.com\/?page_id=2239&lang=pl"]}]},{"@type":"BreadcrumbList","@id":"https:\/\/crocusconsult.com\/?page_id=2239&lang=pl#breadcrumb","itemListElement":[{"@type":"ListItem","position":1,"name":"Home","item":"https:\/\/crocusconsult.com\/"},{"@type":"ListItem","position":2,"name":"Us\u0142ugi"}]},{"@type":"WebSite","@id":"https:\/\/crocusconsult.com\/#website","url":"https:\/\/crocusconsult.com\/","name":"Crocus Consult","description":"","publisher":{"@id":"https:\/\/crocusconsult.com\/#organization"},"potentialAction":[{"@type":"SearchAction","target":{"@type":"EntryPoint","urlTemplate":"https:\/\/crocusconsult.com\/?s={search_term_string}"},"query-input":"required name=search_term_string"}],"inLanguage":"en-US"},{"@type":"Organization","@id":"https:\/\/crocusconsult.com\/#organization","name":"Crocus Consult","url":"https:\/\/crocusconsult.com\/","logo":{"@type":"ImageObject","inLanguage":"en-US","@id":"https:\/\/crocusconsult.com\/#\/schema\/logo\/image\/","url":"https:\/\/crocusconsult.com\/wp-content\/uploads\/2023\/11\/LOGO-BEST-1.png","contentUrl":"https:\/\/crocusconsult.com\/wp-content\/uploads\/2023\/11\/LOGO-BEST-1.png","width":400,"height":160,"caption":"Crocus Consult"},"image":{"@id":"https:\/\/crocusconsult.com\/#\/schema\/logo\/image\/"}}]}},"_links":{"self":[{"href":"https:\/\/crocusconsult.com\/index.php?rest_route=\/wp\/v2\/pages\/2239","targetHints":{"allow":["GET"]}}],"collection":[{"href":"https:\/\/crocusconsult.com\/index.php?rest_route=\/wp\/v2\/pages"}],"about":[{"href":"https:\/\/crocusconsult.com\/index.php?rest_route=\/wp\/v2\/types\/page"}],"author":[{"embeddable":true,"href":"https:\/\/crocusconsult.com\/index.php?rest_route=\/wp\/v2\/users\/1"}],"replies":[{"embeddable":true,"href":"https:\/\/crocusconsult.com\/index.php?rest_route=%2Fwp%2Fv2%2Fcomments&post=2239"}],"version-history":[{"count":3,"href":"https:\/\/crocusconsult.com\/index.php?rest_route=\/wp\/v2\/pages\/2239\/revisions"}],"predecessor-version":[{"id":2295,"href":"https:\/\/crocusconsult.com\/index.php?rest_route=\/wp\/v2\/pages\/2239\/revisions\/2295"}],"wp:attachment":[{"href":"https:\/\/crocusconsult.com\/index.php?rest_route=%2Fwp%2Fv2%2Fmedia&parent=2239"}],"curies":[{"name":"wp","href":"https:\/\/api.w.org\/{rel}","templated":true}]}}