{"id":2241,"date":"2019-09-02T07:23:45","date_gmt":"2019-09-02T07:23:45","guid":{"rendered":"https:\/\/crocusconsult.com\/?page_id=2241"},"modified":"2023-12-09T12:55:39","modified_gmt":"2023-12-09T12:55:39","slug":"company","status":"publish","type":"page","link":"https:\/\/crocusconsult.com\/?page_id=2241&lang=cs","title":{"rendered":"Spole\u010dnost"},"content":{"rendered":"<div>\n<h1>Inovativn\u00ed \u0159e\u0161en\u00ed pro rozvoj va\u0161eho podnik\u00e1n\u00ed<\/h1>\n<\/div>\n<h2>Trocha historie<br class=\"uk-visible@m\"><br \/>\nZa na\u0161\u00ed<br class=\"uk-visible@m\"><br \/>\nEnterprise<\/h2>\n<div>\n<p>        <img decoding=\"async\" src=\"\/wp-content\/uploads\/2023\/11\/RASIM-1.png\" alt=\"\"><\/p>\n<div>Pan Rasim Alizada<\/div>\n<p>Zakladatel a gener\u00e1ln\u00ed \u0159editel<\/p>\n<\/div>\n<div>\n<p>Je to dlouh\u00e1 cesta od absolvov\u00e1n\u00ed Univerzity stavebn\u00edho in\u017een\u00fdrstv\u00ed a architektury v roce 1992 s vyznamen\u00e1n\u00edm a\u017e po otev\u0159en\u00ed nult\u00e9ho ro\u010dn\u00edku \u0159et\u011bzc\u016f rychl\u00e9ho ob\u010derstven\u00ed, jako jsou McDonald&#8217;s, KFC, Burger King a Pizza Hut, v p\u011bti r\u016fzn\u00fdch zem\u00edch. To poskytlo obrovsk\u00e9 mno\u017estv\u00ed zku\u0161enost\u00ed pro vznik spole\u010dnosti Crocus Consult. K rozhodnut\u00ed vytvo\u0159it partnerskou spole\u010dnost pro restaurace a kav\u00e1rny vedly p\u0159edev\u0161\u00edm pot\u0159eby a po\u017eadavky fran\u0161\u00edzant\u016f, topmana\u017eer\u016f a majitel\u016f jak \u0159et\u011bzc\u016f rychl\u00e9ho ob\u010derstven\u00ed, tak jednotliv\u00fdch kav\u00e1ren a restaurac\u00ed. Na\u0161i klienti si vyb\u00edraj\u00ed na\u0161e slu\u017eby, aby si zjednodu\u0161ili otev\u00edr\u00e1n\u00ed restaurac\u00ed a u\u0161et\u0159ili finan\u010dn\u00ed prost\u0159edky. P\u016fsob\u00edme jako hlavn\u00ed dodavatel a naj\u00edm\u00e1me subdodavatele podle pot\u0159eby projektu. V\u00edme tak\u00e9 t\u00e9m\u011b\u0159 v\u0161e o vybaven\u00ed, za\u0159\u00edzen\u00ed a n\u00e1bytku pro va\u0161i budouc\u00ed restauraci. Spolupracujeme s v\u00fdznamn\u00fdmi stavebn\u00edmi firmami a firmami zab\u00fdvaj\u00edc\u00edmi se vybaven\u00edm, u kter\u00fdch m\u00e1me v\u00fdrazn\u00e9 slevy, kter\u00e9 v\u00e1m d\u00e1le poskytujeme. M\u016fj t\u00fdm je skv\u011bl\u00fd t\u00fdm, se kter\u00fdm pracuji ji\u017e v\u00edce ne\u017e dvacet let, ka\u017ed\u00fd z nich m\u00e1 certifik\u00e1ty od v\u00fdznamn\u00fdch dodavatel\u016f vybaven\u00ed, jako jsou Franke, Duke atd. Za posledn\u00edch 20 let jsem tak\u00e9 \u00fasp\u011b\u0161n\u011b absolvoval \u0159adu kurz\u016f a \u0161kolen\u00ed u spole\u010dnost\u00ed McDonald&#8217;s, KFC a Burger King. Jedn\u00edm z na\u0161ich hlavn\u00edch c\u00edl\u016f je u\u0161et\u0159it n\u00e1klady na otev\u0159en\u00ed nov\u00e9 restaurace, ani\u017e by byla ohro\u017eena kvalita proveden\u00fdch prac\u00ed, a proto pln\u011b kontrolujeme v\u0161echny f\u00e1ze v\u00fdstavby a pou\u017eit\u00e9 materi\u00e1ly. Zab\u00fdv\u00e1me se tak\u00e9 objedn\u00e1vkou a dopravou FF&amp;E (Furniture, Fixtures and Equipment) a pozd\u011bji instalac\u00ed a spu\u0161t\u011bn\u00edm nov\u00e9 restaurace. V p\u0159\u00edpad\u011b pot\u0159eby se ka\u017edoro\u010dn\u011b star\u00e1me o OS&amp;E (provozn\u00ed pot\u0159eby a za\u0159\u00edzen\u00ed), abychom p\u0159ede\u0161li neo\u010dek\u00e1van\u00fdm v\u00fdpadk\u016fm v provozu za\u0159\u00edzen\u00ed. M\u00e1me mo\u017enost p\u016fsobit ve v\u0161ech zem\u00edch EU a jako t\u00fdm Crocus Consult jsme v\u017edy p\u0159ipraveni v\u00e1s podpo\u0159it, abyste mohli efektivn\u011bji a \u00fa\u010dinn\u011bji rozv\u00edjet sv\u00e9 podnik\u00e1n\u00ed.<\/p>\n<\/div>\n<ul>\n<li>\n<p>        <img decoding=\"async\" src=\"\/wp-content\/uploads\/2023\/11\/mcd1.png\" alt=\"\"><\/p>\n<\/li>\n<li>\n<p>        <img decoding=\"async\" src=\"\/wp-content\/uploads\/2023\/11\/IMG_2041.jpg\" alt=\"\"><\/p>\n<\/li>\n<li>\n<p>        <img decoding=\"async\" src=\"\/wp-content\/uploads\/2023\/11\/333-1.png\" alt=\"\"><\/p>\n<\/li>\n<li>\n<p>        <img decoding=\"async\" src=\"\/wp-content\/uploads\/2023\/11\/mcdonalds.jpg\" alt=\"\"><\/p>\n<\/li>\n<li>\n<p>        <img decoding=\"async\" src=\"\/wp-content\/uploads\/2023\/11\/IMG_2027.jpg\" alt=\"\"><\/p>\n<\/li>\n<li>\n<p>        <img decoding=\"async\" src=\"\/wp-content\/uploads\/2023\/11\/IMG_2044.jpg\" alt=\"\"><\/p>\n<\/li>\n<li>\n<p>        <img decoding=\"async\" src=\"\/wp-content\/uploads\/2023\/11\/11111.jpg\" alt=\"\"><\/p>\n<\/li>\n<li>\n<p>        <img decoding=\"async\" src=\"\/wp-content\/uploads\/2023\/11\/IMG_2025.jpg\" alt=\"\"><\/p>\n<\/li>\n<li>\n<p>        <img decoding=\"async\" src=\"\/wp-content\/uploads\/2023\/11\/IMG_2038.jpg\" alt=\"\"><\/p>\n<\/li>\n<li>\n<p>        <img decoding=\"async\" src=\"\/wp-content\/uploads\/2023\/11\/2-2.jpg\" alt=\"\"><\/p>\n<\/li>\n<li>\n<p>        <img decoding=\"async\" src=\"\/wp-content\/uploads\/2023\/11\/6-1.jpg\" alt=\"\"><\/p>\n<\/li>\n<li>\n<p>        <img decoding=\"async\" src=\"\/wp-content\/uploads\/2023\/11\/8.jpg\" alt=\"\"><\/p>\n<\/li>\n<li>\n<p>        <img decoding=\"async\" src=\"\/wp-content\/uploads\/2023\/11\/IMG_2043.jpg\" alt=\"\"><\/p>\n<\/li>\n<li>\n<p>        <img decoding=\"async\" src=\"\/wp-content\/uploads\/2023\/11\/5-1.jpg\" alt=\"\"><\/p>\n<\/li>\n<li>\n<p>        <img decoding=\"async\" src=\"\/wp-content\/uploads\/2023\/11\/IMG_2050-scaled.jpg\" alt=\"\"><\/p>\n<\/li>\n<li>\n<p>        <img decoding=\"async\" src=\"\/wp-content\/uploads\/2023\/11\/IMG_2039-scaled.jpg\" alt=\"\"><\/p>\n<\/li>\n<\/ul>\n<div>\n<h2>Najdete n\u00e1s na\u00a0 <a href=\"https:\/\/www.linkedin.com\/in\/rasim-alizada-777r\/\"><img loading=\"lazy\" decoding=\"async\" src=\"https:\/\/crocusconsult.com\/wp-content\/uploads\/2023\/12\/LinkedIn_icon.svg-150x150.png\" alt=\"\" width=\"50\" height=\"50\" class=\"alignnone wp-image-2332\" srcset=\"https:\/\/crocusconsult.com\/wp-content\/uploads\/2023\/12\/LinkedIn_icon.svg-150x150.png 150w, https:\/\/crocusconsult.com\/wp-content\/uploads\/2023\/12\/LinkedIn_icon.svg-300x300.png 300w, https:\/\/crocusconsult.com\/wp-content\/uploads\/2023\/12\/LinkedIn_icon.svg-1024x1024.png 1024w, https:\/\/crocusconsult.com\/wp-content\/uploads\/2023\/12\/LinkedIn_icon.svg-768x768.png 768w, https:\/\/crocusconsult.com\/wp-content\/uploads\/2023\/12\/LinkedIn_icon.svg-1536x1536.png 1536w, https:\/\/crocusconsult.com\/wp-content\/uploads\/2023\/12\/LinkedIn_icon.svg.png 2048w\" sizes=\"auto, (max-width: 50px) 100vw, 50px\" \/><\/a><\/h2>\n<\/div>\n<p><!--more--><br \/>\n<!-- {\"name\":\"About\",\"type\":\"layout\",\"children\":[{\"name\":\"Hero\",\"type\":\"section\",\"props\":{\"animation\":\"fade\",\"animation_delay\":\"200\",\"image\":\"wp-content\\\/uploads\\\/2023\\\/11\\\/BK-EXTERNAL.png\",\"image_effect\":\"parallax\",\"image_loading\":true,\"image_parallax_bgy\":\"0,110\",\"image_parallax_breakpoint\":\"l\",\"image_parallax_easing\":\"1\",\"image_position\":\"center-center\",\"image_size\":\"cover\",\"image_width\":\"1560\",\"padding\":\"xlarge\",\"style\":\"default\",\"title_breakpoint\":\"xl\",\"title_position\":\"top-left\",\"title_rotation\":\"left\",\"vertical_align\":\"middle\",\"width\":\"expand\"},\"children\":[{\"type\":\"row\",\"props\":{\"column_gap\":\"small\",\"margin\":\"large\",\"match\":false,\"row_gap\":\"small\"},\"children\":[{\"type\":\"column\",\"props\":{\"image_position\":\"center-center\",\"position_sticky_breakpoint\":\"m\",\"width_medium\":\"1-1\"},\"children\":[{\"type\":\"panel\",\"props\":{\"content_column_breakpoint\":\"m\",\"icon_width\":80,\"image_align\":\"top\",\"image_grid_breakpoint\":\"m\",\"image_grid_width\":\"1-2\",\"image_svg_color\":\"emphasis\",\"link_style\":\"default\",\"link_text\":\"Read more\",\"margin\":\"default\",\"maxwidth\":\"xlarge\",\"meta_align\":\"below-title\",\"meta_element\":\"div\",\"meta_style\":\"text-meta\",\"panel_padding\":\"default\",\"panel_style\":\"tile-secondary\",\"title\":\"Inovativn\\u00ed \\u0159e\\u0161en\\u00ed pro rozvoj va\\u0161eho podnik\\u00e1n\\u00ed\",\"title_align\":\"top\",\"title_element\":\"h1\",\"title_grid_breakpoint\":\"m\",\"title_grid_width\":\"1-2\",\"title_hover_style\":\"reset\",\"title_style\":\"h2\"}}]}]}]},{\"name\":\"About\",\"type\":\"section\",\"props\":{\"animation_delay\":false,\"image_position\":\"center-center\",\"image_size\":\"cover\",\"padding\":\"large\",\"padding_remove_bottom\":false,\"padding_remove_top\":false,\"style\":\"default\",\"title_breakpoint\":\"xl\",\"title_position\":\"top-left\",\"title_rotation\":\"left\",\"vertical_align\":\"middle\",\"width\":\"default\"},\"children\":[{\"type\":\"row\",\"props\":{\"layout\":\"1-3,2-3\",\"margin\":\"xlarge\",\"width\":\"default\"},\"children\":[{\"type\":\"column\",\"props\":{\"image_position\":\"center-center\",\"position_sticky_breakpoint\":\"m\",\"width_medium\":\"1-3\"},\"children\":[{\"type\":\"headline\",\"props\":{\"content\":\"Trocha historie<br class=\\\"uk-visible@m\\\">\\nZa na\\u0161\\u00ed<br class=\\\"uk-visible@m\\\">\\nEnterprise\",\"title_decoration\":\"bullet\",\"title_element\":\"h2\",\"title_style\":\"h3\"}},{\"type\":\"panel\",\"props\":{\"content_column_breakpoint\":\"m\",\"icon_width\":80,\"image\":\"wp-content\\\/uploads\\\/2023\\\/11\\\/RASIM-1.png\",\"image_align\":\"left\",\"image_focal_point\":\"bottom-left\",\"image_grid_breakpoint\":\"\",\"image_grid_column_gap\":\"medium\",\"image_grid_row_gap\":\"medium\",\"image_grid_width\":\"auto\",\"image_height\":\"610\",\"image_link\":true,\"image_loading\":true,\"image_svg_color\":\"emphasis\",\"image_vertical_align\":true,\"image_width\":\"660\",\"link_style\":\"default\",\"link_target\":false,\"link_text\":\"\",\"margin\":\"medium\",\"maxwidth\":\"medium\",\"meta\":\"Zakladatel a gener\\u00e1ln\\u00ed \\u0159editel\",\"meta_align\":\"below-title\",\"meta_element\":\"div\",\"meta_margin\":\"remove\",\"meta_style\":\"text-meta\",\"text_align\":\"left\",\"title\":\"Pan Rasim Alizada\",\"title_align\":\"top\",\"title_element\":\"div\",\"title_grid_breakpoint\":\"m\",\"title_grid_width\":\"1-2\",\"title_hover_style\":\"reset\",\"title_link\":true,\"title_style\":\"h5\"}}]},{\"type\":\"column\",\"props\":{\"image_position\":\"center-center\",\"position_sticky_breakpoint\":\"m\",\"width_medium\":\"2-3\"},\"children\":[{\"type\":\"text\",\"props\":{\"column_breakpoint\":\"m\",\"content\":\"\n\n<p>Je to dlouh\\u00e1 cesta od absolvov\\u00e1n\\u00ed Univerzity stavebn\\u00edho in\\u017een\\u00fdrstv\\u00ed a architektury v roce 1992 s vyznamen\\u00e1n\\u00edm a\\u017e po otev\\u0159en\\u00ed nult\\u00e9ho ro\\u010dn\\u00edku \\u0159et\\u011bzc\\u016f rychl\\u00e9ho ob\\u010derstven\\u00ed, jako jsou McDonald's, KFC, Burger King a Pizza Hut, v p\\u011bti r\\u016fzn\\u00fdch zem\\u00edch. To poskytlo obrovsk\\u00e9 mno\\u017estv\\u00ed zku\\u0161enost\\u00ed pro vznik spole\\u010dnosti Crocus Consult. K rozhodnut\\u00ed vytvo\\u0159it partnerskou spole\\u010dnost pro restaurace a kav\\u00e1rny vedly p\\u0159edev\\u0161\\u00edm pot\\u0159eby a po\\u017eadavky fran\\u0161\\u00edzant\\u016f, topmana\\u017eer\\u016f a majitel\\u016f jak \\u0159et\\u011bzc\\u016f rychl\\u00e9ho ob\\u010derstven\\u00ed, tak jednotliv\\u00fdch kav\\u00e1ren a restaurac\\u00ed. Na\\u0161i klienti si vyb\\u00edraj\\u00ed na\\u0161e slu\\u017eby, aby si zjednodu\\u0161ili otev\\u00edr\\u00e1n\\u00ed restaurac\\u00ed a u\\u0161et\\u0159ili finan\\u010dn\\u00ed prost\\u0159edky. P\\u016fsob\\u00edme jako hlavn\\u00ed dodavatel a naj\\u00edm\\u00e1me subdodavatele podle pot\\u0159eby projektu. V\\u00edme tak\\u00e9 t\\u00e9m\\u011b\\u0159 v\\u0161e o vybaven\\u00ed, za\\u0159\\u00edzen\\u00ed a n\\u00e1bytku pro va\\u0161i budouc\\u00ed restauraci. Spolupracujeme s v\\u00fdznamn\\u00fdmi stavebn\\u00edmi firmami a firmami zab\\u00fdvaj\\u00edc\\u00edmi se vybaven\\u00edm, u kter\\u00fdch m\\u00e1me v\\u00fdrazn\\u00e9 slevy, kter\\u00e9 v\\u00e1m d\\u00e1le poskytujeme. M\\u016fj t\\u00fdm je skv\\u011bl\\u00fd t\\u00fdm, se kter\\u00fdm pracuji ji\\u017e v\\u00edce ne\\u017e dvacet let, ka\\u017ed\\u00fd z nich m\\u00e1 certifik\\u00e1ty od v\\u00fdznamn\\u00fdch dodavatel\\u016f vybaven\\u00ed, jako jsou Franke, Duke atd. Za posledn\\u00edch 20 let jsem tak\\u00e9 \\u00fasp\\u011b\\u0161n\\u011b absolvoval \\u0159adu kurz\\u016f a \\u0161kolen\\u00ed u spole\\u010dnost\\u00ed McDonald's, KFC a Burger King. Jedn\\u00edm z na\\u0161ich hlavn\\u00edch c\\u00edl\\u016f je u\\u0161et\\u0159it n\\u00e1klady na otev\\u0159en\\u00ed nov\\u00e9 restaurace, ani\\u017e by byla ohro\\u017eena kvalita proveden\\u00fdch prac\\u00ed, a proto pln\\u011b kontrolujeme v\\u0161echny f\\u00e1ze v\\u00fdstavby a pou\\u017eit\\u00e9 materi\\u00e1ly. Zab\\u00fdv\\u00e1me se tak\\u00e9 objedn\\u00e1vkou a dopravou FF&amp;E (Furniture, Fixtures and Equipment) a pozd\\u011bji instalac\\u00ed a spu\\u0161t\\u011bn\\u00edm nov\\u00e9 restaurace. V p\\u0159\\u00edpad\\u011b pot\\u0159eby se ka\\u017edoro\\u010dn\\u011b star\\u00e1me o OS&amp;E (provozn\\u00ed pot\\u0159eby a za\\u0159\\u00edzen\\u00ed), abychom p\\u0159ede\\u0161li neo\\u010dek\\u00e1van\\u00fdm v\\u00fdpadk\\u016fm v provozu za\\u0159\\u00edzen\\u00ed. M\\u00e1me mo\\u017enost p\\u016fsobit ve v\\u0161ech zem\\u00edch EU a jako t\\u00fdm Crocus Consult jsme v\\u017edy p\\u0159ipraveni v\\u00e1s podpo\\u0159it, abyste mohli efektivn\\u011bji a \\u00fa\\u010dinn\\u011bji rozv\\u00edjet sv\\u00e9 podnik\\u00e1n\\u00ed.<\\\/p>\",\"dropcap\":false,\"margin\":\"default\"}}]}]},{\"type\":\"row\",\"props\":{\"alignment\":\"center\",\"match\":false,\"vertical_align\":false,\"width\":\"expand\"},\"children\":[{\"type\":\"column\",\"props\":{\"image_position\":\"center-center\",\"position_sticky_breakpoint\":\"m\"},\"children\":[{\"type\":\"slideshow\",\"props\":{\"link_style\":\"default\",\"link_text\":\"Read more\",\"margin\":\"default\",\"meta_align\":\"below-title\",\"meta_element\":\"div\",\"meta_style\":\"text-meta\",\"nav\":\"dotnav\",\"nav_align\":\"center\",\"nav_breakpoint\":\"s\",\"nav_position\":\"bottom-center\",\"nav_position_margin\":\"medium\",\"overlay_animation\":\"parallax\",\"overlay_position\":\"center-left\",\"show_content\":true,\"show_link\":true,\"show_meta\":true,\"show_thumbnail\":true,\"show_title\":true,\"slidenav\":\"default\",\"slidenav_breakpoint\":\"s\",\"slidenav_margin\":\"medium\",\"slidenav_outside_breakpoint\":\"xl\",\"slideshow_autoplay_pause\":true,\"slideshow_min_height\":300,\"thumbnav_height\":\"75\",\"thumbnav_svg_color\":\"emphasis\",\"thumbnav_width\":\"100\",\"title_element\":\"h3\"},\"children\":[{\"type\":\"slideshow_item\",\"props\":{\"image\":\"wp-content\\\/uploads\\\/2023\\\/11\\\/mcd1.png\"}},{\"type\":\"slideshow_item\",\"props\":{\"image\":\"wp-content\\\/uploads\\\/2023\\\/11\\\/IMG_2041.jpg\"}},{\"type\":\"slideshow_item\",\"props\":{\"image\":\"wp-content\\\/uploads\\\/2023\\\/11\\\/333-1.png\"}},{\"type\":\"slideshow_item\",\"props\":{\"image\":\"wp-content\\\/uploads\\\/2023\\\/11\\\/mcdonalds.jpg\"}},{\"type\":\"slideshow_item\",\"props\":{\"image\":\"wp-content\\\/uploads\\\/2023\\\/11\\\/IMG_2027.jpg\"}},{\"type\":\"slideshow_item\",\"props\":{\"image\":\"wp-content\\\/uploads\\\/2023\\\/11\\\/IMG_2044.jpg\"}},{\"type\":\"slideshow_item\",\"props\":{\"image\":\"wp-content\\\/uploads\\\/2023\\\/11\\\/11111.jpg\"}},{\"type\":\"slideshow_item\",\"props\":{\"image\":\"wp-content\\\/uploads\\\/2023\\\/11\\\/IMG_2025.jpg\"}},{\"type\":\"slideshow_item\",\"props\":{\"image\":\"wp-content\\\/uploads\\\/2023\\\/11\\\/IMG_2038.jpg\"}},{\"type\":\"slideshow_item\",\"props\":{\"image\":\"wp-content\\\/uploads\\\/2023\\\/11\\\/2-2.jpg\"}},{\"type\":\"slideshow_item\",\"props\":{\"image\":\"wp-content\\\/uploads\\\/2023\\\/11\\\/6-1.jpg\"}},{\"type\":\"slideshow_item\",\"props\":{\"image\":\"wp-content\\\/uploads\\\/2023\\\/11\\\/8.jpg\"}},{\"type\":\"slideshow_item\",\"props\":{\"image\":\"wp-content\\\/uploads\\\/2023\\\/11\\\/IMG_2043.jpg\"}},{\"type\":\"slideshow_item\",\"props\":{\"image\":\"wp-content\\\/uploads\\\/2023\\\/11\\\/5-1.jpg\"}},{\"type\":\"slideshow_item\",\"props\":{\"image\":\"wp-content\\\/uploads\\\/2023\\\/11\\\/IMG_2050-scaled.jpg\"}},{\"type\":\"slideshow_item\",\"props\":{\"image\":\"wp-content\\\/uploads\\\/2023\\\/11\\\/IMG_2039-scaled.jpg\"}}]}]}]}]},{\"name\":\"Call to action\",\"type\":\"section\",\"props\":{\"image\":\"wp-content\\\/uploads\\\/yootheme\\\/company-cta-bg.jpg\",\"image_position\":\"center-center\",\"image_size\":\"cover\",\"image_width\":\"1560\",\"media_background\":\"rgba(55, 82, 170, 0.9)\",\"media_blend_mode\":\"multiply\",\"media_overlay\":\"rgba(30, 54, 132, 0.89)\",\"padding\":\"large\",\"style\":\"default\",\"text_color\":\"light\",\"title_breakpoint\":\"xl\",\"title_position\":\"top-left\",\"title_rotation\":\"left\",\"vertical_align\":\"middle\",\"width\":\"default\"},\"children\":[{\"type\":\"row\",\"props\":{\"column_gap\":\"small\",\"margin\":\"large\",\"match\":false,\"row_gap\":\"small\",\"vertical_align\":false},\"children\":[{\"type\":\"column\",\"props\":{\"image_position\":\"center-center\",\"position_sticky_breakpoint\":\"m\",\"width_medium\":\"1-1\"},\"children\":[{\"type\":\"text\",\"props\":{\"column_breakpoint\":\"m\",\"content\":\"\n\n<h2>Najdete n\\u00e1s na\\u00a0 <a href=\\\"https:\\\/\\\/www.linkedin.com\\\/in\\\/rasim-alizada-777r\\\/\\\"><img src=\\\"https:\\\/\\\/crocusconsult.com\\\/wp-content\\\/uploads\\\/2023\\\/12\\\/LinkedIn_icon.svg-150x150.png\\\" alt=\\\"\\\" width=\\\"50\\\" height=\\\"50\\\" class=\\\"alignnone wp-image-2332\\\" \\\/><\\\/a><\\\/h2>\",\"margin\":\"default\"}}]}]}]}],\"version\":\"4.2.0\"} --><\/p>\n","protected":false},"excerpt":{"rendered":"<p>Inovativn\u00ed \u0159e\u0161en\u00ed pro rozvoj va\u0161eho podnik\u00e1n\u00ed Trocha historie Za na\u0161\u00ed Enterprise Pan Rasim Alizada Zakladatel a gener\u00e1ln\u00ed \u0159editel Je to dlouh\u00e1 cesta od absolvov\u00e1n\u00ed Univerzity stavebn\u00edho in\u017een\u00fdrstv\u00ed a architektury v roce 1992 s vyznamen\u00e1n\u00edm a\u017e po otev\u0159en\u00ed nult\u00e9ho ro\u010dn\u00edku \u0159et\u011bzc\u016f rychl\u00e9ho ob\u010derstven\u00ed, jako jsou McDonald&#8217;s, KFC, Burger King a Pizza Hut, v p\u011bti r\u016fzn\u00fdch zem\u00edch. [&hellip;]<\/p>\n","protected":false},"author":1,"featured_media":0,"parent":0,"menu_order":10,"comment_status":"open","ping_status":"open","template":"","meta":{"footnotes":""},"class_list":["post-2241","page","type-page","status-publish","hentry"],"acf":[],"yoast_head":"<!-- This site is optimized with the Yoast SEO plugin v21.7 - https:\/\/yoast.com\/wordpress\/plugins\/seo\/ -->\n<title>Spole\u010dnost - Crocus Consult<\/title>\n<meta name=\"robots\" content=\"index, follow, max-snippet:-1, max-image-preview:large, max-video-preview:-1\" \/>\n<link rel=\"canonical\" href=\"https:\/\/crocusconsult.com\/?page_id=2241&lang=cs\" \/>\n<meta property=\"og:locale\" content=\"en_US\" \/>\n<meta property=\"og:type\" content=\"article\" \/>\n<meta property=\"og:title\" content=\"Spole\u010dnost - Crocus Consult\" \/>\n<meta property=\"og:description\" content=\"Inovativn\u00ed \u0159e\u0161en\u00ed pro rozvoj va\u0161eho podnik\u00e1n\u00ed Trocha historie Za na\u0161\u00ed Enterprise Pan Rasim Alizada Zakladatel a gener\u00e1ln\u00ed \u0159editel Je to dlouh\u00e1 cesta od absolvov\u00e1n\u00ed Univerzity stavebn\u00edho in\u017een\u00fdrstv\u00ed a architektury v roce 1992 s vyznamen\u00e1n\u00edm a\u017e po otev\u0159en\u00ed nult\u00e9ho ro\u010dn\u00edku \u0159et\u011bzc\u016f rychl\u00e9ho ob\u010derstven\u00ed, jako jsou McDonald&#8217;s, KFC, Burger King a Pizza Hut, v p\u011bti r\u016fzn\u00fdch zem\u00edch. [&hellip;]\" \/>\n<meta property=\"og:url\" content=\"https:\/\/crocusconsult.com\/?page_id=2241&amp;lang=cs\" \/>\n<meta property=\"og:site_name\" content=\"Crocus Consult\" \/>\n<meta property=\"article:modified_time\" content=\"2023-12-09T12:55:39+00:00\" \/>\n<meta property=\"og:image\" content=\"https:\/\/crocusconsult.com\/wp-content\/uploads\/2023\/12\/LinkedIn_icon.svg-150x150.png\" \/>\n<meta name=\"twitter:card\" content=\"summary_large_image\" \/>\n<meta name=\"twitter:label1\" content=\"Est. reading time\" \/>\n\t<meta name=\"twitter:data1\" content=\"2 minutes\" \/>\n<script type=\"application\/ld+json\" class=\"yoast-schema-graph\">{\"@context\":\"https:\/\/schema.org\",\"@graph\":[{\"@type\":\"WebPage\",\"@id\":\"https:\/\/crocusconsult.com\/?page_id=2241&lang=cs\",\"url\":\"https:\/\/crocusconsult.com\/?page_id=2241&lang=cs\",\"name\":\"Spole\u010dnost - Crocus Consult\",\"isPartOf\":{\"@id\":\"https:\/\/crocusconsult.com\/#website\"},\"datePublished\":\"2019-09-02T07:23:45+00:00\",\"dateModified\":\"2023-12-09T12:55:39+00:00\",\"breadcrumb\":{\"@id\":\"https:\/\/crocusconsult.com\/?page_id=2241&lang=cs#breadcrumb\"},\"inLanguage\":\"en-US\",\"potentialAction\":[{\"@type\":\"ReadAction\",\"target\":[\"https:\/\/crocusconsult.com\/?page_id=2241&lang=cs\"]}]},{\"@type\":\"BreadcrumbList\",\"@id\":\"https:\/\/crocusconsult.com\/?page_id=2241&lang=cs#breadcrumb\",\"itemListElement\":[{\"@type\":\"ListItem\",\"position\":1,\"name\":\"Home\",\"item\":\"https:\/\/crocusconsult.com\/\"},{\"@type\":\"ListItem\",\"position\":2,\"name\":\"Spole\u010dnost\"}]},{\"@type\":\"WebSite\",\"@id\":\"https:\/\/crocusconsult.com\/#website\",\"url\":\"https:\/\/crocusconsult.com\/\",\"name\":\"Crocus Consult\",\"description\":\"\",\"publisher\":{\"@id\":\"https:\/\/crocusconsult.com\/#organization\"},\"potentialAction\":[{\"@type\":\"SearchAction\",\"target\":{\"@type\":\"EntryPoint\",\"urlTemplate\":\"https:\/\/crocusconsult.com\/?s={search_term_string}\"},\"query-input\":\"required name=search_term_string\"}],\"inLanguage\":\"en-US\"},{\"@type\":\"Organization\",\"@id\":\"https:\/\/crocusconsult.com\/#organization\",\"name\":\"Crocus Consult\",\"url\":\"https:\/\/crocusconsult.com\/\",\"logo\":{\"@type\":\"ImageObject\",\"inLanguage\":\"en-US\",\"@id\":\"https:\/\/crocusconsult.com\/#\/schema\/logo\/image\/\",\"url\":\"https:\/\/crocusconsult.com\/wp-content\/uploads\/2023\/11\/LOGO-BEST-1.png\",\"contentUrl\":\"https:\/\/crocusconsult.com\/wp-content\/uploads\/2023\/11\/LOGO-BEST-1.png\",\"width\":400,\"height\":160,\"caption\":\"Crocus Consult\"},\"image\":{\"@id\":\"https:\/\/crocusconsult.com\/#\/schema\/logo\/image\/\"}}]}<\/script>\n<!-- \/ Yoast SEO plugin. -->","yoast_head_json":{"title":"Spole\u010dnost - Crocus Consult","robots":{"index":"index","follow":"follow","max-snippet":"max-snippet:-1","max-image-preview":"max-image-preview:large","max-video-preview":"max-video-preview:-1"},"canonical":"https:\/\/crocusconsult.com\/?page_id=2241&lang=cs","og_locale":"en_US","og_type":"article","og_title":"Spole\u010dnost - Crocus Consult","og_description":"Inovativn\u00ed \u0159e\u0161en\u00ed pro rozvoj va\u0161eho podnik\u00e1n\u00ed Trocha historie Za na\u0161\u00ed Enterprise Pan Rasim Alizada Zakladatel a gener\u00e1ln\u00ed \u0159editel Je to dlouh\u00e1 cesta od absolvov\u00e1n\u00ed Univerzity stavebn\u00edho in\u017een\u00fdrstv\u00ed a architektury v roce 1992 s vyznamen\u00e1n\u00edm a\u017e po otev\u0159en\u00ed nult\u00e9ho ro\u010dn\u00edku \u0159et\u011bzc\u016f rychl\u00e9ho ob\u010derstven\u00ed, jako jsou McDonald&#8217;s, KFC, Burger King a Pizza Hut, v p\u011bti r\u016fzn\u00fdch zem\u00edch. [&hellip;]","og_url":"https:\/\/crocusconsult.com\/?page_id=2241&lang=cs","og_site_name":"Crocus Consult","article_modified_time":"2023-12-09T12:55:39+00:00","og_image":[{"url":"https:\/\/crocusconsult.com\/wp-content\/uploads\/2023\/12\/LinkedIn_icon.svg-150x150.png"}],"twitter_card":"summary_large_image","twitter_misc":{"Est. reading time":"2 minutes"},"schema":{"@context":"https:\/\/schema.org","@graph":[{"@type":"WebPage","@id":"https:\/\/crocusconsult.com\/?page_id=2241&lang=cs","url":"https:\/\/crocusconsult.com\/?page_id=2241&lang=cs","name":"Spole\u010dnost - Crocus Consult","isPartOf":{"@id":"https:\/\/crocusconsult.com\/#website"},"datePublished":"2019-09-02T07:23:45+00:00","dateModified":"2023-12-09T12:55:39+00:00","breadcrumb":{"@id":"https:\/\/crocusconsult.com\/?page_id=2241&lang=cs#breadcrumb"},"inLanguage":"en-US","potentialAction":[{"@type":"ReadAction","target":["https:\/\/crocusconsult.com\/?page_id=2241&lang=cs"]}]},{"@type":"BreadcrumbList","@id":"https:\/\/crocusconsult.com\/?page_id=2241&lang=cs#breadcrumb","itemListElement":[{"@type":"ListItem","position":1,"name":"Home","item":"https:\/\/crocusconsult.com\/"},{"@type":"ListItem","position":2,"name":"Spole\u010dnost"}]},{"@type":"WebSite","@id":"https:\/\/crocusconsult.com\/#website","url":"https:\/\/crocusconsult.com\/","name":"Crocus Consult","description":"","publisher":{"@id":"https:\/\/crocusconsult.com\/#organization"},"potentialAction":[{"@type":"SearchAction","target":{"@type":"EntryPoint","urlTemplate":"https:\/\/crocusconsult.com\/?s={search_term_string}"},"query-input":"required name=search_term_string"}],"inLanguage":"en-US"},{"@type":"Organization","@id":"https:\/\/crocusconsult.com\/#organization","name":"Crocus Consult","url":"https:\/\/crocusconsult.com\/","logo":{"@type":"ImageObject","inLanguage":"en-US","@id":"https:\/\/crocusconsult.com\/#\/schema\/logo\/image\/","url":"https:\/\/crocusconsult.com\/wp-content\/uploads\/2023\/11\/LOGO-BEST-1.png","contentUrl":"https:\/\/crocusconsult.com\/wp-content\/uploads\/2023\/11\/LOGO-BEST-1.png","width":400,"height":160,"caption":"Crocus Consult"},"image":{"@id":"https:\/\/crocusconsult.com\/#\/schema\/logo\/image\/"}}]}},"_links":{"self":[{"href":"https:\/\/crocusconsult.com\/index.php?rest_route=\/wp\/v2\/pages\/2241","targetHints":{"allow":["GET"]}}],"collection":[{"href":"https:\/\/crocusconsult.com\/index.php?rest_route=\/wp\/v2\/pages"}],"about":[{"href":"https:\/\/crocusconsult.com\/index.php?rest_route=\/wp\/v2\/types\/page"}],"author":[{"embeddable":true,"href":"https:\/\/crocusconsult.com\/index.php?rest_route=\/wp\/v2\/users\/1"}],"replies":[{"embeddable":true,"href":"https:\/\/crocusconsult.com\/index.php?rest_route=%2Fwp%2Fv2%2Fcomments&post=2241"}],"version-history":[{"count":4,"href":"https:\/\/crocusconsult.com\/index.php?rest_route=\/wp\/v2\/pages\/2241\/revisions"}],"predecessor-version":[{"id":2350,"href":"https:\/\/crocusconsult.com\/index.php?rest_route=\/wp\/v2\/pages\/2241\/revisions\/2350"}],"wp:attachment":[{"href":"https:\/\/crocusconsult.com\/index.php?rest_route=%2Fwp%2Fv2%2Fmedia&parent=2241"}],"curies":[{"name":"wp","href":"https:\/\/api.w.org\/{rel}","templated":true}]}}