{"id":2242,"date":"2019-09-02T07:23:45","date_gmt":"2019-09-02T07:23:45","guid":{"rendered":"https:\/\/crocusconsult.com\/?page_id=2242"},"modified":"2023-12-09T12:57:29","modified_gmt":"2023-12-09T12:57:29","slug":"company","status":"publish","type":"page","link":"https:\/\/crocusconsult.com\/?page_id=2242&lang=pl","title":{"rendered":"Firma"},"content":{"rendered":"<div>\n<h1>Innowacyjne rozwi\u0105zania dla rozwoju firmy<\/h1>\n<\/div>\n<h2>Troch\u0119 historii<br class=\"uk-visible@m\"><br \/>\nZa naszym<br class=\"uk-visible@m\"><br \/>\nPrzedsi\u0119biorstwo<\/h2>\n<div>\n<p>        <img decoding=\"async\" src=\"\/wp-content\/uploads\/2023\/11\/RASIM-1.png\" alt=\"\"><\/p>\n<div>Pan Rasim Alizada<\/div>\n<p>Za\u0142o\u017cyciel i CEO<\/p>\n<\/div>\n<div>\n<p>To by\u0142a d\u0142uga droga od uko\u0144czenia z wyr\u00f3\u017cnieniem Uniwersytetu In\u017cynierii L\u0105dowej i Architektury w 1992 roku do otwarcia od zera sieci restauracji szybkiej obs\u0142ugi, takich jak McDonald&#8217;s, KFC, Burger King i Pizza Hut w pi\u0119ciu r\u00f3\u017cnych krajach. Zapewni\u0142o to ogromne do\u015bwiadczenie w tworzeniu Crocus Consult. Decyzja o stworzeniu firmy partnerskiej dla restauracji i kawiarni by\u0142a podyktowana przede wszystkim potrzebami i wymaganiami franczyzobiorc\u00f3w, mened\u017cer\u00f3w i w\u0142a\u015bcicieli zar\u00f3wno sieci restauracji szybkiej obs\u0142ugi, jak i pojedynczych kawiarni i restauracji. Nasi klienci wybieraj\u0105 nasze us\u0142ugi, aby upro\u015bci\u0107 otwieranie restauracji i zaoszcz\u0119dzi\u0107 \u015brodki finansowe. Dzia\u0142amy jako g\u0142\u00f3wny wykonawca i zatrudniamy podwykonawc\u00f3w w zale\u017cno\u015bci od potrzeb projektu. Wiemy r\u00f3wnie\u017c prawie wszystko o sprz\u0119cie, wyposa\u017ceniu i meblach do przysz\u0142ej restauracji. Wsp\u00f3\u0142pracujemy z najwi\u0119kszymi firmami budowlanymi i sprz\u0119towymi, gdzie mamy znacz\u0105ce zni\u017cki, kt\u00f3re dodatkowo zapewniamy. M\u00f3j zesp\u00f3\u0142 to \u015bwietny zesp\u00f3\u0142, z kt\u00f3rym pracuj\u0119 od ponad dwudziestu lat, a ka\u017cdy z nich posiada certyfikaty g\u0142\u00f3wnych dostawc\u00f3w sprz\u0119tu, takich jak Franke, Duke itp. W ci\u0105gu ostatnich 20 lat pomy\u015blnie przeszed\u0142em r\u00f3wnie\u017c liczne kursy i szkolenia w McDonald&#8217;s, KFC i Burger King. Jednym z naszych g\u0142\u00f3wnych cel\u00f3w jest obni\u017cenie koszt\u00f3w otwarcia nowej restauracji bez uszczerbku dla jako\u015bci wykonanej pracy, dlatego w pe\u0142ni kontrolujemy wszystkie etapy budowy i u\u017cyte materia\u0142y. Zajmujemy si\u0119 r\u00f3wnie\u017c zamawianiem i transportem FF&amp;E (meble, wyposa\u017cenie i sprz\u0119t), a nast\u0119pnie instalacj\u0105 i uruchomieniem nowej restauracji. W razie potrzeby corocznie dbamy o OS&amp;E (materia\u0142y eksploatacyjne i sprz\u0119t), aby zapobiec nieoczekiwanym awariom w dzia\u0142aniu obiektu. Mamy mo\u017cliwo\u015b\u0107 pracy we wszystkich krajach UE i jako zesp\u00f3\u0142 Crocus Consult zawsze jeste\u015bmy gotowi wesprze\u0107 Ci\u0119 w rozwoju Twojej firmy w spos\u00f3b bardziej wydajny i skuteczny.<\/p><\/div>\n<ul>\n<li>\n<p>        <img decoding=\"async\" src=\"\/wp-content\/uploads\/2023\/11\/mcd1.png\" alt=\"\"><\/p>\n<\/li>\n<li>\n<p>        <img decoding=\"async\" src=\"\/wp-content\/uploads\/2023\/11\/IMG_2041.jpg\" alt=\"\"><\/p>\n<\/li>\n<li>\n<p>        <img decoding=\"async\" src=\"\/wp-content\/uploads\/2023\/11\/333-1.png\" alt=\"\"><\/p>\n<\/li>\n<li>\n<p>        <img decoding=\"async\" src=\"\/wp-content\/uploads\/2023\/11\/mcdonalds.jpg\" alt=\"\"><\/p>\n<\/li>\n<li>\n<p>        <img decoding=\"async\" src=\"\/wp-content\/uploads\/2023\/11\/IMG_2027.jpg\" alt=\"\"><\/p>\n<\/li>\n<li>\n<p>        <img decoding=\"async\" src=\"\/wp-content\/uploads\/2023\/11\/IMG_2044.jpg\" alt=\"\"><\/p>\n<\/li>\n<li>\n<p>        <img decoding=\"async\" src=\"\/wp-content\/uploads\/2023\/11\/11111.jpg\" alt=\"\"><\/p>\n<\/li>\n<li>\n<p>        <img decoding=\"async\" src=\"\/wp-content\/uploads\/2023\/11\/IMG_2025.jpg\" alt=\"\"><\/p>\n<\/li>\n<li>\n<p>        <img decoding=\"async\" src=\"\/wp-content\/uploads\/2023\/11\/IMG_2038.jpg\" alt=\"\"><\/p>\n<\/li>\n<li>\n<p>        <img decoding=\"async\" src=\"\/wp-content\/uploads\/2023\/11\/2-2.jpg\" alt=\"\"><\/p>\n<\/li>\n<li>\n<p>        <img decoding=\"async\" src=\"\/wp-content\/uploads\/2023\/11\/6-1.jpg\" alt=\"\"><\/p>\n<\/li>\n<li>\n<p>        <img decoding=\"async\" src=\"\/wp-content\/uploads\/2023\/11\/8.jpg\" alt=\"\"><\/p>\n<\/li>\n<li>\n<p>        <img decoding=\"async\" src=\"\/wp-content\/uploads\/2023\/11\/IMG_2043.jpg\" alt=\"\"><\/p>\n<\/li>\n<li>\n<p>        <img decoding=\"async\" src=\"\/wp-content\/uploads\/2023\/11\/5-1.jpg\" alt=\"\"><\/p>\n<\/li>\n<li>\n<p>        <img decoding=\"async\" src=\"\/wp-content\/uploads\/2023\/11\/IMG_2050-scaled.jpg\" alt=\"\"><\/p>\n<\/li>\n<li>\n<p>        <img decoding=\"async\" src=\"\/wp-content\/uploads\/2023\/11\/IMG_2039-scaled.jpg\" alt=\"\"><\/p>\n<\/li>\n<\/ul>\n<div>\n<h2>Mo\u017cna nas znale\u017a\u0107 na\u00a0 \u00a0<a href=\"https:\/\/www.linkedin.com\/in\/rasim-alizada-777r\/\"><img loading=\"lazy\" decoding=\"async\" src=\"https:\/\/crocusconsult.com\/wp-content\/uploads\/2023\/12\/LinkedIn_icon.svg-150x150.png\" alt=\"\" width=\"50\" height=\"50\" class=\"alignnone wp-image-2334\" srcset=\"https:\/\/crocusconsult.com\/wp-content\/uploads\/2023\/12\/LinkedIn_icon.svg-150x150.png 150w, https:\/\/crocusconsult.com\/wp-content\/uploads\/2023\/12\/LinkedIn_icon.svg-300x300.png 300w, https:\/\/crocusconsult.com\/wp-content\/uploads\/2023\/12\/LinkedIn_icon.svg-1024x1024.png 1024w, https:\/\/crocusconsult.com\/wp-content\/uploads\/2023\/12\/LinkedIn_icon.svg-768x768.png 768w, https:\/\/crocusconsult.com\/wp-content\/uploads\/2023\/12\/LinkedIn_icon.svg-1536x1536.png 1536w, https:\/\/crocusconsult.com\/wp-content\/uploads\/2023\/12\/LinkedIn_icon.svg.png 2048w\" sizes=\"auto, (max-width: 50px) 100vw, 50px\" \/><\/a><\/h2>\n<\/div>\n<p><!--more--><br \/>\n<!-- {\"name\":\"About\",\"type\":\"layout\",\"children\":[{\"name\":\"Hero\",\"type\":\"section\",\"props\":{\"animation\":\"fade\",\"animation_delay\":\"200\",\"image\":\"wp-content\\\/uploads\\\/2023\\\/11\\\/BK-EXTERNAL.png\",\"image_effect\":\"parallax\",\"image_loading\":true,\"image_parallax_bgy\":\"0,110\",\"image_parallax_breakpoint\":\"l\",\"image_parallax_easing\":\"1\",\"image_position\":\"center-center\",\"image_size\":\"cover\",\"image_width\":\"1560\",\"padding\":\"xlarge\",\"style\":\"default\",\"title_breakpoint\":\"xl\",\"title_position\":\"top-left\",\"title_rotation\":\"left\",\"vertical_align\":\"middle\",\"width\":\"expand\"},\"children\":[{\"type\":\"row\",\"props\":{\"column_gap\":\"small\",\"margin\":\"large\",\"match\":false,\"row_gap\":\"small\"},\"children\":[{\"type\":\"column\",\"props\":{\"image_position\":\"center-center\",\"position_sticky_breakpoint\":\"m\",\"width_medium\":\"1-1\"},\"children\":[{\"type\":\"panel\",\"props\":{\"content_column_breakpoint\":\"m\",\"icon_width\":80,\"image_align\":\"top\",\"image_grid_breakpoint\":\"m\",\"image_grid_width\":\"1-2\",\"image_svg_color\":\"emphasis\",\"link_style\":\"default\",\"link_text\":\"Read more\",\"margin\":\"default\",\"maxwidth\":\"xlarge\",\"meta_align\":\"below-title\",\"meta_element\":\"div\",\"meta_style\":\"text-meta\",\"panel_padding\":\"default\",\"panel_style\":\"tile-secondary\",\"title\":\"Innowacyjne rozwi\\u0105zania dla rozwoju firmy\",\"title_align\":\"top\",\"title_element\":\"h1\",\"title_grid_breakpoint\":\"m\",\"title_grid_width\":\"1-2\",\"title_hover_style\":\"reset\",\"title_style\":\"h2\"}}]}]}]},{\"name\":\"About\",\"type\":\"section\",\"props\":{\"animation_delay\":false,\"image_position\":\"center-center\",\"image_size\":\"cover\",\"padding\":\"large\",\"padding_remove_bottom\":false,\"padding_remove_top\":false,\"style\":\"default\",\"title_breakpoint\":\"xl\",\"title_position\":\"top-left\",\"title_rotation\":\"left\",\"vertical_align\":\"middle\",\"width\":\"default\"},\"children\":[{\"type\":\"row\",\"props\":{\"layout\":\"1-3,2-3\",\"margin\":\"xlarge\",\"width\":\"default\"},\"children\":[{\"type\":\"column\",\"props\":{\"image_position\":\"center-center\",\"position_sticky_breakpoint\":\"m\",\"width_medium\":\"1-3\"},\"children\":[{\"type\":\"headline\",\"props\":{\"content\":\"Troch\\u0119 historii<br class=\\\"uk-visible@m\\\">\\nZa naszym<br class=\\\"uk-visible@m\\\">\\nPrzedsi\\u0119biorstwo\",\"title_decoration\":\"bullet\",\"title_element\":\"h2\",\"title_style\":\"h3\"}},{\"type\":\"panel\",\"props\":{\"content_column_breakpoint\":\"m\",\"icon_width\":80,\"image\":\"wp-content\\\/uploads\\\/2023\\\/11\\\/RASIM-1.png\",\"image_align\":\"left\",\"image_focal_point\":\"bottom-left\",\"image_grid_breakpoint\":\"\",\"image_grid_column_gap\":\"medium\",\"image_grid_row_gap\":\"medium\",\"image_grid_width\":\"auto\",\"image_height\":\"610\",\"image_link\":true,\"image_loading\":true,\"image_svg_color\":\"emphasis\",\"image_vertical_align\":true,\"image_width\":\"660\",\"link_style\":\"default\",\"link_target\":false,\"link_text\":\"\",\"margin\":\"medium\",\"maxwidth\":\"medium\",\"meta\":\"Za\\u0142o\\u017cyciel i CEO\",\"meta_align\":\"below-title\",\"meta_element\":\"div\",\"meta_margin\":\"remove\",\"meta_style\":\"text-meta\",\"text_align\":\"left\",\"title\":\"Pan Rasim Alizada\",\"title_align\":\"top\",\"title_element\":\"div\",\"title_grid_breakpoint\":\"m\",\"title_grid_width\":\"1-2\",\"title_hover_style\":\"reset\",\"title_link\":true,\"title_style\":\"h5\"}}]},{\"type\":\"column\",\"props\":{\"image_position\":\"center-center\",\"position_sticky_breakpoint\":\"m\",\"width_medium\":\"2-3\"},\"children\":[{\"type\":\"text\",\"props\":{\"column_breakpoint\":\"m\",\"content\":\"\n\n<p>To by\\u0142a d\\u0142uga droga od uko\\u0144czenia z wyr\\u00f3\\u017cnieniem Uniwersytetu In\\u017cynierii L\\u0105dowej i Architektury w 1992 roku do otwarcia od zera sieci restauracji szybkiej obs\\u0142ugi, takich jak McDonald's, KFC, Burger King i Pizza Hut w pi\\u0119ciu r\\u00f3\\u017cnych krajach. Zapewni\\u0142o to ogromne do\\u015bwiadczenie w tworzeniu Crocus Consult. Decyzja o stworzeniu firmy partnerskiej dla restauracji i kawiarni by\\u0142a podyktowana przede wszystkim potrzebami i wymaganiami franczyzobiorc\\u00f3w, mened\\u017cer\\u00f3w i w\\u0142a\\u015bcicieli zar\\u00f3wno sieci restauracji szybkiej obs\\u0142ugi, jak i pojedynczych kawiarni i restauracji. Nasi klienci wybieraj\\u0105 nasze us\\u0142ugi, aby upro\\u015bci\\u0107 otwieranie restauracji i zaoszcz\\u0119dzi\\u0107 \\u015brodki finansowe. Dzia\\u0142amy jako g\\u0142\\u00f3wny wykonawca i zatrudniamy podwykonawc\\u00f3w w zale\\u017cno\\u015bci od potrzeb projektu. Wiemy r\\u00f3wnie\\u017c prawie wszystko o sprz\\u0119cie, wyposa\\u017ceniu i meblach do przysz\\u0142ej restauracji. Wsp\\u00f3\\u0142pracujemy z najwi\\u0119kszymi firmami budowlanymi i sprz\\u0119towymi, gdzie mamy znacz\\u0105ce zni\\u017cki, kt\\u00f3re dodatkowo zapewniamy. M\\u00f3j zesp\\u00f3\\u0142 to \\u015bwietny zesp\\u00f3\\u0142, z kt\\u00f3rym pracuj\\u0119 od ponad dwudziestu lat, a ka\\u017cdy z nich posiada certyfikaty g\\u0142\\u00f3wnych dostawc\\u00f3w sprz\\u0119tu, takich jak Franke, Duke itp. W ci\\u0105gu ostatnich 20 lat pomy\\u015blnie przeszed\\u0142em r\\u00f3wnie\\u017c liczne kursy i szkolenia w McDonald's, KFC i Burger King. Jednym z naszych g\\u0142\\u00f3wnych cel\\u00f3w jest obni\\u017cenie koszt\\u00f3w otwarcia nowej restauracji bez uszczerbku dla jako\\u015bci wykonanej pracy, dlatego w pe\\u0142ni kontrolujemy wszystkie etapy budowy i u\\u017cyte materia\\u0142y. Zajmujemy si\\u0119 r\\u00f3wnie\\u017c zamawianiem i transportem FF&amp;E (meble, wyposa\\u017cenie i sprz\\u0119t), a nast\\u0119pnie instalacj\\u0105 i uruchomieniem nowej restauracji. W razie potrzeby corocznie dbamy o OS&amp;E (materia\\u0142y eksploatacyjne i sprz\\u0119t), aby zapobiec nieoczekiwanym awariom w dzia\\u0142aniu obiektu. Mamy mo\\u017cliwo\\u015b\\u0107 pracy we wszystkich krajach UE i jako zesp\\u00f3\\u0142 Crocus Consult zawsze jeste\\u015bmy gotowi wesprze\\u0107 Ci\\u0119 w rozwoju Twojej firmy w spos\\u00f3b bardziej wydajny i skuteczny.\",\"dropcap\":false,\"margin\":\"default\"}}]}]},{\"type\":\"row\",\"props\":{\"alignment\":\"center\",\"match\":false,\"vertical_align\":false,\"width\":\"expand\"},\"children\":[{\"type\":\"column\",\"props\":{\"image_position\":\"center-center\",\"position_sticky_breakpoint\":\"m\"},\"children\":[{\"type\":\"slideshow\",\"props\":{\"link_style\":\"default\",\"link_text\":\"Read more\",\"margin\":\"default\",\"meta_align\":\"below-title\",\"meta_element\":\"div\",\"meta_style\":\"text-meta\",\"nav\":\"dotnav\",\"nav_align\":\"center\",\"nav_breakpoint\":\"s\",\"nav_position\":\"bottom-center\",\"nav_position_margin\":\"medium\",\"overlay_animation\":\"parallax\",\"overlay_position\":\"center-left\",\"show_content\":true,\"show_link\":true,\"show_meta\":true,\"show_thumbnail\":true,\"show_title\":true,\"slidenav\":\"default\",\"slidenav_breakpoint\":\"s\",\"slidenav_margin\":\"medium\",\"slidenav_outside_breakpoint\":\"xl\",\"slideshow_autoplay_pause\":true,\"slideshow_min_height\":300,\"thumbnav_height\":\"75\",\"thumbnav_svg_color\":\"emphasis\",\"thumbnav_width\":\"100\",\"title_element\":\"h3\"},\"children\":[{\"type\":\"slideshow_item\",\"props\":{\"image\":\"wp-content\\\/uploads\\\/2023\\\/11\\\/mcd1.png\"}},{\"type\":\"slideshow_item\",\"props\":{\"image\":\"wp-content\\\/uploads\\\/2023\\\/11\\\/IMG_2041.jpg\"}},{\"type\":\"slideshow_item\",\"props\":{\"image\":\"wp-content\\\/uploads\\\/2023\\\/11\\\/333-1.png\"}},{\"type\":\"slideshow_item\",\"props\":{\"image\":\"wp-content\\\/uploads\\\/2023\\\/11\\\/mcdonalds.jpg\"}},{\"type\":\"slideshow_item\",\"props\":{\"image\":\"wp-content\\\/uploads\\\/2023\\\/11\\\/IMG_2027.jpg\"}},{\"type\":\"slideshow_item\",\"props\":{\"image\":\"wp-content\\\/uploads\\\/2023\\\/11\\\/IMG_2044.jpg\"}},{\"type\":\"slideshow_item\",\"props\":{\"image\":\"wp-content\\\/uploads\\\/2023\\\/11\\\/11111.jpg\"}},{\"type\":\"slideshow_item\",\"props\":{\"image\":\"wp-content\\\/uploads\\\/2023\\\/11\\\/IMG_2025.jpg\"}},{\"type\":\"slideshow_item\",\"props\":{\"image\":\"wp-content\\\/uploads\\\/2023\\\/11\\\/IMG_2038.jpg\"}},{\"type\":\"slideshow_item\",\"props\":{\"image\":\"wp-content\\\/uploads\\\/2023\\\/11\\\/2-2.jpg\"}},{\"type\":\"slideshow_item\",\"props\":{\"image\":\"wp-content\\\/uploads\\\/2023\\\/11\\\/6-1.jpg\"}},{\"type\":\"slideshow_item\",\"props\":{\"image\":\"wp-content\\\/uploads\\\/2023\\\/11\\\/8.jpg\"}},{\"type\":\"slideshow_item\",\"props\":{\"image\":\"wp-content\\\/uploads\\\/2023\\\/11\\\/IMG_2043.jpg\"}},{\"type\":\"slideshow_item\",\"props\":{\"image\":\"wp-content\\\/uploads\\\/2023\\\/11\\\/5-1.jpg\"}},{\"type\":\"slideshow_item\",\"props\":{\"image\":\"wp-content\\\/uploads\\\/2023\\\/11\\\/IMG_2050-scaled.jpg\"}},{\"type\":\"slideshow_item\",\"props\":{\"image\":\"wp-content\\\/uploads\\\/2023\\\/11\\\/IMG_2039-scaled.jpg\"}}]}]}]}]},{\"name\":\"Call to action\",\"type\":\"section\",\"props\":{\"image\":\"wp-content\\\/uploads\\\/yootheme\\\/company-cta-bg.jpg\",\"image_position\":\"center-center\",\"image_size\":\"cover\",\"image_width\":\"1560\",\"media_background\":\"rgba(55, 82, 170, 0.9)\",\"media_blend_mode\":\"multiply\",\"media_overlay\":\"rgba(30, 54, 132, 0.89)\",\"padding\":\"large\",\"style\":\"default\",\"text_color\":\"light\",\"title_breakpoint\":\"xl\",\"title_position\":\"top-left\",\"title_rotation\":\"left\",\"vertical_align\":\"middle\",\"width\":\"default\"},\"children\":[{\"type\":\"row\",\"props\":{\"column_gap\":\"small\",\"margin\":\"large\",\"match\":false,\"row_gap\":\"small\",\"vertical_align\":false},\"children\":[{\"type\":\"column\",\"props\":{\"image_position\":\"center-center\",\"position_sticky_breakpoint\":\"m\",\"width_medium\":\"1-1\"},\"children\":[{\"type\":\"text\",\"props\":{\"column_breakpoint\":\"m\",\"content\":\"\n\n<h2>Mo\\u017cna nas znale\\u017a\\u0107 na\\u00a0 \\u00a0<a href=\\\"https:\\\/\\\/www.linkedin.com\\\/in\\\/rasim-alizada-777r\\\/\\\"><img src=\\\"https:\\\/\\\/crocusconsult.com\\\/wp-content\\\/uploads\\\/2023\\\/12\\\/LinkedIn_icon.svg-150x150.png\\\" alt=\\\"\\\" width=\\\"50\\\" height=\\\"50\\\" class=\\\"alignnone wp-image-2334\\\" \\\/><\\\/a><\\\/h2>\",\"margin\":\"default\"}}]}]}]}],\"version\":\"4.2.0\"} --><\/p>\n","protected":false},"excerpt":{"rendered":"<p>Innowacyjne rozwi\u0105zania dla rozwoju firmy Troch\u0119 historii Za naszym Przedsi\u0119biorstwo Pan Rasim Alizada Za\u0142o\u017cyciel i CEO To by\u0142a d\u0142uga droga od uko\u0144czenia z wyr\u00f3\u017cnieniem Uniwersytetu In\u017cynierii L\u0105dowej i Architektury w 1992 roku do otwarcia od zera sieci restauracji szybkiej obs\u0142ugi, takich jak McDonald&#8217;s, KFC, Burger King i Pizza Hut w pi\u0119ciu r\u00f3\u017cnych krajach. Zapewni\u0142o to [&hellip;]<\/p>\n","protected":false},"author":1,"featured_media":0,"parent":0,"menu_order":10,"comment_status":"open","ping_status":"open","template":"","meta":{"footnotes":""},"class_list":["post-2242","page","type-page","status-publish","hentry"],"acf":[],"yoast_head":"<!-- This site is optimized with the Yoast SEO plugin v21.7 - https:\/\/yoast.com\/wordpress\/plugins\/seo\/ -->\n<title>Firma - Crocus Consult<\/title>\n<meta name=\"robots\" content=\"index, follow, max-snippet:-1, max-image-preview:large, max-video-preview:-1\" \/>\n<link rel=\"canonical\" href=\"https:\/\/crocusconsult.com\/?page_id=2242&lang=pl\" \/>\n<meta property=\"og:locale\" content=\"en_US\" \/>\n<meta property=\"og:type\" content=\"article\" \/>\n<meta property=\"og:title\" content=\"Firma - Crocus Consult\" \/>\n<meta property=\"og:description\" content=\"Innowacyjne rozwi\u0105zania dla rozwoju firmy Troch\u0119 historii Za naszym Przedsi\u0119biorstwo Pan Rasim Alizada Za\u0142o\u017cyciel i CEO To by\u0142a d\u0142uga droga od uko\u0144czenia z wyr\u00f3\u017cnieniem Uniwersytetu In\u017cynierii L\u0105dowej i Architektury w 1992 roku do otwarcia od zera sieci restauracji szybkiej obs\u0142ugi, takich jak McDonald&#8217;s, KFC, Burger King i Pizza Hut w pi\u0119ciu r\u00f3\u017cnych krajach. Zapewni\u0142o to [&hellip;]\" \/>\n<meta property=\"og:url\" content=\"https:\/\/crocusconsult.com\/?page_id=2242&amp;lang=pl\" \/>\n<meta property=\"og:site_name\" content=\"Crocus Consult\" \/>\n<meta property=\"article:modified_time\" content=\"2023-12-09T12:57:29+00:00\" \/>\n<meta property=\"og:image\" content=\"https:\/\/crocusconsult.com\/wp-content\/uploads\/2023\/12\/LinkedIn_icon.svg-150x150.png\" \/>\n<meta name=\"twitter:card\" content=\"summary_large_image\" \/>\n<meta name=\"twitter:label1\" content=\"Est. reading time\" \/>\n\t<meta name=\"twitter:data1\" content=\"2 minutes\" \/>\n<script type=\"application\/ld+json\" class=\"yoast-schema-graph\">{\"@context\":\"https:\/\/schema.org\",\"@graph\":[{\"@type\":\"WebPage\",\"@id\":\"https:\/\/crocusconsult.com\/?page_id=2242&lang=pl\",\"url\":\"https:\/\/crocusconsult.com\/?page_id=2242&lang=pl\",\"name\":\"Firma - Crocus Consult\",\"isPartOf\":{\"@id\":\"https:\/\/crocusconsult.com\/#website\"},\"datePublished\":\"2019-09-02T07:23:45+00:00\",\"dateModified\":\"2023-12-09T12:57:29+00:00\",\"breadcrumb\":{\"@id\":\"https:\/\/crocusconsult.com\/?page_id=2242&lang=pl#breadcrumb\"},\"inLanguage\":\"en-US\",\"potentialAction\":[{\"@type\":\"ReadAction\",\"target\":[\"https:\/\/crocusconsult.com\/?page_id=2242&lang=pl\"]}]},{\"@type\":\"BreadcrumbList\",\"@id\":\"https:\/\/crocusconsult.com\/?page_id=2242&lang=pl#breadcrumb\",\"itemListElement\":[{\"@type\":\"ListItem\",\"position\":1,\"name\":\"Home\",\"item\":\"https:\/\/crocusconsult.com\/\"},{\"@type\":\"ListItem\",\"position\":2,\"name\":\"Firma\"}]},{\"@type\":\"WebSite\",\"@id\":\"https:\/\/crocusconsult.com\/#website\",\"url\":\"https:\/\/crocusconsult.com\/\",\"name\":\"Crocus Consult\",\"description\":\"\",\"publisher\":{\"@id\":\"https:\/\/crocusconsult.com\/#organization\"},\"potentialAction\":[{\"@type\":\"SearchAction\",\"target\":{\"@type\":\"EntryPoint\",\"urlTemplate\":\"https:\/\/crocusconsult.com\/?s={search_term_string}\"},\"query-input\":\"required name=search_term_string\"}],\"inLanguage\":\"en-US\"},{\"@type\":\"Organization\",\"@id\":\"https:\/\/crocusconsult.com\/#organization\",\"name\":\"Crocus Consult\",\"url\":\"https:\/\/crocusconsult.com\/\",\"logo\":{\"@type\":\"ImageObject\",\"inLanguage\":\"en-US\",\"@id\":\"https:\/\/crocusconsult.com\/#\/schema\/logo\/image\/\",\"url\":\"https:\/\/crocusconsult.com\/wp-content\/uploads\/2023\/11\/LOGO-BEST-1.png\",\"contentUrl\":\"https:\/\/crocusconsult.com\/wp-content\/uploads\/2023\/11\/LOGO-BEST-1.png\",\"width\":400,\"height\":160,\"caption\":\"Crocus Consult\"},\"image\":{\"@id\":\"https:\/\/crocusconsult.com\/#\/schema\/logo\/image\/\"}}]}<\/script>\n<!-- \/ Yoast SEO plugin. -->","yoast_head_json":{"title":"Firma - Crocus Consult","robots":{"index":"index","follow":"follow","max-snippet":"max-snippet:-1","max-image-preview":"max-image-preview:large","max-video-preview":"max-video-preview:-1"},"canonical":"https:\/\/crocusconsult.com\/?page_id=2242&lang=pl","og_locale":"en_US","og_type":"article","og_title":"Firma - Crocus Consult","og_description":"Innowacyjne rozwi\u0105zania dla rozwoju firmy Troch\u0119 historii Za naszym Przedsi\u0119biorstwo Pan Rasim Alizada Za\u0142o\u017cyciel i CEO To by\u0142a d\u0142uga droga od uko\u0144czenia z wyr\u00f3\u017cnieniem Uniwersytetu In\u017cynierii L\u0105dowej i Architektury w 1992 roku do otwarcia od zera sieci restauracji szybkiej obs\u0142ugi, takich jak McDonald&#8217;s, KFC, Burger King i Pizza Hut w pi\u0119ciu r\u00f3\u017cnych krajach. Zapewni\u0142o to [&hellip;]","og_url":"https:\/\/crocusconsult.com\/?page_id=2242&lang=pl","og_site_name":"Crocus Consult","article_modified_time":"2023-12-09T12:57:29+00:00","og_image":[{"url":"https:\/\/crocusconsult.com\/wp-content\/uploads\/2023\/12\/LinkedIn_icon.svg-150x150.png"}],"twitter_card":"summary_large_image","twitter_misc":{"Est. reading time":"2 minutes"},"schema":{"@context":"https:\/\/schema.org","@graph":[{"@type":"WebPage","@id":"https:\/\/crocusconsult.com\/?page_id=2242&lang=pl","url":"https:\/\/crocusconsult.com\/?page_id=2242&lang=pl","name":"Firma - Crocus Consult","isPartOf":{"@id":"https:\/\/crocusconsult.com\/#website"},"datePublished":"2019-09-02T07:23:45+00:00","dateModified":"2023-12-09T12:57:29+00:00","breadcrumb":{"@id":"https:\/\/crocusconsult.com\/?page_id=2242&lang=pl#breadcrumb"},"inLanguage":"en-US","potentialAction":[{"@type":"ReadAction","target":["https:\/\/crocusconsult.com\/?page_id=2242&lang=pl"]}]},{"@type":"BreadcrumbList","@id":"https:\/\/crocusconsult.com\/?page_id=2242&lang=pl#breadcrumb","itemListElement":[{"@type":"ListItem","position":1,"name":"Home","item":"https:\/\/crocusconsult.com\/"},{"@type":"ListItem","position":2,"name":"Firma"}]},{"@type":"WebSite","@id":"https:\/\/crocusconsult.com\/#website","url":"https:\/\/crocusconsult.com\/","name":"Crocus Consult","description":"","publisher":{"@id":"https:\/\/crocusconsult.com\/#organization"},"potentialAction":[{"@type":"SearchAction","target":{"@type":"EntryPoint","urlTemplate":"https:\/\/crocusconsult.com\/?s={search_term_string}"},"query-input":"required name=search_term_string"}],"inLanguage":"en-US"},{"@type":"Organization","@id":"https:\/\/crocusconsult.com\/#organization","name":"Crocus Consult","url":"https:\/\/crocusconsult.com\/","logo":{"@type":"ImageObject","inLanguage":"en-US","@id":"https:\/\/crocusconsult.com\/#\/schema\/logo\/image\/","url":"https:\/\/crocusconsult.com\/wp-content\/uploads\/2023\/11\/LOGO-BEST-1.png","contentUrl":"https:\/\/crocusconsult.com\/wp-content\/uploads\/2023\/11\/LOGO-BEST-1.png","width":400,"height":160,"caption":"Crocus Consult"},"image":{"@id":"https:\/\/crocusconsult.com\/#\/schema\/logo\/image\/"}}]}},"_links":{"self":[{"href":"https:\/\/crocusconsult.com\/index.php?rest_route=\/wp\/v2\/pages\/2242","targetHints":{"allow":["GET"]}}],"collection":[{"href":"https:\/\/crocusconsult.com\/index.php?rest_route=\/wp\/v2\/pages"}],"about":[{"href":"https:\/\/crocusconsult.com\/index.php?rest_route=\/wp\/v2\/types\/page"}],"author":[{"embeddable":true,"href":"https:\/\/crocusconsult.com\/index.php?rest_route=\/wp\/v2\/users\/1"}],"replies":[{"embeddable":true,"href":"https:\/\/crocusconsult.com\/index.php?rest_route=%2Fwp%2Fv2%2Fcomments&post=2242"}],"version-history":[{"count":3,"href":"https:\/\/crocusconsult.com\/index.php?rest_route=\/wp\/v2\/pages\/2242\/revisions"}],"predecessor-version":[{"id":2352,"href":"https:\/\/crocusconsult.com\/index.php?rest_route=\/wp\/v2\/pages\/2242\/revisions\/2352"}],"wp:attachment":[{"href":"https:\/\/crocusconsult.com\/index.php?rest_route=%2Fwp%2Fv2%2Fmedia&parent=2242"}],"curies":[{"name":"wp","href":"https:\/\/api.w.org\/{rel}","templated":true}]}}