{"id":2364,"date":"2019-09-02T07:23:46","date_gmt":"2019-09-02T07:23:46","guid":{"rendered":"https:\/\/crocusconsult.com\/?page_id=2364"},"modified":"2023-12-11T13:13:27","modified_gmt":"2023-12-11T13:13:27","slug":"services","status":"publish","type":"page","link":"https:\/\/crocusconsult.com\/?page_id=2364&lang=fr","title":{"rendered":"Services"},"content":{"rendered":"<h2>Obtenez des services de conseil de qualit\u00e9 pour votre futur restaurant<\/h2>\n<ul>\n<li>\n<p>        <img decoding=\"async\" src=\"\/wp-content\/uploads\/2023\/11\/manager-3.png\" alt=\"\"><\/p>\n<h2>Gestion de projet<\/h2>\n<div>\n<p>Notre objectif principal est d&#8217;ouvrir des restaurants dans les d\u00e9lais et \u00e0 des co\u00fbts optimaux sans compromettre la qualit\u00e9 des travaux et des mat\u00e9riaux, c&#8217;est pourquoi nous proposons : une gestion de projet compl\u00e8te, du premier plan \u00e0 l&#8217;ach\u00e8vement r\u00e9ussi, Crocus Consult agit en tant qu&#8217;entrepreneur principal pour optimiser le co\u00fbt du projet, pr\u00e9parer les documents d&#8217;appel d&#8217;offres (projet de construction, plan de cuisine et design int\u00e9rieur) et apr\u00e8s l&#8217;appel d&#8217;offres des sous-traitants pour le projet pour une coordination plus efficace du travail de l&#8217;\u00e9quipe d&#8217;architectes\/designers, de la direction des op\u00e9rations, des ing\u00e9nieurs et des sous-traitants, en respectant les d\u00e9lais et les budgets, en pr\u00e9parant des rapports d&#8217;avancement hebdomadaires pour le client au cours du projet.<\/p>\n<\/div>\n<\/li>\n<li>\n<p>        <img decoding=\"async\" src=\"\/wp-content\/uploads\/2023\/11\/kitchen1.png\" alt=\"\"><\/p>\n<h2>Gestion des FF&#038;E et de l&#8217;OS&#038;E<\/h2>\n<div>\n<p>Sur la base de la conception du restaurant et du plan de la cuisine (nous les cr\u00e9ons en collaboration avec les architectes), nous lan\u00e7ons un appel d&#8217;offres aupr\u00e8s d&#8217;entreprises agr\u00e9\u00e9es pour le mobilier, les installations et l&#8217;\u00e9quipement, nous soumettons le r\u00e9sultat et l&#8217;analyse de l&#8217;appel d&#8217;offres au client et, apr\u00e8s l&#8217;approbation de ce dernier, nous passons commande aupr\u00e8s d&#8217;un gagnant. Coordination de toutes les \u00e9tapes &#8211; de la production\/livraison \u00e0 l&#8217;installation de l&#8217;\u00e9quipement et, enfin, au d\u00e9marrage de la cuisine et au transfert \u00e0 la direction de l&#8217;exploitation. Nous soutenons le restaurant par une consultation technique gratuite pendant un an apr\u00e8s l&#8217;ouverture. Commande annuelle de mat\u00e9riel d&#8217;exploitation et d&#8217;entretien sur demande. Nous \u00e9tudions minutieusement les pi\u00e8ces de rechange dont chaque restaurant a r\u00e9ellement besoin.<\/p>\n<\/div>\n<\/li>\n<li>\n<p>        <img decoding=\"async\" src=\"\/wp-content\/uploads\/2023\/11\/calculation.png\" alt=\"\"><\/p>\n<h2>Planification et budg\u00e9tisation<\/h2>\n<div>\n<p>Pour chaque projet, nous calculons le budget CAPEX et \u00e9tablissons un diagramme de Gantt avec tous les acteurs impliqu\u00e9s dans le projet. Nous coordonnons \u00e9galement le calendrier de paiement pour tous les paiements li\u00e9s au projet avec votre comptable et le soumettons \u00e0 l&#8217;approbation finale. Nous surveillons les prix des mat\u00e9riaux et les co\u00fbts de la main-d&#8217;\u0153uvre, nous discutons r\u00e9guli\u00e8rement des co\u00fbts avec les sous-traitants et les fournisseurs. Nous reconnaissons qu&#8217;une r\u00e9ponse rapide est essentielle et que les d\u00e9lais des projets sont serr\u00e9s. Nous mettons \u00e0 profit notre exp\u00e9rience en mati\u00e8re de gestion de projets pour nous assurer que tous les travaux sont achev\u00e9s dans les d\u00e9lais impartis.<\/p>\n<\/div>\n<\/li>\n<\/ul>\n<hr>\n<h2>Prendre contact<\/h2>\n<div><a href=\"tel:+ 421 919 175 020\">+ 421 919 175 020<\/a><\/div>\n<div>\n<p>T\u00e9l\u00e9phone<\/p>\n<\/div>\n<div><a href=\"mailto:info@miamart.eu\">info@crocusconsult.com<\/a><\/div>\n<div>Email<\/div>\n<p><!--more--><br \/>\n<!-- {\"name\":\"Portfolio\",\"type\":\"layout\",\"children\":[{\"name\":\"Hero\",\"type\":\"section\",\"props\":{\"animation\":\"fade\",\"animation_delay\":\"200\",\"image\":\"wp-content\\\/uploads\\\/2023\\\/11\\\/2-2.jpg\",\"image_position\":\"center-center\",\"image_size\":\"cover\",\"media_background\":\"rgba(255, 255, 255, 0)\",\"media_blend_mode\":\"multiply\",\"media_overlay\":\"rgba(255, 255, 255, 0)\",\"overlap\":false,\"padding\":\"xlarge\",\"padding_remove_bottom\":false,\"style\":\"default\",\"text_color\":\"light\",\"title_breakpoint\":\"xl\",\"title_position\":\"top-left\",\"title_rotation\":\"left\",\"vertical_align\":\"middle\",\"width\":\"small\"},\"children\":[{\"type\":\"row\",\"props\":{\"column_gap\":\"small\",\"layout\":\"large,expand\",\"row_gap\":\"small\"},\"children\":[{\"type\":\"column\",\"props\":{\"image_position\":\"center-center\",\"padding\":\"xsmall\",\"position_sticky_breakpoint\":\"m\",\"style\":\"tile-primary\",\"text_color\":\"light\",\"width_medium\":\"large\"},\"children\":[{\"type\":\"headline\",\"props\":{\"content\":\"Obtenez des services de conseil de qualit\\u00e9 pour votre futur restaurant\",\"maxwidth\":\"large\",\"position_left\":\"-10\",\"text_align\":\"left\",\"text_align_breakpoint\":\"s\",\"text_align_fallback\":\"center\",\"title_element\":\"h2\"}},{\"type\":\"text\",\"props\":{\"column_breakpoint\":\"m\",\"content\":\"\",\"margin\":\"default\",\"maxwidth\":\"large\",\"text_align\":\"left\",\"text_align_breakpoint\":\"s\",\"text_align_fallback\":\"center\",\"text_style\":\"large\"}}]},{\"type\":\"column\",\"props\":{\"image_position\":\"center-center\",\"position_sticky_breakpoint\":\"m\",\"width_medium\":\"expand\"}}]}]},{\"name\":\"Services\",\"type\":\"section\",\"props\":{\"animation\":\"fade\",\"animation_delay\":false,\"image_position\":\"center-center\",\"padding\":\"large\",\"style\":\"default\",\"title_breakpoint\":\"xl\",\"title_position\":\"top-left\",\"title_rotation\":\"left\",\"vertical_align\":\"middle\",\"width\":\"large\"},\"children\":[{\"type\":\"row\",\"children\":[{\"type\":\"column\",\"props\":{\"image_position\":\"center-center\",\"position_sticky_breakpoint\":\"m\",\"width_medium\":\"1-1\"},\"children\":[{\"type\":\"grid\",\"props\":{\"content_column_breakpoint\":\"m\",\"filter_align\":\"left\",\"filter_all\":true,\"filter_grid_breakpoint\":\"m\",\"filter_grid_width\":\"auto\",\"filter_position\":\"top\",\"filter_style\":\"tab\",\"grid_column_gap\":\"large\",\"grid_default\":\"1\",\"grid_medium\":\"3\",\"grid_row_gap\":\"large\",\"grid_small\":\"2\",\"icon_width\":80,\"image_align\":\"top\",\"image_grid_breakpoint\":\"m\",\"image_grid_width\":\"1-2\",\"image_loading\":true,\"image_svg_animate\":true,\"image_svg_color\":\"primary\",\"image_svg_inline\":true,\"item_animation\":true,\"link_style\":\"text\",\"link_text\":\"Read more\",\"margin\":\"default\",\"meta_align\":\"below-title\",\"meta_element\":\"div\",\"meta_style\":\"text-meta\",\"parallax_easing\":\"1\",\"show_content\":true,\"show_image\":true,\"show_link\":true,\"show_meta\":true,\"show_title\":true,\"text_align\":\"left\",\"text_align_breakpoint\":\"s\",\"text_align_fallback\":\"center\",\"title_align\":\"top\",\"title_element\":\"h2\",\"title_grid_breakpoint\":\"m\",\"title_grid_width\":\"1-2\",\"title_hover_style\":\"reset\",\"title_style\":\"h3\"},\"children\":[{\"type\":\"grid_item\",\"props\":{\"content\":\"\n\n<p>Notre objectif principal est d'ouvrir des restaurants dans les d\\u00e9lais et \\u00e0 des co\\u00fbts optimaux sans compromettre la qualit\\u00e9 des travaux et des mat\\u00e9riaux, c'est pourquoi nous proposons : une gestion de projet compl\\u00e8te, du premier plan \\u00e0 l'ach\\u00e8vement r\\u00e9ussi, Crocus Consult agit en tant qu'entrepreneur principal pour optimiser le co\\u00fbt du projet, pr\\u00e9parer les documents d'appel d'offres (projet de construction, plan de cuisine et design int\\u00e9rieur) et apr\\u00e8s l'appel d'offres des sous-traitants pour le projet pour une coordination plus efficace du travail de l'\\u00e9quipe d'architectes\\\/designers, de la direction des op\\u00e9rations, des ing\\u00e9nieurs et des sous-traitants, en respectant les d\\u00e9lais et les budgets, en pr\\u00e9parant des rapports d'avancement hebdomadaires pour le client au cours du projet.<\\\/p>\",\"icon\":\"\",\"image\":\"wp-content\\\/uploads\\\/2023\\\/11\\\/manager-3.png\",\"title\":\"Gestion de projet\"}},{\"type\":\"grid_item\",\"props\":{\"content\":\"\n\n<p>Sur la base de la conception du restaurant et du plan de la cuisine (nous les cr\\u00e9ons en collaboration avec les architectes), nous lan\\u00e7ons un appel d'offres aupr\\u00e8s d'entreprises agr\\u00e9\\u00e9es pour le mobilier, les installations et l'\\u00e9quipement, nous soumettons le r\\u00e9sultat et l'analyse de l'appel d'offres au client et, apr\\u00e8s l'approbation de ce dernier, nous passons commande aupr\\u00e8s d'un gagnant. Coordination de toutes les \\u00e9tapes - de la production\\\/livraison \\u00e0 l'installation de l'\\u00e9quipement et, enfin, au d\\u00e9marrage de la cuisine et au transfert \\u00e0 la direction de l'exploitation. Nous soutenons le restaurant par une consultation technique gratuite pendant un an apr\\u00e8s l'ouverture. Commande annuelle de mat\\u00e9riel d'exploitation et d'entretien sur demande. Nous \\u00e9tudions minutieusement les pi\\u00e8ces de rechange dont chaque restaurant a r\\u00e9ellement besoin.<\\\/p>\",\"icon\":\"\",\"image\":\"wp-content\\\/uploads\\\/2023\\\/11\\\/kitchen1.png\",\"title\":\"Gestion des FF&E et de l'OS&E\"}},{\"type\":\"grid_item\",\"props\":{\"content\":\"\n\n<p>Pour chaque projet, nous calculons le budget CAPEX et \\u00e9tablissons un diagramme de Gantt avec tous les acteurs impliqu\\u00e9s dans le projet. Nous coordonnons \\u00e9galement le calendrier de paiement pour tous les paiements li\\u00e9s au projet avec votre comptable et le soumettons \\u00e0 l'approbation finale. Nous surveillons les prix des mat\\u00e9riaux et les co\\u00fbts de la main-d'\\u0153uvre, nous discutons r\\u00e9guli\\u00e8rement des co\\u00fbts avec les sous-traitants et les fournisseurs. Nous reconnaissons qu'une r\\u00e9ponse rapide est essentielle et que les d\\u00e9lais des projets sont serr\\u00e9s. Nous mettons \\u00e0 profit notre exp\\u00e9rience en mati\\u00e8re de gestion de projets pour nous assurer que tous les travaux sont achev\\u00e9s dans les d\\u00e9lais impartis.<\\\/p>\",\"icon\":\"\",\"image\":\"wp-content\\\/uploads\\\/2023\\\/11\\\/calculation.png\",\"title\":\"Planification et budg\\u00e9tisation\"}}]}]}]}]},{\"name\":\"Contact\",\"type\":\"section\",\"props\":{\"image_position\":\"center-center\",\"padding_remove_top\":false,\"style\":\"default\",\"title_breakpoint\":\"xl\",\"title_position\":\"top-left\",\"title_rotation\":\"left\",\"vertical_align\":\"middle\",\"width\":\"small\"},\"children\":[{\"type\":\"row\",\"props\":{\"margin\":\"large\"},\"children\":[{\"type\":\"column\",\"props\":{\"image_position\":\"center-center\",\"position_sticky_breakpoint\":\"m\",\"width_medium\":\"1-1\"},\"children\":[{\"type\":\"divider\",\"props\":{\"divider_element\":\"hr\"}}]}]},{\"type\":\"row\",\"props\":{\"layout\":\"1-3,1-3,1-3\",\"margin\":\"large\",\"width\":\"default\"},\"children\":[{\"type\":\"column\",\"props\":{\"image_position\":\"center-center\",\"position_sticky_breakpoint\":\"m\",\"width_small\":\"1-3\"},\"children\":[{\"type\":\"headline\",\"props\":{\"content\":\"Prendre contact\",\"margin\":\"medium\",\"text_align\":\"left\",\"title_decoration\":\"bullet\",\"title_element\":\"h2\",\"title_style\":\"h5\"}}]},{\"type\":\"column\",\"props\":{\"image_position\":\"center-center\",\"position_sticky_breakpoint\":\"m\",\"width_small\":\"1-3\"},\"children\":[{\"type\":\"headline\",\"props\":{\"content\":\"+ 421 919 175 020\",\"link\":\"tel:+ 421 919 175 020\",\"margin\":\"small\",\"title_element\":\"div\",\"title_style\":\"h6\"}},{\"type\":\"text\",\"props\":{\"column_breakpoint\":\"m\",\"content\":\"\n\n<p>T\\u00e9l\\u00e9phone<\\\/p>\",\"margin\":\"remove-vertical\",\"text_style\":\"meta\"}}]},{\"type\":\"column\",\"props\":{\"image_position\":\"center-center\",\"position_sticky_breakpoint\":\"m\",\"width_small\":\"1-3\"},\"children\":[{\"type\":\"headline\",\"props\":{\"content\":\"info@crocusconsult.com\",\"link\":\"mailto:info@miamart.eu\",\"margin\":\"small\",\"title_element\":\"div\",\"title_style\":\"h6\"}},{\"type\":\"text\",\"props\":{\"column_breakpoint\":\"m\",\"content\":\"Email\",\"margin\":\"remove-vertical\",\"text_style\":\"meta\"}}]}]}]}],\"version\":\"4.2.0\"} --><\/p>\n","protected":false},"excerpt":{"rendered":"<p>Obtenez des services de conseil de qualit\u00e9 pour votre futur restaurant Gestion de projet Notre objectif principal est d&#8217;ouvrir des restaurants dans les d\u00e9lais et \u00e0 des co\u00fbts optimaux sans compromettre la qualit\u00e9 des travaux et des mat\u00e9riaux, c&#8217;est pourquoi nous proposons : une gestion de projet compl\u00e8te, du premier plan \u00e0 l&#8217;ach\u00e8vement r\u00e9ussi, Crocus [&hellip;]<\/p>\n","protected":false},"author":1,"featured_media":0,"parent":0,"menu_order":9,"comment_status":"open","ping_status":"open","template":"","meta":{"footnotes":""},"class_list":["post-2364","page","type-page","status-publish","hentry"],"acf":[],"yoast_head":"<!-- This site is optimized with the Yoast SEO plugin v21.7 - https:\/\/yoast.com\/wordpress\/plugins\/seo\/ -->\n<title>Services - Crocus Consult<\/title>\n<meta name=\"robots\" content=\"index, follow, max-snippet:-1, max-image-preview:large, max-video-preview:-1\" \/>\n<link rel=\"canonical\" href=\"https:\/\/crocusconsult.com\/?page_id=2364&lang=fr\" \/>\n<meta property=\"og:locale\" content=\"en_US\" \/>\n<meta property=\"og:type\" content=\"article\" \/>\n<meta property=\"og:title\" content=\"Services - Crocus Consult\" \/>\n<meta property=\"og:description\" content=\"Obtenez des services de conseil de qualit\u00e9 pour votre futur restaurant Gestion de projet Notre objectif principal est d&#8217;ouvrir des restaurants dans les d\u00e9lais et \u00e0 des co\u00fbts optimaux sans compromettre la qualit\u00e9 des travaux et des mat\u00e9riaux, c&#8217;est pourquoi nous proposons : une gestion de projet compl\u00e8te, du premier plan \u00e0 l&#8217;ach\u00e8vement r\u00e9ussi, Crocus [&hellip;]\" \/>\n<meta property=\"og:url\" content=\"https:\/\/crocusconsult.com\/?page_id=2364&amp;lang=fr\" \/>\n<meta property=\"og:site_name\" content=\"Crocus Consult\" \/>\n<meta property=\"article:modified_time\" content=\"2023-12-11T13:13:27+00:00\" \/>\n<meta name=\"twitter:card\" content=\"summary_large_image\" \/>\n<meta name=\"twitter:label1\" content=\"Est. reading time\" \/>\n\t<meta name=\"twitter:data1\" content=\"2 minutes\" \/>\n<script type=\"application\/ld+json\" class=\"yoast-schema-graph\">{\"@context\":\"https:\/\/schema.org\",\"@graph\":[{\"@type\":\"WebPage\",\"@id\":\"https:\/\/crocusconsult.com\/?page_id=2364&lang=fr\",\"url\":\"https:\/\/crocusconsult.com\/?page_id=2364&lang=fr\",\"name\":\"Services - Crocus Consult\",\"isPartOf\":{\"@id\":\"https:\/\/crocusconsult.com\/#website\"},\"datePublished\":\"2019-09-02T07:23:46+00:00\",\"dateModified\":\"2023-12-11T13:13:27+00:00\",\"breadcrumb\":{\"@id\":\"https:\/\/crocusconsult.com\/?page_id=2364&lang=fr#breadcrumb\"},\"inLanguage\":\"en-US\",\"potentialAction\":[{\"@type\":\"ReadAction\",\"target\":[\"https:\/\/crocusconsult.com\/?page_id=2364&lang=fr\"]}]},{\"@type\":\"BreadcrumbList\",\"@id\":\"https:\/\/crocusconsult.com\/?page_id=2364&lang=fr#breadcrumb\",\"itemListElement\":[{\"@type\":\"ListItem\",\"position\":1,\"name\":\"Home\",\"item\":\"https:\/\/crocusconsult.com\/\"},{\"@type\":\"ListItem\",\"position\":2,\"name\":\"Services\"}]},{\"@type\":\"WebSite\",\"@id\":\"https:\/\/crocusconsult.com\/#website\",\"url\":\"https:\/\/crocusconsult.com\/\",\"name\":\"Crocus Consult\",\"description\":\"\",\"publisher\":{\"@id\":\"https:\/\/crocusconsult.com\/#organization\"},\"potentialAction\":[{\"@type\":\"SearchAction\",\"target\":{\"@type\":\"EntryPoint\",\"urlTemplate\":\"https:\/\/crocusconsult.com\/?s={search_term_string}\"},\"query-input\":\"required name=search_term_string\"}],\"inLanguage\":\"en-US\"},{\"@type\":\"Organization\",\"@id\":\"https:\/\/crocusconsult.com\/#organization\",\"name\":\"Crocus Consult\",\"url\":\"https:\/\/crocusconsult.com\/\",\"logo\":{\"@type\":\"ImageObject\",\"inLanguage\":\"en-US\",\"@id\":\"https:\/\/crocusconsult.com\/#\/schema\/logo\/image\/\",\"url\":\"https:\/\/crocusconsult.com\/wp-content\/uploads\/2023\/11\/LOGO-BEST-1.png\",\"contentUrl\":\"https:\/\/crocusconsult.com\/wp-content\/uploads\/2023\/11\/LOGO-BEST-1.png\",\"width\":400,\"height\":160,\"caption\":\"Crocus Consult\"},\"image\":{\"@id\":\"https:\/\/crocusconsult.com\/#\/schema\/logo\/image\/\"}}]}<\/script>\n<!-- \/ Yoast SEO plugin. -->","yoast_head_json":{"title":"Services - Crocus Consult","robots":{"index":"index","follow":"follow","max-snippet":"max-snippet:-1","max-image-preview":"max-image-preview:large","max-video-preview":"max-video-preview:-1"},"canonical":"https:\/\/crocusconsult.com\/?page_id=2364&lang=fr","og_locale":"en_US","og_type":"article","og_title":"Services - Crocus Consult","og_description":"Obtenez des services de conseil de qualit\u00e9 pour votre futur restaurant Gestion de projet Notre objectif principal est d&#8217;ouvrir des restaurants dans les d\u00e9lais et \u00e0 des co\u00fbts optimaux sans compromettre la qualit\u00e9 des travaux et des mat\u00e9riaux, c&#8217;est pourquoi nous proposons : une gestion de projet compl\u00e8te, du premier plan \u00e0 l&#8217;ach\u00e8vement r\u00e9ussi, Crocus [&hellip;]","og_url":"https:\/\/crocusconsult.com\/?page_id=2364&lang=fr","og_site_name":"Crocus Consult","article_modified_time":"2023-12-11T13:13:27+00:00","twitter_card":"summary_large_image","twitter_misc":{"Est. reading time":"2 minutes"},"schema":{"@context":"https:\/\/schema.org","@graph":[{"@type":"WebPage","@id":"https:\/\/crocusconsult.com\/?page_id=2364&lang=fr","url":"https:\/\/crocusconsult.com\/?page_id=2364&lang=fr","name":"Services - Crocus Consult","isPartOf":{"@id":"https:\/\/crocusconsult.com\/#website"},"datePublished":"2019-09-02T07:23:46+00:00","dateModified":"2023-12-11T13:13:27+00:00","breadcrumb":{"@id":"https:\/\/crocusconsult.com\/?page_id=2364&lang=fr#breadcrumb"},"inLanguage":"en-US","potentialAction":[{"@type":"ReadAction","target":["https:\/\/crocusconsult.com\/?page_id=2364&lang=fr"]}]},{"@type":"BreadcrumbList","@id":"https:\/\/crocusconsult.com\/?page_id=2364&lang=fr#breadcrumb","itemListElement":[{"@type":"ListItem","position":1,"name":"Home","item":"https:\/\/crocusconsult.com\/"},{"@type":"ListItem","position":2,"name":"Services"}]},{"@type":"WebSite","@id":"https:\/\/crocusconsult.com\/#website","url":"https:\/\/crocusconsult.com\/","name":"Crocus Consult","description":"","publisher":{"@id":"https:\/\/crocusconsult.com\/#organization"},"potentialAction":[{"@type":"SearchAction","target":{"@type":"EntryPoint","urlTemplate":"https:\/\/crocusconsult.com\/?s={search_term_string}"},"query-input":"required name=search_term_string"}],"inLanguage":"en-US"},{"@type":"Organization","@id":"https:\/\/crocusconsult.com\/#organization","name":"Crocus Consult","url":"https:\/\/crocusconsult.com\/","logo":{"@type":"ImageObject","inLanguage":"en-US","@id":"https:\/\/crocusconsult.com\/#\/schema\/logo\/image\/","url":"https:\/\/crocusconsult.com\/wp-content\/uploads\/2023\/11\/LOGO-BEST-1.png","contentUrl":"https:\/\/crocusconsult.com\/wp-content\/uploads\/2023\/11\/LOGO-BEST-1.png","width":400,"height":160,"caption":"Crocus Consult"},"image":{"@id":"https:\/\/crocusconsult.com\/#\/schema\/logo\/image\/"}}]}},"_links":{"self":[{"href":"https:\/\/crocusconsult.com\/index.php?rest_route=\/wp\/v2\/pages\/2364","targetHints":{"allow":["GET"]}}],"collection":[{"href":"https:\/\/crocusconsult.com\/index.php?rest_route=\/wp\/v2\/pages"}],"about":[{"href":"https:\/\/crocusconsult.com\/index.php?rest_route=\/wp\/v2\/types\/page"}],"author":[{"embeddable":true,"href":"https:\/\/crocusconsult.com\/index.php?rest_route=\/wp\/v2\/users\/1"}],"replies":[{"embeddable":true,"href":"https:\/\/crocusconsult.com\/index.php?rest_route=%2Fwp%2Fv2%2Fcomments&post=2364"}],"version-history":[{"count":1,"href":"https:\/\/crocusconsult.com\/index.php?rest_route=\/wp\/v2\/pages\/2364\/revisions"}],"predecessor-version":[{"id":2422,"href":"https:\/\/crocusconsult.com\/index.php?rest_route=\/wp\/v2\/pages\/2364\/revisions\/2422"}],"wp:attachment":[{"href":"https:\/\/crocusconsult.com\/index.php?rest_route=%2Fwp%2Fv2%2Fmedia&parent=2364"}],"curies":[{"name":"wp","href":"https:\/\/api.w.org\/{rel}","templated":true}]}}