{"id":2366,"date":"2019-09-02T07:23:46","date_gmt":"2019-09-02T07:23:46","guid":{"rendered":"https:\/\/crocusconsult.com\/?page_id=2366"},"modified":"2023-12-09T13:18:30","modified_gmt":"2023-12-09T13:18:30","slug":"services","status":"publish","type":"page","link":"https:\/\/crocusconsult.com\/?page_id=2366&lang=es","title":{"rendered":"Servicios"},"content":{"rendered":"<h2>Obtenga servicios de consultor\u00eda de calidad para su futuro restaurante<\/h2>\n<ul>\n<li>\n<p>        <img decoding=\"async\" src=\"\/wp-content\/uploads\/2023\/11\/manager-3.png\" alt=\"\"><\/p>\n<h2>Gesti\u00f3n de proyectos<\/h2>\n<div>\n<p>Nuestro principal objetivo es abrir los restaurantes a tiempo a un coste \u00f3ptimo sin comprometer la calidad de las obras y materiales, por lo que ofrecemos: gesti\u00f3n completa del proyecto desde el primer dise\u00f1o hasta su finalizaci\u00f3n con \u00e9xito, Crocus Consult act\u00faa como contratista principal para optimizar el coste del proyecto, lead-up los documentos de licitaci\u00f3n (proyecto de construcci\u00f3n, dise\u00f1o de la cocina y el dise\u00f1o de interiores) y despu\u00e9s de la licitaci\u00f3n de subcontratistas para el proyecto para su posterior coordinaci\u00f3n eficaz del trabajo del arquitecto \/ equipo de dise\u00f1o, gesti\u00f3n de operaciones, ingenieros y subcontratistas, el cumplimiento de los plazos y presupuestos, la preparaci\u00f3n de informes semanales de progreso para el cliente durante el proyecto.<\/p>\n<\/div>\n<\/li>\n<li>\n<p>        <img decoding=\"async\" src=\"\/wp-content\/uploads\/2023\/11\/kitchen1.png\" alt=\"\"><\/p>\n<h2>Gesti\u00f3n de FF&#038;E y OS&#038;E<\/h2>\n<div>\n<p>Bas\u00e1ndonos en el dise\u00f1o del restaurante y el plano de la cocina (los creamos junto con los arquitectos), licitamos a empresas aprobadas para el mobiliario, las instalaciones y el equipo, presentamos el resultado y el an\u00e1lisis de la licitaci\u00f3n al cliente y, tras la aprobaci\u00f3n del cliente, hacemos un pedido al ganador. Coordinaci\u00f3n de todas las fases: desde la producci\u00f3n\/entrega hasta la instalaci\u00f3n de los equipos y, por \u00faltimo, la puesta en marcha de la cocina y el traspaso a la direcci\u00f3n operativa. Prestamos apoyo al restaurante mediante consultas t\u00e9cnicas gratuitas durante un a\u00f1o despu\u00e9s de la apertura. Pedido de OS&amp;E sobre una base anual a petici\u00f3n, investigamos a fondo qu\u00e9 piezas de repuesto son realmente necesarias para cada restaurante.<\/p>\n<\/div>\n<\/li>\n<li>\n<p>        <img decoding=\"async\" src=\"\/wp-content\/uploads\/2023\/11\/calculation.png\" alt=\"\"><\/p>\n<h2>Planificaci\u00f3n y presupuesto<\/h2>\n<div>\n<p>Para cada proyecto contamos CAPEX Budgeting y hacemos Gantt Chart con todos los actores involucrados en el proyecto. Tambi\u00e9n coordinamos el Calendario de Pagos para todos los pagos relacionados con el proyecto con su contable y lo sometemos a la aprobaci\u00f3n final. Controlamos los precios de los materiales y los costes de mano de obra, discutimos los costes con los subcontratistas y proveedores de forma regular. Reconocemos que una respuesta r\u00e1pida es fundamental y que los plazos de los proyectos son ajustados, por lo que utilizamos nuestra experiencia en gesti\u00f3n de proyectos para garantizar que todo el trabajo se complete a tiempo.<\/p>\n<p><strong>Preparaci\u00f3n del proyecto<\/strong>.<\/div>\n<\/li>\n<\/ul>\n<hr>\n<h2>Ponte en contacto<\/h2>\n<div><a href=\"tel:+ 421 919 175 020\">+ 421 919 175 020<\/a><\/div>\n<div>Tel\u00e9fono<\/div>\n<div><a href=\"mailto:info@miamart.eu\">info@crocusconsult.com<\/a><\/div>\n<div>Email<\/div>\n<p><!--more--><br \/>\n<!-- {\"name\":\"Portfolio\",\"type\":\"layout\",\"children\":[{\"name\":\"Hero\",\"type\":\"section\",\"props\":{\"animation\":\"fade\",\"animation_delay\":\"200\",\"image\":\"wp-content\\\/uploads\\\/2023\\\/11\\\/2-2.jpg\",\"image_position\":\"center-center\",\"image_size\":\"cover\",\"media_background\":\"rgba(255, 255, 255, 0)\",\"media_blend_mode\":\"multiply\",\"media_overlay\":\"rgba(255, 255, 255, 0)\",\"overlap\":false,\"padding\":\"xlarge\",\"padding_remove_bottom\":false,\"style\":\"default\",\"text_color\":\"light\",\"title_breakpoint\":\"xl\",\"title_position\":\"top-left\",\"title_rotation\":\"left\",\"vertical_align\":\"middle\",\"width\":\"small\"},\"children\":[{\"type\":\"row\",\"props\":{\"column_gap\":\"small\",\"layout\":\"large,expand\",\"row_gap\":\"small\"},\"children\":[{\"type\":\"column\",\"props\":{\"image_position\":\"center-center\",\"padding\":\"xsmall\",\"position_sticky_breakpoint\":\"m\",\"style\":\"tile-primary\",\"text_color\":\"light\",\"width_medium\":\"large\"},\"children\":[{\"type\":\"headline\",\"props\":{\"content\":\"Obtenga servicios de consultor\\u00eda de calidad para su futuro restaurante\",\"maxwidth\":\"large\",\"position_left\":\"-10\",\"text_align\":\"left\",\"text_align_breakpoint\":\"s\",\"text_align_fallback\":\"center\",\"title_element\":\"h2\"}},{\"type\":\"text\",\"props\":{\"column_breakpoint\":\"m\",\"content\":\"\",\"margin\":\"default\",\"maxwidth\":\"large\",\"text_align\":\"left\",\"text_align_breakpoint\":\"s\",\"text_align_fallback\":\"center\",\"text_style\":\"large\"}}]},{\"type\":\"column\",\"props\":{\"image_position\":\"center-center\",\"position_sticky_breakpoint\":\"m\",\"width_medium\":\"expand\"}}]}]},{\"name\":\"Services\",\"type\":\"section\",\"props\":{\"animation\":\"fade\",\"animation_delay\":false,\"image_position\":\"center-center\",\"padding\":\"large\",\"style\":\"default\",\"title_breakpoint\":\"xl\",\"title_position\":\"top-left\",\"title_rotation\":\"left\",\"vertical_align\":\"middle\",\"width\":\"large\"},\"children\":[{\"type\":\"row\",\"children\":[{\"type\":\"column\",\"props\":{\"image_position\":\"center-center\",\"position_sticky_breakpoint\":\"m\",\"width_medium\":\"1-1\"},\"children\":[{\"type\":\"grid\",\"props\":{\"content_column_breakpoint\":\"m\",\"filter_align\":\"left\",\"filter_all\":true,\"filter_grid_breakpoint\":\"m\",\"filter_grid_width\":\"auto\",\"filter_position\":\"top\",\"filter_style\":\"tab\",\"grid_column_gap\":\"large\",\"grid_default\":\"1\",\"grid_medium\":\"3\",\"grid_row_gap\":\"large\",\"grid_small\":\"2\",\"icon_width\":80,\"image_align\":\"top\",\"image_grid_breakpoint\":\"m\",\"image_grid_width\":\"1-2\",\"image_loading\":true,\"image_svg_animate\":true,\"image_svg_color\":\"primary\",\"image_svg_inline\":true,\"item_animation\":true,\"link_style\":\"text\",\"link_text\":\"Read more\",\"margin\":\"default\",\"meta_align\":\"below-title\",\"meta_element\":\"div\",\"meta_style\":\"text-meta\",\"parallax_easing\":\"1\",\"show_content\":true,\"show_image\":true,\"show_link\":true,\"show_meta\":true,\"show_title\":true,\"text_align\":\"left\",\"text_align_breakpoint\":\"s\",\"text_align_fallback\":\"center\",\"title_align\":\"top\",\"title_element\":\"h2\",\"title_grid_breakpoint\":\"m\",\"title_grid_width\":\"1-2\",\"title_hover_style\":\"reset\",\"title_style\":\"h3\"},\"children\":[{\"type\":\"grid_item\",\"props\":{\"content\":\"\n\n<p>Nuestro principal objetivo es abrir los restaurantes a tiempo a un coste \\u00f3ptimo sin comprometer la calidad de las obras y materiales, por lo que ofrecemos: gesti\\u00f3n completa del proyecto desde el primer dise\\u00f1o hasta su finalizaci\\u00f3n con \\u00e9xito, Crocus Consult act\\u00faa como contratista principal para optimizar el coste del proyecto, lead-up los documentos de licitaci\\u00f3n (proyecto de construcci\\u00f3n, dise\\u00f1o de la cocina y el dise\\u00f1o de interiores) y despu\\u00e9s de la licitaci\\u00f3n de subcontratistas para el proyecto para su posterior coordinaci\\u00f3n eficaz del trabajo del arquitecto \\\/ equipo de dise\\u00f1o, gesti\\u00f3n de operaciones, ingenieros y subcontratistas, el cumplimiento de los plazos y presupuestos, la preparaci\\u00f3n de informes semanales de progreso para el cliente durante el proyecto.<\\\/p> \n\n<p>\",\"icon\":\"\",\"image\":\"wp-content\\\/uploads\\\/2023\\\/11\\\/manager-3.png\",\"title\":\"Gesti\\u00f3n de proyectos\"}},{\"type\":\"grid_item\",\"props\":{\"content\":\"\n\n<p>Bas\\u00e1ndonos en el dise\\u00f1o del restaurante y el plano de la cocina (los creamos junto con los arquitectos), licitamos a empresas aprobadas para el mobiliario, las instalaciones y el equipo, presentamos el resultado y el an\\u00e1lisis de la licitaci\\u00f3n al cliente y, tras la aprobaci\\u00f3n del cliente, hacemos un pedido al ganador. Coordinaci\\u00f3n de todas las fases: desde la producci\\u00f3n\\\/entrega hasta la instalaci\\u00f3n de los equipos y, por \\u00faltimo, la puesta en marcha de la cocina y el traspaso a la direcci\\u00f3n operativa. Prestamos apoyo al restaurante mediante consultas t\\u00e9cnicas gratuitas durante un a\\u00f1o despu\\u00e9s de la apertura. Pedido de OS&amp;E sobre una base anual a petici\\u00f3n, investigamos a fondo qu\\u00e9 piezas de repuesto son realmente necesarias para cada restaurante.<\\\/p> \n\n<p>\",\"icon\":\"\",\"image\":\"wp-content\\\/uploads\\\/2023\\\/11\\\/kitchen1.png\",\"title\":\"Gesti\\u00f3n de FF&E y OS&E\"}},{\"type\":\"grid_item\",\"props\":{\"content\":\"\n\n<p>Para cada proyecto contamos CAPEX Budgeting y hacemos Gantt Chart con todos los actores involucrados en el proyecto. Tambi\\u00e9n coordinamos el Calendario de Pagos para todos los pagos relacionados con el proyecto con su contable y lo sometemos a la aprobaci\\u00f3n final. Controlamos los precios de los materiales y los costes de mano de obra, discutimos los costes con los subcontratistas y proveedores de forma regular. Reconocemos que una respuesta r\\u00e1pida es fundamental y que los plazos de los proyectos son ajustados, por lo que utilizamos nuestra experiencia en gesti\\u00f3n de proyectos para garantizar que todo el trabajo se complete a tiempo.<\\\/p> \n\n<p><strong>Preparaci\\u00f3n del proyecto<\\\/strong>.\",\"icon\":\"\",\"image\":\"wp-content\\\/uploads\\\/2023\\\/11\\\/calculation.png\",\"title\":\"Planificaci\\u00f3n y presupuesto\"}}]}]}]}]},{\"name\":\"Contact\",\"type\":\"section\",\"props\":{\"image_position\":\"center-center\",\"padding_remove_top\":false,\"style\":\"default\",\"title_breakpoint\":\"xl\",\"title_position\":\"top-left\",\"title_rotation\":\"left\",\"vertical_align\":\"middle\",\"width\":\"small\"},\"children\":[{\"type\":\"row\",\"props\":{\"margin\":\"large\"},\"children\":[{\"type\":\"column\",\"props\":{\"image_position\":\"center-center\",\"position_sticky_breakpoint\":\"m\",\"width_medium\":\"1-1\"},\"children\":[{\"type\":\"divider\",\"props\":{\"divider_element\":\"hr\"}}]}]},{\"type\":\"row\",\"props\":{\"layout\":\"1-3,1-3,1-3\",\"margin\":\"large\",\"width\":\"default\"},\"children\":[{\"type\":\"column\",\"props\":{\"image_position\":\"center-center\",\"position_sticky_breakpoint\":\"m\",\"width_small\":\"1-3\"},\"children\":[{\"type\":\"headline\",\"props\":{\"content\":\"Ponte en contacto\",\"margin\":\"medium\",\"text_align\":\"left\",\"title_decoration\":\"bullet\",\"title_element\":\"h2\",\"title_style\":\"h5\"}}]},{\"type\":\"column\",\"props\":{\"image_position\":\"center-center\",\"position_sticky_breakpoint\":\"m\",\"width_small\":\"1-3\"},\"children\":[{\"type\":\"headline\",\"props\":{\"content\":\"+ 421 919 175 020\",\"link\":\"tel:+ 421 919 175 020\",\"margin\":\"small\",\"title_element\":\"div\",\"title_style\":\"h6\"}},{\"type\":\"text\",\"props\":{\"column_breakpoint\":\"m\",\"content\":\"Tel\\u00e9fono\",\"margin\":\"remove-vertical\",\"text_style\":\"meta\"}}]},{\"type\":\"column\",\"props\":{\"image_position\":\"center-center\",\"position_sticky_breakpoint\":\"m\",\"width_small\":\"1-3\"},\"children\":[{\"type\":\"headline\",\"props\":{\"content\":\"info@crocusconsult.com\",\"link\":\"mailto:info@miamart.eu\",\"margin\":\"small\",\"title_element\":\"div\",\"title_style\":\"h6\"}},{\"type\":\"text\",\"props\":{\"column_breakpoint\":\"m\",\"content\":\"Email\",\"margin\":\"remove-vertical\",\"text_style\":\"meta\"}}]}]}]}],\"version\":\"4.2.0\"} --><\/p>\n","protected":false},"excerpt":{"rendered":"<p>Obtenga servicios de consultor\u00eda de calidad para su futuro restaurante Gesti\u00f3n de proyectos Nuestro principal objetivo es abrir los restaurantes a tiempo a un coste \u00f3ptimo sin comprometer la calidad de las obras y materiales, por lo que ofrecemos: gesti\u00f3n completa del proyecto desde el primer dise\u00f1o hasta su finalizaci\u00f3n con \u00e9xito, Crocus Consult act\u00faa [&hellip;]<\/p>\n","protected":false},"author":1,"featured_media":0,"parent":0,"menu_order":9,"comment_status":"open","ping_status":"open","template":"","meta":{"footnotes":""},"class_list":["post-2366","page","type-page","status-publish","hentry"],"acf":[],"yoast_head":"<!-- This site is optimized with the Yoast SEO plugin v21.7 - https:\/\/yoast.com\/wordpress\/plugins\/seo\/ -->\n<title>Servicios - Crocus Consult<\/title>\n<meta name=\"robots\" content=\"index, follow, max-snippet:-1, max-image-preview:large, max-video-preview:-1\" \/>\n<link rel=\"canonical\" href=\"https:\/\/crocusconsult.com\/?page_id=2366&lang=es\" \/>\n<meta property=\"og:locale\" content=\"en_US\" \/>\n<meta property=\"og:type\" content=\"article\" \/>\n<meta property=\"og:title\" content=\"Servicios - Crocus Consult\" \/>\n<meta property=\"og:description\" content=\"Obtenga servicios de consultor\u00eda de calidad para su futuro restaurante Gesti\u00f3n de proyectos Nuestro principal objetivo es abrir los restaurantes a tiempo a un coste \u00f3ptimo sin comprometer la calidad de las obras y materiales, por lo que ofrecemos: gesti\u00f3n completa del proyecto desde el primer dise\u00f1o hasta su finalizaci\u00f3n con \u00e9xito, Crocus Consult act\u00faa [&hellip;]\" \/>\n<meta property=\"og:url\" content=\"https:\/\/crocusconsult.com\/?page_id=2366&amp;lang=es\" \/>\n<meta property=\"og:site_name\" content=\"Crocus Consult\" \/>\n<meta property=\"article:modified_time\" content=\"2023-12-09T13:18:30+00:00\" \/>\n<meta name=\"twitter:card\" content=\"summary_large_image\" \/>\n<meta name=\"twitter:label1\" content=\"Est. reading time\" \/>\n\t<meta name=\"twitter:data1\" content=\"2 minutes\" \/>\n<script type=\"application\/ld+json\" class=\"yoast-schema-graph\">{\"@context\":\"https:\/\/schema.org\",\"@graph\":[{\"@type\":\"WebPage\",\"@id\":\"https:\/\/crocusconsult.com\/?page_id=2366&lang=es\",\"url\":\"https:\/\/crocusconsult.com\/?page_id=2366&lang=es\",\"name\":\"Servicios - Crocus Consult\",\"isPartOf\":{\"@id\":\"https:\/\/crocusconsult.com\/#website\"},\"datePublished\":\"2019-09-02T07:23:46+00:00\",\"dateModified\":\"2023-12-09T13:18:30+00:00\",\"breadcrumb\":{\"@id\":\"https:\/\/crocusconsult.com\/?page_id=2366&lang=es#breadcrumb\"},\"inLanguage\":\"en-US\",\"potentialAction\":[{\"@type\":\"ReadAction\",\"target\":[\"https:\/\/crocusconsult.com\/?page_id=2366&lang=es\"]}]},{\"@type\":\"BreadcrumbList\",\"@id\":\"https:\/\/crocusconsult.com\/?page_id=2366&lang=es#breadcrumb\",\"itemListElement\":[{\"@type\":\"ListItem\",\"position\":1,\"name\":\"Home\",\"item\":\"https:\/\/crocusconsult.com\/\"},{\"@type\":\"ListItem\",\"position\":2,\"name\":\"Servicios\"}]},{\"@type\":\"WebSite\",\"@id\":\"https:\/\/crocusconsult.com\/#website\",\"url\":\"https:\/\/crocusconsult.com\/\",\"name\":\"Crocus Consult\",\"description\":\"\",\"publisher\":{\"@id\":\"https:\/\/crocusconsult.com\/#organization\"},\"potentialAction\":[{\"@type\":\"SearchAction\",\"target\":{\"@type\":\"EntryPoint\",\"urlTemplate\":\"https:\/\/crocusconsult.com\/?s={search_term_string}\"},\"query-input\":\"required name=search_term_string\"}],\"inLanguage\":\"en-US\"},{\"@type\":\"Organization\",\"@id\":\"https:\/\/crocusconsult.com\/#organization\",\"name\":\"Crocus Consult\",\"url\":\"https:\/\/crocusconsult.com\/\",\"logo\":{\"@type\":\"ImageObject\",\"inLanguage\":\"en-US\",\"@id\":\"https:\/\/crocusconsult.com\/#\/schema\/logo\/image\/\",\"url\":\"https:\/\/crocusconsult.com\/wp-content\/uploads\/2023\/11\/LOGO-BEST-1.png\",\"contentUrl\":\"https:\/\/crocusconsult.com\/wp-content\/uploads\/2023\/11\/LOGO-BEST-1.png\",\"width\":400,\"height\":160,\"caption\":\"Crocus Consult\"},\"image\":{\"@id\":\"https:\/\/crocusconsult.com\/#\/schema\/logo\/image\/\"}}]}<\/script>\n<!-- \/ Yoast SEO plugin. -->","yoast_head_json":{"title":"Servicios - Crocus Consult","robots":{"index":"index","follow":"follow","max-snippet":"max-snippet:-1","max-image-preview":"max-image-preview:large","max-video-preview":"max-video-preview:-1"},"canonical":"https:\/\/crocusconsult.com\/?page_id=2366&lang=es","og_locale":"en_US","og_type":"article","og_title":"Servicios - Crocus Consult","og_description":"Obtenga servicios de consultor\u00eda de calidad para su futuro restaurante Gesti\u00f3n de proyectos Nuestro principal objetivo es abrir los restaurantes a tiempo a un coste \u00f3ptimo sin comprometer la calidad de las obras y materiales, por lo que ofrecemos: gesti\u00f3n completa del proyecto desde el primer dise\u00f1o hasta su finalizaci\u00f3n con \u00e9xito, Crocus Consult act\u00faa [&hellip;]","og_url":"https:\/\/crocusconsult.com\/?page_id=2366&lang=es","og_site_name":"Crocus Consult","article_modified_time":"2023-12-09T13:18:30+00:00","twitter_card":"summary_large_image","twitter_misc":{"Est. reading time":"2 minutes"},"schema":{"@context":"https:\/\/schema.org","@graph":[{"@type":"WebPage","@id":"https:\/\/crocusconsult.com\/?page_id=2366&lang=es","url":"https:\/\/crocusconsult.com\/?page_id=2366&lang=es","name":"Servicios - Crocus Consult","isPartOf":{"@id":"https:\/\/crocusconsult.com\/#website"},"datePublished":"2019-09-02T07:23:46+00:00","dateModified":"2023-12-09T13:18:30+00:00","breadcrumb":{"@id":"https:\/\/crocusconsult.com\/?page_id=2366&lang=es#breadcrumb"},"inLanguage":"en-US","potentialAction":[{"@type":"ReadAction","target":["https:\/\/crocusconsult.com\/?page_id=2366&lang=es"]}]},{"@type":"BreadcrumbList","@id":"https:\/\/crocusconsult.com\/?page_id=2366&lang=es#breadcrumb","itemListElement":[{"@type":"ListItem","position":1,"name":"Home","item":"https:\/\/crocusconsult.com\/"},{"@type":"ListItem","position":2,"name":"Servicios"}]},{"@type":"WebSite","@id":"https:\/\/crocusconsult.com\/#website","url":"https:\/\/crocusconsult.com\/","name":"Crocus Consult","description":"","publisher":{"@id":"https:\/\/crocusconsult.com\/#organization"},"potentialAction":[{"@type":"SearchAction","target":{"@type":"EntryPoint","urlTemplate":"https:\/\/crocusconsult.com\/?s={search_term_string}"},"query-input":"required name=search_term_string"}],"inLanguage":"en-US"},{"@type":"Organization","@id":"https:\/\/crocusconsult.com\/#organization","name":"Crocus Consult","url":"https:\/\/crocusconsult.com\/","logo":{"@type":"ImageObject","inLanguage":"en-US","@id":"https:\/\/crocusconsult.com\/#\/schema\/logo\/image\/","url":"https:\/\/crocusconsult.com\/wp-content\/uploads\/2023\/11\/LOGO-BEST-1.png","contentUrl":"https:\/\/crocusconsult.com\/wp-content\/uploads\/2023\/11\/LOGO-BEST-1.png","width":400,"height":160,"caption":"Crocus Consult"},"image":{"@id":"https:\/\/crocusconsult.com\/#\/schema\/logo\/image\/"}}]}},"_links":{"self":[{"href":"https:\/\/crocusconsult.com\/index.php?rest_route=\/wp\/v2\/pages\/2366","targetHints":{"allow":["GET"]}}],"collection":[{"href":"https:\/\/crocusconsult.com\/index.php?rest_route=\/wp\/v2\/pages"}],"about":[{"href":"https:\/\/crocusconsult.com\/index.php?rest_route=\/wp\/v2\/types\/page"}],"author":[{"embeddable":true,"href":"https:\/\/crocusconsult.com\/index.php?rest_route=\/wp\/v2\/users\/1"}],"replies":[{"embeddable":true,"href":"https:\/\/crocusconsult.com\/index.php?rest_route=%2Fwp%2Fv2%2Fcomments&post=2366"}],"version-history":[{"count":2,"href":"https:\/\/crocusconsult.com\/index.php?rest_route=\/wp\/v2\/pages\/2366\/revisions"}],"predecessor-version":[{"id":2405,"href":"https:\/\/crocusconsult.com\/index.php?rest_route=\/wp\/v2\/pages\/2366\/revisions\/2405"}],"wp:attachment":[{"href":"https:\/\/crocusconsult.com\/index.php?rest_route=%2Fwp%2Fv2%2Fmedia&parent=2366"}],"curies":[{"name":"wp","href":"https:\/\/api.w.org\/{rel}","templated":true}]}}