{"id":2368,"date":"2019-09-02T07:23:45","date_gmt":"2019-09-02T07:23:45","guid":{"rendered":"https:\/\/crocusconsult.com\/?page_id=2368"},"modified":"2023-12-11T13:11:01","modified_gmt":"2023-12-11T13:11:01","slug":"company","status":"publish","type":"page","link":"https:\/\/crocusconsult.com\/?page_id=2368&lang=fr","title":{"rendered":"Entreprise"},"content":{"rendered":"<div>\n<h1>Des solutions innovantes pour faire avancer votre entreprise<\/h1>\n<\/div>\n<h2>Un peu d&#8217;histoire<br class=\"uk-visible@m\"><br \/>\nDerri\u00e8re notre<br class=\"uk-visible@m\"><br \/>\nL&#8217;entreprise<\/h2>\n<div>\n<p>        <img decoding=\"async\" src=\"\/wp-content\/uploads\/2023\/11\/RASIM-1.png\" alt=\"\"><\/p>\n<div>M. Rasim Alizada<\/div>\n<p>Fondateur et PDG<\/p>\n<\/div>\n<div>\n<p>Le chemin a \u00e9t\u00e9 long depuis l&#8217;obtention du dipl\u00f4me de l&#8217;universit\u00e9 d&#8217;ing\u00e9nierie civile et d&#8217;architecture en 1992 avec les honneurs, jusqu&#8217;\u00e0 l&#8217;ouverture, \u00e0 partir de z\u00e9ro, de cha\u00eenes de restauration rapide telles que McDonald&#8217;s, KFC, Burger King et Pizza Hut dans cinq pays diff\u00e9rents. Cela lui a permis d&#8217;acqu\u00e9rir une exp\u00e9rience consid\u00e9rable pour la cr\u00e9ation de Crocus Consult. La d\u00e9cision de cr\u00e9er une soci\u00e9t\u00e9 partenaire pour les restaurants et les caf\u00e9s a \u00e9t\u00e9 motiv\u00e9e principalement par les besoins et les demandes des franchis\u00e9s, des cadres sup\u00e9rieurs et des propri\u00e9taires de cha\u00eenes de restauration rapide et de caf\u00e9s et restaurants individuels. Nos clients choisissent nos services pour simplifier l&#8217;ouverture des restaurants et \u00e9conomiser des ressources financi\u00e8res. Nous agissons en tant qu&#8217;entrepreneur principal et engageons des sous-traitants en fonction des besoins du projet. Nous savons \u00e9galement presque tout sur l&#8217;\u00e9quipement, les installations et le mobilier de votre futur restaurant. Nous collaborons avec les principales entreprises de construction et d&#8217;\u00e9quipement o\u00f9 nous b\u00e9n\u00e9ficions de remises importantes que nous vous offrons en plus. Mon \u00e9quipe est une \u00e9quipe formidable avec laquelle je travaille depuis plus de vingt ans, chacun d&#8217;entre eux a \u00e9t\u00e9 certifi\u00e9 par les principaux fournisseurs d&#8217;\u00e9quipement tels que Franke, Duke, etc. J&#8217;ai \u00e9galement suivi avec succ\u00e8s de nombreux cours et formations chez McDonald&#8217;s, KFC et Burger King au cours des 20 derni\u00e8res ann\u00e9es. L&#8217;un de nos principaux objectifs est de r\u00e9duire les co\u00fbts d&#8217;ouverture d&#8217;un nouveau restaurant sans compromettre la qualit\u00e9 du travail effectu\u00e9. C&#8217;est pourquoi nous contr\u00f4lons enti\u00e8rement toutes les \u00e9tapes de la construction et les mat\u00e9riaux utilis\u00e9s. Nous nous occupons \u00e9galement de la commande et du transport du mobilier, des installations et de l&#8217;\u00e9quipement (FF&amp;E), puis de l&#8217;installation et de la mise en service du nouveau restaurant. En cas de besoin, nous nous occupons de l&#8217;OS&amp;E (fournitures et \u00e9quipements d&#8217;exploitation) sur une base annuelle afin d&#8217;\u00e9viter des d\u00e9faillances inattendues dans le fonctionnement de l&#8217;\u00e9tablissement. Nous avons la possibilit\u00e9 de travailler dans tous les pays de l&#8217;UE et nous sommes, en tant qu&#8217;\u00e9quipe de Crocus Consult, toujours pr\u00eats \u00e0 vous aider \u00e0 d\u00e9velopper votre entreprise de mani\u00e8re plus efficace.<\/p>\n<\/div>\n<ul>\n<li>\n<p>        <img decoding=\"async\" src=\"\/wp-content\/uploads\/2023\/11\/mcd1.png\" alt=\"\"><\/p>\n<\/li>\n<li>\n<p>        <img decoding=\"async\" src=\"\/wp-content\/uploads\/2023\/11\/IMG_2041.jpg\" alt=\"\"><\/p>\n<\/li>\n<li>\n<p>        <img decoding=\"async\" src=\"\/wp-content\/uploads\/2023\/11\/333-1.png\" alt=\"\"><\/p>\n<\/li>\n<li>\n<p>        <img decoding=\"async\" src=\"\/wp-content\/uploads\/2023\/11\/mcdonalds.jpg\" alt=\"\"><\/p>\n<\/li>\n<li>\n<p>        <img decoding=\"async\" src=\"\/wp-content\/uploads\/2023\/11\/IMG_2027.jpg\" alt=\"\"><\/p>\n<\/li>\n<li>\n<p>        <img decoding=\"async\" src=\"\/wp-content\/uploads\/2023\/11\/IMG_2044.jpg\" alt=\"\"><\/p>\n<\/li>\n<li>\n<p>        <img decoding=\"async\" src=\"\/wp-content\/uploads\/2023\/11\/11111.jpg\" alt=\"\"><\/p>\n<\/li>\n<li>\n<p>        <img decoding=\"async\" src=\"\/wp-content\/uploads\/2023\/11\/IMG_2025.jpg\" alt=\"\"><\/p>\n<\/li>\n<li>\n<p>        <img decoding=\"async\" src=\"\/wp-content\/uploads\/2023\/11\/IMG_2038.jpg\" alt=\"\"><\/p>\n<\/li>\n<li>\n<p>        <img decoding=\"async\" src=\"\/wp-content\/uploads\/2023\/11\/2-2.jpg\" alt=\"\"><\/p>\n<\/li>\n<li>\n<p>        <img decoding=\"async\" src=\"\/wp-content\/uploads\/2023\/11\/6-1.jpg\" alt=\"\"><\/p>\n<\/li>\n<li>\n<p>        <img decoding=\"async\" src=\"\/wp-content\/uploads\/2023\/11\/8.jpg\" alt=\"\"><\/p>\n<\/li>\n<li>\n<p>        <img decoding=\"async\" src=\"\/wp-content\/uploads\/2023\/11\/IMG_2043.jpg\" alt=\"\"><\/p>\n<\/li>\n<li>\n<p>        <img decoding=\"async\" src=\"\/wp-content\/uploads\/2023\/11\/5-1.jpg\" alt=\"\"><\/p>\n<\/li>\n<li>\n<p>        <img decoding=\"async\" src=\"\/wp-content\/uploads\/2023\/11\/IMG_2050-scaled.jpg\" alt=\"\"><\/p>\n<\/li>\n<li>\n<p>        <img decoding=\"async\" src=\"\/wp-content\/uploads\/2023\/11\/IMG_2039-scaled.jpg\" alt=\"\"><\/p>\n<\/li>\n<\/ul>\n<div>\n<h2>Vous pouvez nous trouver sur <a href=\"https:\/\/www.linkedin.com\/in\/rasim-alizada-777r\/\"><img loading=\"lazy\" decoding=\"async\" src=\"https:\/\/crocusconsult.com\/wp-content\/uploads\/2023\/12\/LinkedIn_icon.svg-150x150.png\" alt=\"\" width=\"50\" height=\"50\" class=\"alignnone wp-image-2330\" srcset=\"https:\/\/crocusconsult.com\/wp-content\/uploads\/2023\/12\/LinkedIn_icon.svg-150x150.png 150w, https:\/\/crocusconsult.com\/wp-content\/uploads\/2023\/12\/LinkedIn_icon.svg-300x300.png 300w, https:\/\/crocusconsult.com\/wp-content\/uploads\/2023\/12\/LinkedIn_icon.svg-1024x1024.png 1024w, https:\/\/crocusconsult.com\/wp-content\/uploads\/2023\/12\/LinkedIn_icon.svg-768x768.png 768w, https:\/\/crocusconsult.com\/wp-content\/uploads\/2023\/12\/LinkedIn_icon.svg-1536x1536.png 1536w, https:\/\/crocusconsult.com\/wp-content\/uploads\/2023\/12\/LinkedIn_icon.svg.png 2048w\" sizes=\"auto, (max-width: 50px) 100vw, 50px\" \/><\/a><\/h2>\n<\/div>\n<p><!--more--><br \/>\n<!-- {\"name\":\"About\",\"type\":\"layout\",\"children\":[{\"name\":\"Hero\",\"type\":\"section\",\"props\":{\"animation\":\"fade\",\"animation_delay\":\"200\",\"image\":\"wp-content\\\/uploads\\\/2023\\\/11\\\/BK-EXTERNAL.png\",\"image_effect\":\"parallax\",\"image_loading\":true,\"image_parallax_bgy\":\"0,110\",\"image_parallax_breakpoint\":\"l\",\"image_parallax_easing\":\"1\",\"image_position\":\"center-center\",\"image_size\":\"cover\",\"image_width\":\"1560\",\"padding\":\"xlarge\",\"style\":\"default\",\"title_breakpoint\":\"xl\",\"title_position\":\"top-left\",\"title_rotation\":\"left\",\"vertical_align\":\"middle\",\"width\":\"expand\"},\"children\":[{\"type\":\"row\",\"props\":{\"column_gap\":\"small\",\"margin\":\"large\",\"match\":false,\"row_gap\":\"small\"},\"children\":[{\"type\":\"column\",\"props\":{\"image_position\":\"center-center\",\"position_sticky_breakpoint\":\"m\",\"width_medium\":\"1-1\"},\"children\":[{\"type\":\"panel\",\"props\":{\"content_column_breakpoint\":\"m\",\"icon_width\":80,\"image_align\":\"top\",\"image_grid_breakpoint\":\"m\",\"image_grid_width\":\"1-2\",\"image_svg_color\":\"emphasis\",\"link_style\":\"default\",\"link_text\":\"Read more\",\"margin\":\"default\",\"maxwidth\":\"xlarge\",\"meta_align\":\"below-title\",\"meta_element\":\"div\",\"meta_style\":\"text-meta\",\"panel_padding\":\"default\",\"panel_style\":\"tile-secondary\",\"title\":\"Des solutions innovantes pour faire avancer votre entreprise\",\"title_align\":\"top\",\"title_element\":\"h1\",\"title_grid_breakpoint\":\"m\",\"title_grid_width\":\"1-2\",\"title_hover_style\":\"reset\",\"title_style\":\"h2\"}}]}]}]},{\"name\":\"About\",\"type\":\"section\",\"props\":{\"animation_delay\":false,\"image_position\":\"center-center\",\"image_size\":\"cover\",\"padding\":\"large\",\"padding_remove_bottom\":false,\"padding_remove_top\":false,\"style\":\"default\",\"title_breakpoint\":\"xl\",\"title_position\":\"top-left\",\"title_rotation\":\"left\",\"vertical_align\":\"middle\",\"width\":\"default\"},\"children\":[{\"type\":\"row\",\"props\":{\"layout\":\"1-3,2-3\",\"margin\":\"xlarge\",\"width\":\"default\"},\"children\":[{\"type\":\"column\",\"props\":{\"image_position\":\"center-center\",\"position_sticky_breakpoint\":\"m\",\"width_medium\":\"1-3\"},\"children\":[{\"type\":\"headline\",\"props\":{\"content\":\"Un peu d'histoire<br class=\\\"uk-visible@m\\\">\\nDerri\\u00e8re notre<br class=\\\"uk-visible@m\\\">\\nL'entreprise\",\"title_decoration\":\"bullet\",\"title_element\":\"h2\",\"title_style\":\"h3\"}},{\"type\":\"panel\",\"props\":{\"content_column_breakpoint\":\"m\",\"icon_width\":80,\"image\":\"wp-content\\\/uploads\\\/2023\\\/11\\\/RASIM-1.png\",\"image_align\":\"left\",\"image_focal_point\":\"bottom-left\",\"image_grid_breakpoint\":\"\",\"image_grid_column_gap\":\"medium\",\"image_grid_row_gap\":\"medium\",\"image_grid_width\":\"auto\",\"image_height\":\"610\",\"image_link\":true,\"image_loading\":true,\"image_svg_color\":\"emphasis\",\"image_vertical_align\":true,\"image_width\":\"660\",\"link_style\":\"default\",\"link_target\":false,\"link_text\":\"\",\"margin\":\"medium\",\"maxwidth\":\"medium\",\"meta\":\"Fondateur et PDG\",\"meta_align\":\"below-title\",\"meta_element\":\"div\",\"meta_margin\":\"remove\",\"meta_style\":\"text-meta\",\"text_align\":\"left\",\"title\":\"M. Rasim Alizada\",\"title_align\":\"top\",\"title_element\":\"div\",\"title_grid_breakpoint\":\"m\",\"title_grid_width\":\"1-2\",\"title_hover_style\":\"reset\",\"title_link\":true,\"title_style\":\"h5\"}}]},{\"type\":\"column\",\"props\":{\"image_position\":\"center-center\",\"position_sticky_breakpoint\":\"m\",\"width_medium\":\"2-3\"},\"children\":[{\"type\":\"text\",\"props\":{\"column_breakpoint\":\"m\",\"content\":\"\n\n<p>Le chemin a \\u00e9t\\u00e9 long depuis l'obtention du dipl\\u00f4me de l'universit\\u00e9 d'ing\\u00e9nierie civile et d'architecture en 1992 avec les honneurs, jusqu'\\u00e0 l'ouverture, \\u00e0 partir de z\\u00e9ro, de cha\\u00eenes de restauration rapide telles que McDonald's, KFC, Burger King et Pizza Hut dans cinq pays diff\\u00e9rents. Cela lui a permis d'acqu\\u00e9rir une exp\\u00e9rience consid\\u00e9rable pour la cr\\u00e9ation de Crocus Consult. La d\\u00e9cision de cr\\u00e9er une soci\\u00e9t\\u00e9 partenaire pour les restaurants et les caf\\u00e9s a \\u00e9t\\u00e9 motiv\\u00e9e principalement par les besoins et les demandes des franchis\\u00e9s, des cadres sup\\u00e9rieurs et des propri\\u00e9taires de cha\\u00eenes de restauration rapide et de caf\\u00e9s et restaurants individuels. Nos clients choisissent nos services pour simplifier l'ouverture des restaurants et \\u00e9conomiser des ressources financi\\u00e8res. Nous agissons en tant qu'entrepreneur principal et engageons des sous-traitants en fonction des besoins du projet. Nous savons \\u00e9galement presque tout sur l'\\u00e9quipement, les installations et le mobilier de votre futur restaurant. Nous collaborons avec les principales entreprises de construction et d'\\u00e9quipement o\\u00f9 nous b\\u00e9n\\u00e9ficions de remises importantes que nous vous offrons en plus. Mon \\u00e9quipe est une \\u00e9quipe formidable avec laquelle je travaille depuis plus de vingt ans, chacun d'entre eux a \\u00e9t\\u00e9 certifi\\u00e9 par les principaux fournisseurs d'\\u00e9quipement tels que Franke, Duke, etc. J'ai \\u00e9galement suivi avec succ\\u00e8s de nombreux cours et formations chez McDonald's, KFC et Burger King au cours des 20 derni\\u00e8res ann\\u00e9es. L'un de nos principaux objectifs est de r\\u00e9duire les co\\u00fbts d'ouverture d'un nouveau restaurant sans compromettre la qualit\\u00e9 du travail effectu\\u00e9. C'est pourquoi nous contr\\u00f4lons enti\\u00e8rement toutes les \\u00e9tapes de la construction et les mat\\u00e9riaux utilis\\u00e9s. Nous nous occupons \\u00e9galement de la commande et du transport du mobilier, des installations et de l'\\u00e9quipement (FF&amp;E), puis de l'installation et de la mise en service du nouveau restaurant. En cas de besoin, nous nous occupons de l'OS&amp;E (fournitures et \\u00e9quipements d'exploitation) sur une base annuelle afin d'\\u00e9viter des d\\u00e9faillances inattendues dans le fonctionnement de l'\\u00e9tablissement. Nous avons la possibilit\\u00e9 de travailler dans tous les pays de l'UE et nous sommes, en tant qu'\\u00e9quipe de Crocus Consult, toujours pr\\u00eats \\u00e0 vous aider \\u00e0 d\\u00e9velopper votre entreprise de mani\\u00e8re plus efficace.<\\\/p>\",\"dropcap\":false,\"margin\":\"default\"}}]}]},{\"type\":\"row\",\"props\":{\"alignment\":\"center\",\"match\":false,\"vertical_align\":false,\"width\":\"expand\"},\"children\":[{\"type\":\"column\",\"props\":{\"image_position\":\"center-center\",\"position_sticky_breakpoint\":\"m\"},\"children\":[{\"type\":\"slideshow\",\"props\":{\"link_style\":\"default\",\"link_text\":\"Read more\",\"margin\":\"default\",\"meta_align\":\"below-title\",\"meta_element\":\"div\",\"meta_style\":\"text-meta\",\"nav\":\"dotnav\",\"nav_align\":\"center\",\"nav_breakpoint\":\"s\",\"nav_position\":\"bottom-center\",\"nav_position_margin\":\"medium\",\"overlay_animation\":\"parallax\",\"overlay_position\":\"center-left\",\"show_content\":true,\"show_link\":true,\"show_meta\":true,\"show_thumbnail\":true,\"show_title\":true,\"slidenav\":\"default\",\"slidenav_breakpoint\":\"s\",\"slidenav_margin\":\"medium\",\"slidenav_outside_breakpoint\":\"xl\",\"slideshow_autoplay_pause\":true,\"slideshow_min_height\":300,\"thumbnav_height\":\"75\",\"thumbnav_svg_color\":\"emphasis\",\"thumbnav_width\":\"100\",\"title_element\":\"h3\"},\"children\":[{\"type\":\"slideshow_item\",\"props\":{\"image\":\"wp-content\\\/uploads\\\/2023\\\/11\\\/mcd1.png\"}},{\"type\":\"slideshow_item\",\"props\":{\"image\":\"wp-content\\\/uploads\\\/2023\\\/11\\\/IMG_2041.jpg\"}},{\"type\":\"slideshow_item\",\"props\":{\"image\":\"wp-content\\\/uploads\\\/2023\\\/11\\\/333-1.png\"}},{\"type\":\"slideshow_item\",\"props\":{\"image\":\"wp-content\\\/uploads\\\/2023\\\/11\\\/mcdonalds.jpg\"}},{\"type\":\"slideshow_item\",\"props\":{\"image\":\"wp-content\\\/uploads\\\/2023\\\/11\\\/IMG_2027.jpg\"}},{\"type\":\"slideshow_item\",\"props\":{\"image\":\"wp-content\\\/uploads\\\/2023\\\/11\\\/IMG_2044.jpg\"}},{\"type\":\"slideshow_item\",\"props\":{\"image\":\"wp-content\\\/uploads\\\/2023\\\/11\\\/11111.jpg\"}},{\"type\":\"slideshow_item\",\"props\":{\"image\":\"wp-content\\\/uploads\\\/2023\\\/11\\\/IMG_2025.jpg\"}},{\"type\":\"slideshow_item\",\"props\":{\"image\":\"wp-content\\\/uploads\\\/2023\\\/11\\\/IMG_2038.jpg\"}},{\"type\":\"slideshow_item\",\"props\":{\"image\":\"wp-content\\\/uploads\\\/2023\\\/11\\\/2-2.jpg\"}},{\"type\":\"slideshow_item\",\"props\":{\"image\":\"wp-content\\\/uploads\\\/2023\\\/11\\\/6-1.jpg\"}},{\"type\":\"slideshow_item\",\"props\":{\"image\":\"wp-content\\\/uploads\\\/2023\\\/11\\\/8.jpg\"}},{\"type\":\"slideshow_item\",\"props\":{\"image\":\"wp-content\\\/uploads\\\/2023\\\/11\\\/IMG_2043.jpg\"}},{\"type\":\"slideshow_item\",\"props\":{\"image\":\"wp-content\\\/uploads\\\/2023\\\/11\\\/5-1.jpg\"}},{\"type\":\"slideshow_item\",\"props\":{\"image\":\"wp-content\\\/uploads\\\/2023\\\/11\\\/IMG_2050-scaled.jpg\"}},{\"type\":\"slideshow_item\",\"props\":{\"image\":\"wp-content\\\/uploads\\\/2023\\\/11\\\/IMG_2039-scaled.jpg\"}}]}]}]}]},{\"name\":\"Call to action\",\"type\":\"section\",\"props\":{\"image\":\"wp-content\\\/uploads\\\/yootheme\\\/company-cta-bg.jpg\",\"image_position\":\"center-center\",\"image_size\":\"cover\",\"image_width\":\"1560\",\"media_background\":\"rgba(55, 82, 170, 0.9)\",\"media_blend_mode\":\"multiply\",\"media_overlay\":\"rgba(30, 54, 132, 0.89)\",\"padding\":\"large\",\"style\":\"default\",\"text_color\":\"light\",\"title_breakpoint\":\"xl\",\"title_position\":\"top-left\",\"title_rotation\":\"left\",\"vertical_align\":\"middle\",\"width\":\"default\"},\"children\":[{\"type\":\"row\",\"children\":[{\"type\":\"column\",\"props\":{\"image_position\":\"center-center\",\"position_sticky_breakpoint\":\"m\"},\"children\":[{\"type\":\"text\",\"props\":{\"column_breakpoint\":\"m\",\"content\":\"\n\n<h2>Vous pouvez nous trouver sur <a href=\\\"https:\\\/\\\/www.linkedin.com\\\/in\\\/rasim-alizada-777r\\\/\\\"><img src=\\\"https:\\\/\\\/crocusconsult.com\\\/wp-content\\\/uploads\\\/2023\\\/12\\\/LinkedIn_icon.svg-150x150.png\\\" alt=\\\"\\\" width=\\\"50\\\" height=\\\"50\\\" class=\\\"alignnone wp-image-2330\\\" \\\/><\\\/a><\\\/h2>\",\"margin\":\"default\"}}]}]}]}],\"version\":\"4.2.0\"} --><\/p>\n","protected":false},"excerpt":{"rendered":"<p>Des solutions innovantes pour faire avancer votre entreprise Un peu d&#8217;histoire Derri\u00e8re notre L&#8217;entreprise M. Rasim Alizada Fondateur et PDG Le chemin a \u00e9t\u00e9 long depuis l&#8217;obtention du dipl\u00f4me de l&#8217;universit\u00e9 d&#8217;ing\u00e9nierie civile et d&#8217;architecture en 1992 avec les honneurs, jusqu&#8217;\u00e0 l&#8217;ouverture, \u00e0 partir de z\u00e9ro, de cha\u00eenes de restauration rapide telles que McDonald&#8217;s, KFC, [&hellip;]<\/p>\n","protected":false},"author":1,"featured_media":0,"parent":0,"menu_order":10,"comment_status":"open","ping_status":"open","template":"","meta":{"footnotes":""},"class_list":["post-2368","page","type-page","status-publish","hentry"],"acf":[],"yoast_head":"<!-- This site is optimized with the Yoast SEO plugin v21.7 - https:\/\/yoast.com\/wordpress\/plugins\/seo\/ -->\n<title>Entreprise - Crocus Consult<\/title>\n<meta name=\"robots\" content=\"index, follow, max-snippet:-1, max-image-preview:large, max-video-preview:-1\" \/>\n<link rel=\"canonical\" href=\"https:\/\/crocusconsult.com\/?page_id=2368&lang=fr\" \/>\n<meta property=\"og:locale\" content=\"en_US\" \/>\n<meta property=\"og:type\" content=\"article\" \/>\n<meta property=\"og:title\" content=\"Entreprise - Crocus Consult\" \/>\n<meta property=\"og:description\" content=\"Des solutions innovantes pour faire avancer votre entreprise Un peu d&#8217;histoire Derri\u00e8re notre L&#8217;entreprise M. Rasim Alizada Fondateur et PDG Le chemin a \u00e9t\u00e9 long depuis l&#8217;obtention du dipl\u00f4me de l&#8217;universit\u00e9 d&#8217;ing\u00e9nierie civile et d&#8217;architecture en 1992 avec les honneurs, jusqu&#8217;\u00e0 l&#8217;ouverture, \u00e0 partir de z\u00e9ro, de cha\u00eenes de restauration rapide telles que McDonald&#8217;s, KFC, [&hellip;]\" \/>\n<meta property=\"og:url\" content=\"https:\/\/crocusconsult.com\/?page_id=2368&amp;lang=fr\" \/>\n<meta property=\"og:site_name\" content=\"Crocus Consult\" \/>\n<meta property=\"article:modified_time\" content=\"2023-12-11T13:11:01+00:00\" \/>\n<meta property=\"og:image\" content=\"https:\/\/crocusconsult.com\/wp-content\/uploads\/2023\/12\/LinkedIn_icon.svg-150x150.png\" \/>\n<meta name=\"twitter:card\" content=\"summary_large_image\" \/>\n<meta name=\"twitter:label1\" content=\"Est. reading time\" \/>\n\t<meta name=\"twitter:data1\" content=\"2 minutes\" \/>\n<script type=\"application\/ld+json\" class=\"yoast-schema-graph\">{\"@context\":\"https:\/\/schema.org\",\"@graph\":[{\"@type\":\"WebPage\",\"@id\":\"https:\/\/crocusconsult.com\/?page_id=2368&lang=fr\",\"url\":\"https:\/\/crocusconsult.com\/?page_id=2368&lang=fr\",\"name\":\"Entreprise - Crocus Consult\",\"isPartOf\":{\"@id\":\"https:\/\/crocusconsult.com\/#website\"},\"datePublished\":\"2019-09-02T07:23:45+00:00\",\"dateModified\":\"2023-12-11T13:11:01+00:00\",\"breadcrumb\":{\"@id\":\"https:\/\/crocusconsult.com\/?page_id=2368&lang=fr#breadcrumb\"},\"inLanguage\":\"en-US\",\"potentialAction\":[{\"@type\":\"ReadAction\",\"target\":[\"https:\/\/crocusconsult.com\/?page_id=2368&lang=fr\"]}]},{\"@type\":\"BreadcrumbList\",\"@id\":\"https:\/\/crocusconsult.com\/?page_id=2368&lang=fr#breadcrumb\",\"itemListElement\":[{\"@type\":\"ListItem\",\"position\":1,\"name\":\"Home\",\"item\":\"https:\/\/crocusconsult.com\/\"},{\"@type\":\"ListItem\",\"position\":2,\"name\":\"Entreprise\"}]},{\"@type\":\"WebSite\",\"@id\":\"https:\/\/crocusconsult.com\/#website\",\"url\":\"https:\/\/crocusconsult.com\/\",\"name\":\"Crocus Consult\",\"description\":\"\",\"publisher\":{\"@id\":\"https:\/\/crocusconsult.com\/#organization\"},\"potentialAction\":[{\"@type\":\"SearchAction\",\"target\":{\"@type\":\"EntryPoint\",\"urlTemplate\":\"https:\/\/crocusconsult.com\/?s={search_term_string}\"},\"query-input\":\"required name=search_term_string\"}],\"inLanguage\":\"en-US\"},{\"@type\":\"Organization\",\"@id\":\"https:\/\/crocusconsult.com\/#organization\",\"name\":\"Crocus Consult\",\"url\":\"https:\/\/crocusconsult.com\/\",\"logo\":{\"@type\":\"ImageObject\",\"inLanguage\":\"en-US\",\"@id\":\"https:\/\/crocusconsult.com\/#\/schema\/logo\/image\/\",\"url\":\"https:\/\/crocusconsult.com\/wp-content\/uploads\/2023\/11\/LOGO-BEST-1.png\",\"contentUrl\":\"https:\/\/crocusconsult.com\/wp-content\/uploads\/2023\/11\/LOGO-BEST-1.png\",\"width\":400,\"height\":160,\"caption\":\"Crocus Consult\"},\"image\":{\"@id\":\"https:\/\/crocusconsult.com\/#\/schema\/logo\/image\/\"}}]}<\/script>\n<!-- \/ Yoast SEO plugin. -->","yoast_head_json":{"title":"Entreprise - Crocus Consult","robots":{"index":"index","follow":"follow","max-snippet":"max-snippet:-1","max-image-preview":"max-image-preview:large","max-video-preview":"max-video-preview:-1"},"canonical":"https:\/\/crocusconsult.com\/?page_id=2368&lang=fr","og_locale":"en_US","og_type":"article","og_title":"Entreprise - Crocus Consult","og_description":"Des solutions innovantes pour faire avancer votre entreprise Un peu d&#8217;histoire Derri\u00e8re notre L&#8217;entreprise M. Rasim Alizada Fondateur et PDG Le chemin a \u00e9t\u00e9 long depuis l&#8217;obtention du dipl\u00f4me de l&#8217;universit\u00e9 d&#8217;ing\u00e9nierie civile et d&#8217;architecture en 1992 avec les honneurs, jusqu&#8217;\u00e0 l&#8217;ouverture, \u00e0 partir de z\u00e9ro, de cha\u00eenes de restauration rapide telles que McDonald&#8217;s, KFC, [&hellip;]","og_url":"https:\/\/crocusconsult.com\/?page_id=2368&lang=fr","og_site_name":"Crocus Consult","article_modified_time":"2023-12-11T13:11:01+00:00","og_image":[{"url":"https:\/\/crocusconsult.com\/wp-content\/uploads\/2023\/12\/LinkedIn_icon.svg-150x150.png"}],"twitter_card":"summary_large_image","twitter_misc":{"Est. reading time":"2 minutes"},"schema":{"@context":"https:\/\/schema.org","@graph":[{"@type":"WebPage","@id":"https:\/\/crocusconsult.com\/?page_id=2368&lang=fr","url":"https:\/\/crocusconsult.com\/?page_id=2368&lang=fr","name":"Entreprise - Crocus Consult","isPartOf":{"@id":"https:\/\/crocusconsult.com\/#website"},"datePublished":"2019-09-02T07:23:45+00:00","dateModified":"2023-12-11T13:11:01+00:00","breadcrumb":{"@id":"https:\/\/crocusconsult.com\/?page_id=2368&lang=fr#breadcrumb"},"inLanguage":"en-US","potentialAction":[{"@type":"ReadAction","target":["https:\/\/crocusconsult.com\/?page_id=2368&lang=fr"]}]},{"@type":"BreadcrumbList","@id":"https:\/\/crocusconsult.com\/?page_id=2368&lang=fr#breadcrumb","itemListElement":[{"@type":"ListItem","position":1,"name":"Home","item":"https:\/\/crocusconsult.com\/"},{"@type":"ListItem","position":2,"name":"Entreprise"}]},{"@type":"WebSite","@id":"https:\/\/crocusconsult.com\/#website","url":"https:\/\/crocusconsult.com\/","name":"Crocus Consult","description":"","publisher":{"@id":"https:\/\/crocusconsult.com\/#organization"},"potentialAction":[{"@type":"SearchAction","target":{"@type":"EntryPoint","urlTemplate":"https:\/\/crocusconsult.com\/?s={search_term_string}"},"query-input":"required name=search_term_string"}],"inLanguage":"en-US"},{"@type":"Organization","@id":"https:\/\/crocusconsult.com\/#organization","name":"Crocus Consult","url":"https:\/\/crocusconsult.com\/","logo":{"@type":"ImageObject","inLanguage":"en-US","@id":"https:\/\/crocusconsult.com\/#\/schema\/logo\/image\/","url":"https:\/\/crocusconsult.com\/wp-content\/uploads\/2023\/11\/LOGO-BEST-1.png","contentUrl":"https:\/\/crocusconsult.com\/wp-content\/uploads\/2023\/11\/LOGO-BEST-1.png","width":400,"height":160,"caption":"Crocus Consult"},"image":{"@id":"https:\/\/crocusconsult.com\/#\/schema\/logo\/image\/"}}]}},"_links":{"self":[{"href":"https:\/\/crocusconsult.com\/index.php?rest_route=\/wp\/v2\/pages\/2368","targetHints":{"allow":["GET"]}}],"collection":[{"href":"https:\/\/crocusconsult.com\/index.php?rest_route=\/wp\/v2\/pages"}],"about":[{"href":"https:\/\/crocusconsult.com\/index.php?rest_route=\/wp\/v2\/types\/page"}],"author":[{"embeddable":true,"href":"https:\/\/crocusconsult.com\/index.php?rest_route=\/wp\/v2\/users\/1"}],"replies":[{"embeddable":true,"href":"https:\/\/crocusconsult.com\/index.php?rest_route=%2Fwp%2Fv2%2Fcomments&post=2368"}],"version-history":[{"count":3,"href":"https:\/\/crocusconsult.com\/index.php?rest_route=\/wp\/v2\/pages\/2368\/revisions"}],"predecessor-version":[{"id":2420,"href":"https:\/\/crocusconsult.com\/index.php?rest_route=\/wp\/v2\/pages\/2368\/revisions\/2420"}],"wp:attachment":[{"href":"https:\/\/crocusconsult.com\/index.php?rest_route=%2Fwp%2Fv2%2Fmedia&parent=2368"}],"curies":[{"name":"wp","href":"https:\/\/api.w.org\/{rel}","templated":true}]}}