{"id":2369,"date":"2019-09-02T07:23:45","date_gmt":"2019-09-02T07:23:45","guid":{"rendered":"https:\/\/crocusconsult.com\/?page_id=2369"},"modified":"2023-12-09T13:14:26","modified_gmt":"2023-12-09T13:14:26","slug":"company","status":"publish","type":"page","link":"https:\/\/crocusconsult.com\/?page_id=2369&lang=es","title":{"rendered":"Empresa"},"content":{"rendered":"<div>\n<h1>Soluciones innovadoras para que su empresa avance<\/h1>\n<\/div>\n<h2>Un poco de historia<br \/>detr\u00e1s de nuestra<br \/>Empresa<\/h2>\n<div>\n<p>        <img decoding=\"async\" src=\"\/wp-content\/uploads\/2023\/11\/RASIM-1.png\" alt=\"\"><\/p>\n<div>Sr. Rasim Alizada<\/div>\n<p>Fundador y Consejero Delegado<\/p>\n<\/div>\n<div>\n<p>Ha sido un largo viaje desde que se gradu\u00f3 en la Universidad de Ingenier\u00eda Civil y Arquitectura en 1992 con honores hasta abrir de cero las cadenas de restaurantes de comida r\u00e1pida como McDonald&#8217;s, KFC, Burger King y Pizza Hut en cinco pa\u00edses diferentes. Esto le proporcion\u00f3 una enorme experiencia para la creaci\u00f3n de Crocus Consult. La decisi\u00f3n de crear una empresa asociada para restaurantes y cafeter\u00edas fue impulsada principalmente por las necesidades y demandas de franquiciados, altos directivos y propietarios tanto de cadenas de restaurantes de comida r\u00e1pida como de cafeter\u00edas y restaurantes individuales. Nuestros clientes eligen nuestros servicios para simplificar la apertura de restaurantes y ahorrar recursos financieros. Actuamos como contratista principal y contratamos a los subcontratistas que sean necesarios en el proyecto. Tambi\u00e9n lo sabemos casi todo sobre el equipamiento, las instalaciones y el mobiliario de su futuro restaurante. Colaboramos con las principales empresas de construcci\u00f3n y equipamiento, con las que tenemos importantes descuentos que adem\u00e1s ponemos a su disposici\u00f3n. Mi equipo es un gran equipo con el que he estado trabajando durante m\u00e1s de veinte a\u00f1os, cada uno de ellos ha sido certificado por los principales proveedores de equipos como Franke, Duke y etc. Tambi\u00e9n he sido certificado con \u00e9xito por numerosos cursos y entrenamientos en McDonald&#8217;s, KFC y Burger King en los \u00faltimos 20 a\u00f1os. Uno de nuestros principales objetivos es ahorrar el coste de apertura de un nuevo restaurante sin comprometer la calidad del trabajo realizado y por ello controlamos totalmente todas las etapas de la construcci\u00f3n y los materiales utilizados. Tambi\u00e9n nos encargamos del pedido y transporte de FF&amp;E (Mobiliario, Instalaciones y Equipamiento) y posteriormente de la instalaci\u00f3n y puesta en marcha del nuevo restaurante. En caso de necesidad, nos encargamos anualmente del OS&amp;E (suministros y equipos operativos) para evitar fallos inesperados en el funcionamiento del establecimiento. Tenemos la posibilidad de trabajar en todos los pa\u00edses de la UE y estamos como Crocus Consult Team siempre dispuestos a apoyarle para hacer crecer su negocio de manera m\u00e1s eficiente y eficaz.<\/p>\n<\/div>\n<ul>\n<li>\n<p>        <img decoding=\"async\" src=\"\/wp-content\/uploads\/2023\/11\/mcd1.png\" alt=\"\"><\/p>\n<\/li>\n<li>\n<p>        <img decoding=\"async\" src=\"\/wp-content\/uploads\/2023\/11\/IMG_2041.jpg\" alt=\"\"><\/p>\n<\/li>\n<li>\n<p>        <img decoding=\"async\" src=\"\/wp-content\/uploads\/2023\/11\/333-1.png\" alt=\"\"><\/p>\n<\/li>\n<li>\n<p>        <img decoding=\"async\" src=\"\/wp-content\/uploads\/2023\/11\/mcdonalds.jpg\" alt=\"\"><\/p>\n<\/li>\n<li>\n<p>        <img decoding=\"async\" src=\"\/wp-content\/uploads\/2023\/11\/IMG_2027.jpg\" alt=\"\"><\/p>\n<\/li>\n<li>\n<p>        <img decoding=\"async\" src=\"\/wp-content\/uploads\/2023\/11\/IMG_2044.jpg\" alt=\"\"><\/p>\n<\/li>\n<li>\n<p>        <img decoding=\"async\" src=\"\/wp-content\/uploads\/2023\/11\/11111.jpg\" alt=\"\"><\/p>\n<\/li>\n<li>\n<p>        <img decoding=\"async\" src=\"\/wp-content\/uploads\/2023\/11\/IMG_2025.jpg\" alt=\"\"><\/p>\n<\/li>\n<li>\n<p>        <img decoding=\"async\" src=\"\/wp-content\/uploads\/2023\/11\/IMG_2038.jpg\" alt=\"\"><\/p>\n<\/li>\n<li>\n<p>        <img decoding=\"async\" src=\"\/wp-content\/uploads\/2023\/11\/2-2.jpg\" alt=\"\"><\/p>\n<\/li>\n<li>\n<p>        <img decoding=\"async\" src=\"\/wp-content\/uploads\/2023\/11\/6-1.jpg\" alt=\"\"><\/p>\n<\/li>\n<li>\n<p>        <img decoding=\"async\" src=\"\/wp-content\/uploads\/2023\/11\/8.jpg\" alt=\"\"><\/p>\n<\/li>\n<li>\n<p>        <img decoding=\"async\" src=\"\/wp-content\/uploads\/2023\/11\/IMG_2043.jpg\" alt=\"\"><\/p>\n<\/li>\n<li>\n<p>        <img decoding=\"async\" src=\"\/wp-content\/uploads\/2023\/11\/5-1.jpg\" alt=\"\"><\/p>\n<\/li>\n<li>\n<p>        <img decoding=\"async\" src=\"\/wp-content\/uploads\/2023\/11\/IMG_2050-scaled.jpg\" alt=\"\"><\/p>\n<\/li>\n<li>\n<p>        <img decoding=\"async\" src=\"\/wp-content\/uploads\/2023\/11\/IMG_2039-scaled.jpg\" alt=\"\"><\/p>\n<\/li>\n<\/ul>\n<div>\n<h2>Puede encontrarnos en \u00a0<a href=\"https:\/\/www.linkedin.com\/in\/rasim-alizada-777r\/\"><img loading=\"lazy\" decoding=\"async\" src=\"https:\/\/crocusconsult.com\/wp-content\/uploads\/2023\/12\/LinkedIn_icon.svg-150x150.png\" alt=\"\" width=\"50\" height=\"50\" class=\"alignnone wp-image-2330\" srcset=\"https:\/\/crocusconsult.com\/wp-content\/uploads\/2023\/12\/LinkedIn_icon.svg-150x150.png 150w, https:\/\/crocusconsult.com\/wp-content\/uploads\/2023\/12\/LinkedIn_icon.svg-300x300.png 300w, https:\/\/crocusconsult.com\/wp-content\/uploads\/2023\/12\/LinkedIn_icon.svg-1024x1024.png 1024w, https:\/\/crocusconsult.com\/wp-content\/uploads\/2023\/12\/LinkedIn_icon.svg-768x768.png 768w, https:\/\/crocusconsult.com\/wp-content\/uploads\/2023\/12\/LinkedIn_icon.svg-1536x1536.png 1536w, https:\/\/crocusconsult.com\/wp-content\/uploads\/2023\/12\/LinkedIn_icon.svg.png 2048w\" sizes=\"auto, (max-width: 50px) 100vw, 50px\" \/><\/a><\/h2>\n<\/div>\n<p><!--more--><br \/>\n<!-- {\"name\":\"About\",\"type\":\"layout\",\"children\":[{\"name\":\"Hero\",\"type\":\"section\",\"props\":{\"animation\":\"fade\",\"animation_delay\":\"200\",\"image\":\"wp-content\\\/uploads\\\/2023\\\/11\\\/BK-EXTERNAL.png\",\"image_effect\":\"parallax\",\"image_loading\":true,\"image_parallax_bgy\":\"0,110\",\"image_parallax_breakpoint\":\"l\",\"image_parallax_easing\":\"1\",\"image_position\":\"center-center\",\"image_size\":\"cover\",\"image_width\":\"1560\",\"padding\":\"xlarge\",\"style\":\"default\",\"title_breakpoint\":\"xl\",\"title_position\":\"top-left\",\"title_rotation\":\"left\",\"vertical_align\":\"middle\",\"width\":\"expand\"},\"children\":[{\"type\":\"row\",\"props\":{\"column_gap\":\"small\",\"margin\":\"large\",\"match\":false,\"row_gap\":\"small\"},\"children\":[{\"type\":\"column\",\"props\":{\"image_position\":\"center-center\",\"position_sticky_breakpoint\":\"m\",\"width_medium\":\"1-1\"},\"children\":[{\"type\":\"panel\",\"props\":{\"content_column_breakpoint\":\"m\",\"icon_width\":80,\"image_align\":\"top\",\"image_grid_breakpoint\":\"m\",\"image_grid_width\":\"1-2\",\"image_svg_color\":\"emphasis\",\"link_style\":\"default\",\"link_text\":\"Read more\",\"margin\":\"default\",\"maxwidth\":\"xlarge\",\"meta_align\":\"below-title\",\"meta_element\":\"div\",\"meta_style\":\"text-meta\",\"panel_padding\":\"default\",\"panel_style\":\"tile-secondary\",\"title\":\"Soluciones innovadoras para que su empresa avance\",\"title_align\":\"top\",\"title_element\":\"h1\",\"title_grid_breakpoint\":\"m\",\"title_grid_width\":\"1-2\",\"title_hover_style\":\"reset\",\"title_style\":\"h2\"}}]}]}]},{\"name\":\"About\",\"type\":\"section\",\"props\":{\"animation_delay\":false,\"image_position\":\"center-center\",\"image_size\":\"cover\",\"padding\":\"large\",\"padding_remove_bottom\":false,\"padding_remove_top\":false,\"style\":\"default\",\"title_breakpoint\":\"xl\",\"title_position\":\"top-left\",\"title_rotation\":\"left\",\"vertical_align\":\"middle\",\"width\":\"default\"},\"children\":[{\"type\":\"row\",\"props\":{\"layout\":\"1-3,2-3\",\"margin\":\"xlarge\",\"width\":\"default\"},\"children\":[{\"type\":\"column\",\"props\":{\"image_position\":\"center-center\",\"position_sticky_breakpoint\":\"m\",\"width_medium\":\"1-3\"},\"children\":[{\"type\":\"headline\",\"props\":{\"content\":\"Un poco de historia<br \\\/>detr\\u00e1s de nuestra<br \\\/>Empresa\",\"title_decoration\":\"bullet\",\"title_element\":\"h2\",\"title_style\":\"h3\"}},{\"type\":\"panel\",\"props\":{\"content_column_breakpoint\":\"m\",\"icon_width\":80,\"image\":\"wp-content\\\/uploads\\\/2023\\\/11\\\/RASIM-1.png\",\"image_align\":\"left\",\"image_focal_point\":\"bottom-left\",\"image_grid_breakpoint\":\"\",\"image_grid_column_gap\":\"medium\",\"image_grid_row_gap\":\"medium\",\"image_grid_width\":\"auto\",\"image_height\":\"610\",\"image_link\":true,\"image_loading\":true,\"image_svg_color\":\"emphasis\",\"image_vertical_align\":true,\"image_width\":\"660\",\"link_style\":\"default\",\"link_target\":false,\"link_text\":\"\",\"margin\":\"medium\",\"maxwidth\":\"medium\",\"meta\":\"Fundador y Consejero Delegado\",\"meta_align\":\"below-title\",\"meta_element\":\"div\",\"meta_margin\":\"remove\",\"meta_style\":\"text-meta\",\"text_align\":\"left\",\"title\":\"Sr. Rasim Alizada\",\"title_align\":\"top\",\"title_element\":\"div\",\"title_grid_breakpoint\":\"m\",\"title_grid_width\":\"1-2\",\"title_hover_style\":\"reset\",\"title_link\":true,\"title_style\":\"h5\"}}]},{\"type\":\"column\",\"props\":{\"image_position\":\"center-center\",\"position_sticky_breakpoint\":\"m\",\"width_medium\":\"2-3\"},\"children\":[{\"type\":\"text\",\"props\":{\"column_breakpoint\":\"m\",\"content\":\"\n\n<p>Ha sido un largo viaje desde que se gradu\\u00f3 en la Universidad de Ingenier\\u00eda Civil y Arquitectura en 1992 con honores hasta abrir de cero las cadenas de restaurantes de comida r\\u00e1pida como McDonald's, KFC, Burger King y Pizza Hut en cinco pa\\u00edses diferentes. Esto le proporcion\\u00f3 una enorme experiencia para la creaci\\u00f3n de Crocus Consult. La decisi\\u00f3n de crear una empresa asociada para restaurantes y cafeter\\u00edas fue impulsada principalmente por las necesidades y demandas de franquiciados, altos directivos y propietarios tanto de cadenas de restaurantes de comida r\\u00e1pida como de cafeter\\u00edas y restaurantes individuales. Nuestros clientes eligen nuestros servicios para simplificar la apertura de restaurantes y ahorrar recursos financieros. Actuamos como contratista principal y contratamos a los subcontratistas que sean necesarios en el proyecto. Tambi\\u00e9n lo sabemos casi todo sobre el equipamiento, las instalaciones y el mobiliario de su futuro restaurante. Colaboramos con las principales empresas de construcci\\u00f3n y equipamiento, con las que tenemos importantes descuentos que adem\\u00e1s ponemos a su disposici\\u00f3n. Mi equipo es un gran equipo con el que he estado trabajando durante m\\u00e1s de veinte a\\u00f1os, cada uno de ellos ha sido certificado por los principales proveedores de equipos como Franke, Duke y etc. Tambi\\u00e9n he sido certificado con \\u00e9xito por numerosos cursos y entrenamientos en McDonald's, KFC y Burger King en los \\u00faltimos 20 a\\u00f1os. Uno de nuestros principales objetivos es ahorrar el coste de apertura de un nuevo restaurante sin comprometer la calidad del trabajo realizado y por ello controlamos totalmente todas las etapas de la construcci\\u00f3n y los materiales utilizados. Tambi\\u00e9n nos encargamos del pedido y transporte de FF&amp;E (Mobiliario, Instalaciones y Equipamiento) y posteriormente de la instalaci\\u00f3n y puesta en marcha del nuevo restaurante. En caso de necesidad, nos encargamos anualmente del OS&amp;E (suministros y equipos operativos) para evitar fallos inesperados en el funcionamiento del establecimiento. Tenemos la posibilidad de trabajar en todos los pa\\u00edses de la UE y estamos como Crocus Consult Team siempre dispuestos a apoyarle para hacer crecer su negocio de manera m\\u00e1s eficiente y eficaz.<\\\/p>\",\"dropcap\":false,\"margin\":\"default\"}}]}]},{\"type\":\"row\",\"props\":{\"alignment\":\"center\",\"match\":false,\"vertical_align\":false,\"width\":\"expand\"},\"children\":[{\"type\":\"column\",\"props\":{\"image_position\":\"center-center\",\"position_sticky_breakpoint\":\"m\"},\"children\":[{\"type\":\"slideshow\",\"props\":{\"link_style\":\"default\",\"link_text\":\"Read more\",\"margin\":\"default\",\"meta_align\":\"below-title\",\"meta_element\":\"div\",\"meta_style\":\"text-meta\",\"nav\":\"dotnav\",\"nav_align\":\"center\",\"nav_breakpoint\":\"s\",\"nav_position\":\"bottom-center\",\"nav_position_margin\":\"medium\",\"overlay_animation\":\"parallax\",\"overlay_position\":\"center-left\",\"show_content\":true,\"show_link\":true,\"show_meta\":true,\"show_thumbnail\":true,\"show_title\":true,\"slidenav\":\"default\",\"slidenav_breakpoint\":\"s\",\"slidenav_margin\":\"medium\",\"slidenav_outside_breakpoint\":\"xl\",\"slideshow_autoplay_pause\":true,\"slideshow_min_height\":300,\"thumbnav_height\":\"75\",\"thumbnav_svg_color\":\"emphasis\",\"thumbnav_width\":\"100\",\"title_element\":\"h3\"},\"children\":[{\"type\":\"slideshow_item\",\"props\":{\"image\":\"wp-content\\\/uploads\\\/2023\\\/11\\\/mcd1.png\"}},{\"type\":\"slideshow_item\",\"props\":{\"image\":\"wp-content\\\/uploads\\\/2023\\\/11\\\/IMG_2041.jpg\"}},{\"type\":\"slideshow_item\",\"props\":{\"image\":\"wp-content\\\/uploads\\\/2023\\\/11\\\/333-1.png\"}},{\"type\":\"slideshow_item\",\"props\":{\"image\":\"wp-content\\\/uploads\\\/2023\\\/11\\\/mcdonalds.jpg\"}},{\"type\":\"slideshow_item\",\"props\":{\"image\":\"wp-content\\\/uploads\\\/2023\\\/11\\\/IMG_2027.jpg\"}},{\"type\":\"slideshow_item\",\"props\":{\"image\":\"wp-content\\\/uploads\\\/2023\\\/11\\\/IMG_2044.jpg\"}},{\"type\":\"slideshow_item\",\"props\":{\"image\":\"wp-content\\\/uploads\\\/2023\\\/11\\\/11111.jpg\"}},{\"type\":\"slideshow_item\",\"props\":{\"image\":\"wp-content\\\/uploads\\\/2023\\\/11\\\/IMG_2025.jpg\"}},{\"type\":\"slideshow_item\",\"props\":{\"image\":\"wp-content\\\/uploads\\\/2023\\\/11\\\/IMG_2038.jpg\"}},{\"type\":\"slideshow_item\",\"props\":{\"image\":\"wp-content\\\/uploads\\\/2023\\\/11\\\/2-2.jpg\"}},{\"type\":\"slideshow_item\",\"props\":{\"image\":\"wp-content\\\/uploads\\\/2023\\\/11\\\/6-1.jpg\"}},{\"type\":\"slideshow_item\",\"props\":{\"image\":\"wp-content\\\/uploads\\\/2023\\\/11\\\/8.jpg\"}},{\"type\":\"slideshow_item\",\"props\":{\"image\":\"wp-content\\\/uploads\\\/2023\\\/11\\\/IMG_2043.jpg\"}},{\"type\":\"slideshow_item\",\"props\":{\"image\":\"wp-content\\\/uploads\\\/2023\\\/11\\\/5-1.jpg\"}},{\"type\":\"slideshow_item\",\"props\":{\"image\":\"wp-content\\\/uploads\\\/2023\\\/11\\\/IMG_2050-scaled.jpg\"}},{\"type\":\"slideshow_item\",\"props\":{\"image\":\"wp-content\\\/uploads\\\/2023\\\/11\\\/IMG_2039-scaled.jpg\"}}]}]}]}]},{\"name\":\"Call to action\",\"type\":\"section\",\"props\":{\"image\":\"wp-content\\\/uploads\\\/yootheme\\\/company-cta-bg.jpg\",\"image_position\":\"center-center\",\"image_size\":\"cover\",\"image_width\":\"1560\",\"media_background\":\"rgba(55, 82, 170, 0.9)\",\"media_blend_mode\":\"multiply\",\"media_overlay\":\"rgba(30, 54, 132, 0.89)\",\"padding\":\"large\",\"style\":\"default\",\"text_color\":\"light\",\"title_breakpoint\":\"xl\",\"title_position\":\"top-left\",\"title_rotation\":\"left\",\"vertical_align\":\"middle\",\"width\":\"default\"},\"children\":[{\"type\":\"row\",\"children\":[{\"type\":\"column\",\"props\":{\"image_position\":\"center-center\",\"position_sticky_breakpoint\":\"m\"},\"children\":[{\"type\":\"text\",\"props\":{\"column_breakpoint\":\"m\",\"content\":\"\n\n<h2>Puede encontrarnos en \\u00a0<a href=\\\"https:\\\/\\\/www.linkedin.com\\\/in\\\/rasim-alizada-777r\\\/\\\"><img src=\\\"https:\\\/\\\/crocusconsult.com\\\/wp-content\\\/uploads\\\/2023\\\/12\\\/LinkedIn_icon.svg-150x150.png\\\" alt=\\\"\\\" width=\\\"50\\\" height=\\\"50\\\" class=\\\"alignnone wp-image-2330\\\" \\\/><\\\/a><\\\/h2>\",\"margin\":\"default\"}}]}]}]}],\"version\":\"4.2.0\"} --><\/p>\n","protected":false},"excerpt":{"rendered":"<p>Soluciones innovadoras para que su empresa avance Un poco de historiadetr\u00e1s de nuestraEmpresa Sr. Rasim Alizada Fundador y Consejero Delegado Ha sido un largo viaje desde que se gradu\u00f3 en la Universidad de Ingenier\u00eda Civil y Arquitectura en 1992 con honores hasta abrir de cero las cadenas de restaurantes de comida r\u00e1pida como McDonald&#8217;s, KFC, [&hellip;]<\/p>\n","protected":false},"author":1,"featured_media":0,"parent":0,"menu_order":10,"comment_status":"open","ping_status":"open","template":"","meta":{"footnotes":""},"class_list":["post-2369","page","type-page","status-publish","hentry"],"acf":[],"yoast_head":"<!-- This site is optimized with the Yoast SEO plugin v21.7 - https:\/\/yoast.com\/wordpress\/plugins\/seo\/ -->\n<title>Empresa - Crocus Consult<\/title>\n<meta name=\"robots\" content=\"index, follow, max-snippet:-1, max-image-preview:large, max-video-preview:-1\" \/>\n<link rel=\"canonical\" href=\"https:\/\/crocusconsult.com\/?page_id=2369&lang=es\" \/>\n<meta property=\"og:locale\" content=\"en_US\" \/>\n<meta property=\"og:type\" content=\"article\" \/>\n<meta property=\"og:title\" content=\"Empresa - Crocus Consult\" \/>\n<meta property=\"og:description\" content=\"Soluciones innovadoras para que su empresa avance Un poco de historiadetr\u00e1s de nuestraEmpresa Sr. Rasim Alizada Fundador y Consejero Delegado Ha sido un largo viaje desde que se gradu\u00f3 en la Universidad de Ingenier\u00eda Civil y Arquitectura en 1992 con honores hasta abrir de cero las cadenas de restaurantes de comida r\u00e1pida como McDonald&#8217;s, KFC, [&hellip;]\" \/>\n<meta property=\"og:url\" content=\"https:\/\/crocusconsult.com\/?page_id=2369&amp;lang=es\" \/>\n<meta property=\"og:site_name\" content=\"Crocus Consult\" \/>\n<meta property=\"article:modified_time\" content=\"2023-12-09T13:14:26+00:00\" \/>\n<meta property=\"og:image\" content=\"https:\/\/crocusconsult.com\/wp-content\/uploads\/2023\/12\/LinkedIn_icon.svg-150x150.png\" \/>\n<meta name=\"twitter:card\" content=\"summary_large_image\" \/>\n<meta name=\"twitter:label1\" content=\"Est. reading time\" \/>\n\t<meta name=\"twitter:data1\" content=\"2 minutes\" \/>\n<script type=\"application\/ld+json\" class=\"yoast-schema-graph\">{\"@context\":\"https:\/\/schema.org\",\"@graph\":[{\"@type\":\"WebPage\",\"@id\":\"https:\/\/crocusconsult.com\/?page_id=2369&lang=es\",\"url\":\"https:\/\/crocusconsult.com\/?page_id=2369&lang=es\",\"name\":\"Empresa - Crocus Consult\",\"isPartOf\":{\"@id\":\"https:\/\/crocusconsult.com\/#website\"},\"datePublished\":\"2019-09-02T07:23:45+00:00\",\"dateModified\":\"2023-12-09T13:14:26+00:00\",\"breadcrumb\":{\"@id\":\"https:\/\/crocusconsult.com\/?page_id=2369&lang=es#breadcrumb\"},\"inLanguage\":\"en-US\",\"potentialAction\":[{\"@type\":\"ReadAction\",\"target\":[\"https:\/\/crocusconsult.com\/?page_id=2369&lang=es\"]}]},{\"@type\":\"BreadcrumbList\",\"@id\":\"https:\/\/crocusconsult.com\/?page_id=2369&lang=es#breadcrumb\",\"itemListElement\":[{\"@type\":\"ListItem\",\"position\":1,\"name\":\"Home\",\"item\":\"https:\/\/crocusconsult.com\/\"},{\"@type\":\"ListItem\",\"position\":2,\"name\":\"Empresa\"}]},{\"@type\":\"WebSite\",\"@id\":\"https:\/\/crocusconsult.com\/#website\",\"url\":\"https:\/\/crocusconsult.com\/\",\"name\":\"Crocus Consult\",\"description\":\"\",\"publisher\":{\"@id\":\"https:\/\/crocusconsult.com\/#organization\"},\"potentialAction\":[{\"@type\":\"SearchAction\",\"target\":{\"@type\":\"EntryPoint\",\"urlTemplate\":\"https:\/\/crocusconsult.com\/?s={search_term_string}\"},\"query-input\":\"required name=search_term_string\"}],\"inLanguage\":\"en-US\"},{\"@type\":\"Organization\",\"@id\":\"https:\/\/crocusconsult.com\/#organization\",\"name\":\"Crocus Consult\",\"url\":\"https:\/\/crocusconsult.com\/\",\"logo\":{\"@type\":\"ImageObject\",\"inLanguage\":\"en-US\",\"@id\":\"https:\/\/crocusconsult.com\/#\/schema\/logo\/image\/\",\"url\":\"https:\/\/crocusconsult.com\/wp-content\/uploads\/2023\/11\/LOGO-BEST-1.png\",\"contentUrl\":\"https:\/\/crocusconsult.com\/wp-content\/uploads\/2023\/11\/LOGO-BEST-1.png\",\"width\":400,\"height\":160,\"caption\":\"Crocus Consult\"},\"image\":{\"@id\":\"https:\/\/crocusconsult.com\/#\/schema\/logo\/image\/\"}}]}<\/script>\n<!-- \/ Yoast SEO plugin. -->","yoast_head_json":{"title":"Empresa - Crocus Consult","robots":{"index":"index","follow":"follow","max-snippet":"max-snippet:-1","max-image-preview":"max-image-preview:large","max-video-preview":"max-video-preview:-1"},"canonical":"https:\/\/crocusconsult.com\/?page_id=2369&lang=es","og_locale":"en_US","og_type":"article","og_title":"Empresa - Crocus Consult","og_description":"Soluciones innovadoras para que su empresa avance Un poco de historiadetr\u00e1s de nuestraEmpresa Sr. Rasim Alizada Fundador y Consejero Delegado Ha sido un largo viaje desde que se gradu\u00f3 en la Universidad de Ingenier\u00eda Civil y Arquitectura en 1992 con honores hasta abrir de cero las cadenas de restaurantes de comida r\u00e1pida como McDonald&#8217;s, KFC, [&hellip;]","og_url":"https:\/\/crocusconsult.com\/?page_id=2369&lang=es","og_site_name":"Crocus Consult","article_modified_time":"2023-12-09T13:14:26+00:00","og_image":[{"url":"https:\/\/crocusconsult.com\/wp-content\/uploads\/2023\/12\/LinkedIn_icon.svg-150x150.png"}],"twitter_card":"summary_large_image","twitter_misc":{"Est. reading time":"2 minutes"},"schema":{"@context":"https:\/\/schema.org","@graph":[{"@type":"WebPage","@id":"https:\/\/crocusconsult.com\/?page_id=2369&lang=es","url":"https:\/\/crocusconsult.com\/?page_id=2369&lang=es","name":"Empresa - Crocus Consult","isPartOf":{"@id":"https:\/\/crocusconsult.com\/#website"},"datePublished":"2019-09-02T07:23:45+00:00","dateModified":"2023-12-09T13:14:26+00:00","breadcrumb":{"@id":"https:\/\/crocusconsult.com\/?page_id=2369&lang=es#breadcrumb"},"inLanguage":"en-US","potentialAction":[{"@type":"ReadAction","target":["https:\/\/crocusconsult.com\/?page_id=2369&lang=es"]}]},{"@type":"BreadcrumbList","@id":"https:\/\/crocusconsult.com\/?page_id=2369&lang=es#breadcrumb","itemListElement":[{"@type":"ListItem","position":1,"name":"Home","item":"https:\/\/crocusconsult.com\/"},{"@type":"ListItem","position":2,"name":"Empresa"}]},{"@type":"WebSite","@id":"https:\/\/crocusconsult.com\/#website","url":"https:\/\/crocusconsult.com\/","name":"Crocus Consult","description":"","publisher":{"@id":"https:\/\/crocusconsult.com\/#organization"},"potentialAction":[{"@type":"SearchAction","target":{"@type":"EntryPoint","urlTemplate":"https:\/\/crocusconsult.com\/?s={search_term_string}"},"query-input":"required name=search_term_string"}],"inLanguage":"en-US"},{"@type":"Organization","@id":"https:\/\/crocusconsult.com\/#organization","name":"Crocus Consult","url":"https:\/\/crocusconsult.com\/","logo":{"@type":"ImageObject","inLanguage":"en-US","@id":"https:\/\/crocusconsult.com\/#\/schema\/logo\/image\/","url":"https:\/\/crocusconsult.com\/wp-content\/uploads\/2023\/11\/LOGO-BEST-1.png","contentUrl":"https:\/\/crocusconsult.com\/wp-content\/uploads\/2023\/11\/LOGO-BEST-1.png","width":400,"height":160,"caption":"Crocus Consult"},"image":{"@id":"https:\/\/crocusconsult.com\/#\/schema\/logo\/image\/"}}]}},"_links":{"self":[{"href":"https:\/\/crocusconsult.com\/index.php?rest_route=\/wp\/v2\/pages\/2369","targetHints":{"allow":["GET"]}}],"collection":[{"href":"https:\/\/crocusconsult.com\/index.php?rest_route=\/wp\/v2\/pages"}],"about":[{"href":"https:\/\/crocusconsult.com\/index.php?rest_route=\/wp\/v2\/types\/page"}],"author":[{"embeddable":true,"href":"https:\/\/crocusconsult.com\/index.php?rest_route=\/wp\/v2\/users\/1"}],"replies":[{"embeddable":true,"href":"https:\/\/crocusconsult.com\/index.php?rest_route=%2Fwp%2Fv2%2Fcomments&post=2369"}],"version-history":[{"count":2,"href":"https:\/\/crocusconsult.com\/index.php?rest_route=\/wp\/v2\/pages\/2369\/revisions"}],"predecessor-version":[{"id":2401,"href":"https:\/\/crocusconsult.com\/index.php?rest_route=\/wp\/v2\/pages\/2369\/revisions\/2401"}],"wp:attachment":[{"href":"https:\/\/crocusconsult.com\/index.php?rest_route=%2Fwp%2Fv2%2Fmedia&parent=2369"}],"curies":[{"name":"wp","href":"https:\/\/api.w.org\/{rel}","templated":true}]}}